{"id":37540,"date":"2025-02-20T23:38:13","date_gmt":"2025-02-20T22:38:13","guid":{"rendered":"http:\/\/olemosaic.com\/producto\/iman-de-resina-toros-sevilla\/"},"modified":"2025-07-25T19:28:24","modified_gmt":"2025-07-25T17:28:24","slug":"iman-de-resina-touros-sevilha","status":"publish","type":"product","link":"https:\/\/olemosaic.com\/pt-pt\/produto\/iman-de-resina-touros-sevilha\/","title":{"rendered":"\u00cdman de resina. Touros. Sevilha."},"content":{"rendered":"<p>Este vibrante \u00edman de resina \u00e9 uma recorda\u00e7\u00e3o marcante de Sevilha, concebido com uma imagem impressionante de um touro que captura a ess\u00eancia da cultura andaluza. A pe\u00e7a, que se destaca pela sua t\u00e9cnica de pintura \u00e0 m\u00e3o, exibe um design de mosaico cheio de cor que \u00e9 verdadeiramente cativante. No centro, o touro apresenta-se numa vibrante paleta de cores, onde predominam os verdes, azuis e vermelhos, enquanto no fundo se aprecia uma paisagem ensolarada adornada com um sol radiante e um campo de rosas vermelhas, evocando a alegria e a vitalidade da regi\u00e3o.<\/p>\n<p>A base do \u00edman apresenta a palavra &#8220;Sevilha&#8221; em letras chamativas, o que lhe confere um toque distintivo que o torna ainda mais atraente como recorda\u00e7\u00e3o. Este \u00edman n\u00e3o serve apenas como um acess\u00f3rio pr\u00e1tico para a casa, mas \u00e9 tamb\u00e9m um s\u00edmbolo da rica tradi\u00e7\u00e3o taurina espanhola, uma pr\u00e1tica cultural muito enraizada na vida sevilhana. Al\u00e9m disso, o seu design cativante e a sua autenticidade tornam-no uma excelente op\u00e7\u00e3o para turistas que procuram souvenirs representativos de Sevilha.<\/p>\n<p>Na Ol\u00e9 Mosaic, especializamo-nos na distribui\u00e7\u00e3o por grosso de souvenirs, oferecendo este colorido \u00edman de touro, ideal para lojas de presentes tur\u00edsticos que procuram produtos de qualidade e relev\u00e2ncia cultural. Este \u00edman \u00e9 uma forma perfeita de levar um pedacinho de Sevilha e recordar a vibrante cultura andaluza.<\/p>\n","protected":false},"excerpt":{"rendered":"<p>\u00cdman vibrante, inspirado na cultura sevilhana, que apresenta um touro colorido com um design de mosaico exclusivo. Este produto destaca-se pela sua pintura \u00e0 m\u00e3o, onde se representa um sol radiante e um campo de rosas vermelhas, tudo numa paleta de cores vivas que evoca a ess\u00eancia andaluza. Na base, a palavra &#8220;Sevilha&#8221; exibe letras chamativas, acrescentando um toque distintivo a este atraente souvenir.<\/p>\n","protected":false},"featured_media":14128,"template":"","meta":{"_acf_changed":false},"product_brand":[],"product_cat":[699],"product_tag":[516],"class_list":{"0":"post-37540","1":"product","2":"type-product","3":"status-publish","4":"has-post-thumbnail","6":"product_cat-imanes","7":"product_tag-animais","8":"pa_ciudad-sevilla","9":"pa_motivo-touros","10":"pa_pais-espana","12":"first","13":"instock","14":"shipping-taxable","15":"product-type-simple"},"acf":[],"_links":{"self":[{"href":"https:\/\/olemosaic.com\/pt-pt\/wp-json\/wp\/v2\/product\/37540","targetHints":{"allow":["GET"]}}],"collection":[{"href":"https:\/\/olemosaic.com\/pt-pt\/wp-json\/wp\/v2\/product"}],"about":[{"href":"https:\/\/olemosaic.com\/pt-pt\/wp-json\/wp\/v2\/types\/product"}],"wp:featuredmedia":[{"embeddable":true,"href":"https:\/\/olemosaic.com\/pt-pt\/wp-json\/wp\/v2\/media\/14128"}],"wp:attachment":[{"href":"https:\/\/olemosaic.com\/pt-pt\/wp-json\/wp\/v2\/media?parent=37540"}],"wp:term":[{"taxonomy":"product_brand","embeddable":true,"href":"https:\/\/olemosaic.com\/pt-pt\/wp-json\/wp\/v2\/product_brand?post=37540"},{"taxonomy":"product_cat","embeddable":true,"href":"https:\/\/olemosaic.com\/pt-pt\/wp-json\/wp\/v2\/product_cat?post=37540"},{"taxonomy":"product_tag","embeddable":true,"href":"https:\/\/olemosaic.com\/pt-pt\/wp-json\/wp\/v2\/product_tag?post=37540"}],"curies":[{"name":"wp","href":"https:\/\/api.w.org\/{rel}","templated":true}]}}