{"id":37539,"date":"2025-02-20T23:38:13","date_gmt":"2025-02-20T22:38:13","guid":{"rendered":"http:\/\/olemosaic.com\/producto\/iman-de-resina-toro-y-bailaora-alicante\/"},"modified":"2025-07-25T18:34:31","modified_gmt":"2025-07-25T16:34:31","slug":"iman-de-resina-touro-e-bailarina-alicante","status":"publish","type":"product","link":"https:\/\/olemosaic.com\/pt-pt\/produto\/iman-de-resina-touro-e-bailarina-alicante\/","title":{"rendered":"\u00cdman de resina. Touro e bailarina. Alicante."},"content":{"rendered":"<p>\u00cdman de resina vibrante de Alicante que representa um touro e uma bailarina, uma homenagem tang\u00edvel ao rico patrim\u00f3nio cultural desta ic\u00f3nica regi\u00e3o espanhola. Este \u00edman colorido, com um design que evoca os vitrais, destaca-se pelos seus tons intensos de azul e verde na figura do touro, que simboliza a for\u00e7a e a tradi\u00e7\u00e3o da tauromaquia, enquanto a bailarina, vestida com um elegante e florido traje vermelho, captura a paix\u00e3o e a energia da dan\u00e7a flamenca. As flores no seu vestido real\u00e7am a alegria e o esplendor das festividades de Alicante. Na base do design, a palavra &#8220;Alicante&#8221; apresenta-se em letras azuis, integrando-se na perfei\u00e7\u00e3o na paleta de cores vibrantes e conferindo um toque festivo.<\/p>\n<p>Este \u00edman n\u00e3o \u00e9 apenas um elemento decorativo atraente, mas funciona como um aut\u00eantico souvenir de Alicante, ideal para quem procura levar um fragmento da sua cultura e tradi\u00e7\u00f5es. A sua autenticidade e o cuidado nos detalhes tornam-no uma excelente op\u00e7\u00e3o para lojas de presentes tur\u00edsticos que desejem oferecer produtos que reflitam a ess\u00eancia da regi\u00e3o. Na Ol\u00e9 Mosaic, como grossista de souvenirs, garantimos a qualidade e singularidade de cada pe\u00e7a como parte da nossa ampla cole\u00e7\u00e3o, desenhada especialmente para atrair os turistas que valorizam as recorda\u00e7\u00f5es culturais aut\u00eanticas.<\/p>\n","protected":false},"excerpt":{"rendered":"<p>\u00cdman vibrante que representa um touro e uma bailarina, s\u00edmbolos do patrim\u00f3nio cultural de Alicante. Este design colorido, inspirado nos vitrais, mostra um touro em tons de azul e verde, juntamente com uma bailarina com um elegante vestido vermelho cheio de flores. A palavra &#8220;Alicante&#8221; destaca-se em letras azuis na parte inferior, capturando a ess\u00eancia festiva da regi\u00e3o num souvenir ideal para decorar qualquer canto.<\/p>\n","protected":false},"featured_media":14127,"template":"","meta":{"_acf_changed":false},"product_brand":[],"product_cat":[699],"product_tag":[516],"class_list":{"0":"post-37539","1":"product","2":"type-product","3":"status-publish","4":"has-post-thumbnail","6":"product_cat-imanes","7":"product_tag-animais","8":"pa_ciudad-alicante","9":"pa_motivo-touros","10":"pa_pais-espana","12":"first","13":"instock","14":"shipping-taxable","15":"product-type-simple"},"acf":[],"_links":{"self":[{"href":"https:\/\/olemosaic.com\/pt-pt\/wp-json\/wp\/v2\/product\/37539","targetHints":{"allow":["GET"]}}],"collection":[{"href":"https:\/\/olemosaic.com\/pt-pt\/wp-json\/wp\/v2\/product"}],"about":[{"href":"https:\/\/olemosaic.com\/pt-pt\/wp-json\/wp\/v2\/types\/product"}],"wp:featuredmedia":[{"embeddable":true,"href":"https:\/\/olemosaic.com\/pt-pt\/wp-json\/wp\/v2\/media\/14127"}],"wp:attachment":[{"href":"https:\/\/olemosaic.com\/pt-pt\/wp-json\/wp\/v2\/media?parent=37539"}],"wp:term":[{"taxonomy":"product_brand","embeddable":true,"href":"https:\/\/olemosaic.com\/pt-pt\/wp-json\/wp\/v2\/product_brand?post=37539"},{"taxonomy":"product_cat","embeddable":true,"href":"https:\/\/olemosaic.com\/pt-pt\/wp-json\/wp\/v2\/product_cat?post=37539"},{"taxonomy":"product_tag","embeddable":true,"href":"https:\/\/olemosaic.com\/pt-pt\/wp-json\/wp\/v2\/product_tag?post=37539"}],"curies":[{"name":"wp","href":"https:\/\/api.w.org\/{rel}","templated":true}]}}