{"id":37538,"date":"2025-02-20T23:38:13","date_gmt":"2025-02-20T22:38:13","guid":{"rendered":"http:\/\/olemosaic.com\/producto\/iman-de-resina-salamandra-y-flores-lanzarote-2\/"},"modified":"2025-07-25T18:54:15","modified_gmt":"2025-07-25T16:54:15","slug":"iman-de-resina-salamandra-e-flores-lanzarote-2","status":"publish","type":"product","link":"https:\/\/olemosaic.com\/pt-pt\/produto\/iman-de-resina-salamandra-e-flores-lanzarote-2\/","title":{"rendered":"\u00cdman de resina. Salamandra e flores. Lanzarote. Forma de leque."},"content":{"rendered":"<p>\u00cdman de resina de salamandra e flores de Lanzarote<\/p>\n<p>Este \u00edman de resina representa uma vibrante salamandra e flores, capturando a ess\u00eancia da exuberante natureza de Lanzarote. O seu design, em forma de leque, apresenta uma colorida ilustra\u00e7\u00e3o que se destaca sobre um fundo de mosaico branco, criando um contraste atraente e cheio de energia. As salamandras, pintadas em tons vermelhos e verdes, parecem ganhar vida, brincando entre encantadoras flores que adornam a borda do \u00edman, acrescentando um toque de frescura e alegria a qualquer espa\u00e7o. A palavra &#8220;LANZAROTE&#8221;, em letras chamativas e coloridas, real\u00e7a a liga\u00e7\u00e3o direta com esta ic\u00f3nica ilha can\u00e1ria, conhecida pela sua paisagem vulc\u00e2nica \u00fanica e pela sua rica biodiversidade.<\/p>\n<p>Este \u00edman n\u00e3o \u00e9 apenas uma recorda\u00e7\u00e3o funcional, mas tamb\u00e9m simboliza a riqueza cultural e natural de Lanzarote, tornando-se um excelente souvenir para turistas que procuram uma pe\u00e7a aut\u00eantica que reflita a magia da ilha. Na Ol\u00e9 Mosaic, como grossistas de souvenirs, oferecemos este \u00edman de resina como uma op\u00e7\u00e3o ideal para lojas de presentes tur\u00edsticos que procuram produtos que capturem a ess\u00eancia do destino. Este \u00edman de salamandra \u00e9 uma representa\u00e7\u00e3o perfeita do folclore e da arte local, sendo uma op\u00e7\u00e3o imprescind\u00edvel para quem deseja levar um peda\u00e7o de Lanzarote em forma de recorda\u00e7\u00e3o.<\/p>\n","protected":false},"excerpt":{"rendered":"<p>\u00cdman que representa uma salamandra colorida e flores, inspirado na vibrante natureza de Lanzarote. Este \u00edman, com um design em forma de leque, apresenta motivos florais e duas salamandras em tons de vermelho e verde, que se destacam sobre um fundo branco com efeito mosaico. Com a palavra &#8220;LANZAROTE&#8221; escrita em letras chamativas, \u00e9 uma recorda\u00e7\u00e3o ideal que captura a ess\u00eancia art\u00edstica e o colorido desta ilha can\u00e1ria.<\/p>\n","protected":false},"featured_media":14126,"template":"","meta":{"_acf_changed":false},"product_brand":[],"product_cat":[699],"product_tag":[516],"class_list":{"0":"post-37538","1":"product","2":"type-product","3":"status-publish","4":"has-post-thumbnail","6":"product_cat-imanes","7":"product_tag-animais","8":"pa_ciudad-lanzarote","9":"pa_motivo-salamandras","10":"pa_pais-espana","12":"first","13":"instock","14":"shipping-taxable","15":"product-type-simple"},"acf":[],"_links":{"self":[{"href":"https:\/\/olemosaic.com\/pt-pt\/wp-json\/wp\/v2\/product\/37538","targetHints":{"allow":["GET"]}}],"collection":[{"href":"https:\/\/olemosaic.com\/pt-pt\/wp-json\/wp\/v2\/product"}],"about":[{"href":"https:\/\/olemosaic.com\/pt-pt\/wp-json\/wp\/v2\/types\/product"}],"wp:featuredmedia":[{"embeddable":true,"href":"https:\/\/olemosaic.com\/pt-pt\/wp-json\/wp\/v2\/media\/14126"}],"wp:attachment":[{"href":"https:\/\/olemosaic.com\/pt-pt\/wp-json\/wp\/v2\/media?parent=37538"}],"wp:term":[{"taxonomy":"product_brand","embeddable":true,"href":"https:\/\/olemosaic.com\/pt-pt\/wp-json\/wp\/v2\/product_brand?post=37538"},{"taxonomy":"product_cat","embeddable":true,"href":"https:\/\/olemosaic.com\/pt-pt\/wp-json\/wp\/v2\/product_cat?post=37538"},{"taxonomy":"product_tag","embeddable":true,"href":"https:\/\/olemosaic.com\/pt-pt\/wp-json\/wp\/v2\/product_tag?post=37538"}],"curies":[{"name":"wp","href":"https:\/\/api.w.org\/{rel}","templated":true}]}}