{"id":37537,"date":"2025-02-20T23:38:13","date_gmt":"2025-02-20T22:38:13","guid":{"rendered":"http:\/\/olemosaic.com\/producto\/iman-de-resina-patio-sevilla\/"},"modified":"2025-07-25T18:41:09","modified_gmt":"2025-07-25T16:41:09","slug":"iman-de-resina-patio-sevilha","status":"publish","type":"product","link":"https:\/\/olemosaic.com\/pt-pt\/produto\/iman-de-resina-patio-sevilha\/","title":{"rendered":"\u00cdman de resina. P\u00e1tio. Sevilha."},"content":{"rendered":"<p>\u00cdman de resina que representa um vibrante p\u00e1tio andaluz em Sevilha. Este colorido \u00edman \u00e9 uma aut\u00eantica homenagem \u00e0 ess\u00eancia festiva da capital andaluza, concebido para capturar a vivacidade e o encanto da cultura flamenca. A pe\u00e7a mostra uma encantadora bailarina com um deslumbrante vestido de bolinhas vermelhas que, juntamente com uma flor no cabelo, simboliza a alegria e o esp\u00edrito do flamenco. A sua dan\u00e7a \u00e9 complementada por um elegante bailarino com chap\u00e9u, criando um duo perfeito de tradi\u00e7\u00e3o e arte.<\/p>\n<p>O design destaca elementos t\u00edpicos de um p\u00e1tio andaluz: uma guitarra, juntamente com vasos coloridos cheios de flores e um candeeiro que confere um toque rom\u00e2ntico. Os azulejos decorativos que formam o fundo acrescentam um toque distintivo, evocando a arquitetura caracter\u00edstica de Sevilha e o seu ambiente vibrante. Na parte inferior, o nome &#8220;Sevilha&#8221; destaca-se com uma tipografia festiva, tornando este \u00edman uma recorda\u00e7\u00e3o muito especial.<\/p>\n<p>Este \u00edman de resina \u00e9 uma op\u00e7\u00e3o ideal para turistas que procuram um souvenir aut\u00eantico e atraente que reflita a riqueza cultural andaluza. Na Ol\u00e9 Mosaic, especialistas na distribui\u00e7\u00e3o de souvenirs por grosso, oferecemos este \u00edman de Sevilha como um produto representativo da tradi\u00e7\u00e3o espanhola, perfeito para lojas de presentes tur\u00edsticos que desejam deliciar os seus clientes com aut\u00eanticas recorda\u00e7\u00f5es da regi\u00e3o e capturar la ess\u00eancia da arte flamenca.<\/p>\n","protected":false},"excerpt":{"rendered":"<p>\u00cdman que representa um vibrante p\u00e1tio andaluz de Sevilha. Este colorido \u00edman mostra uma bailarina de flamenco com um vestido de bolinhas vermelhas e uma flor no cabelo, juntamente com um bailarino de chap\u00e9u. O design inclui uma guitarra e vasos com flores num ambiente de azulejos, evocando a ess\u00eancia festiva da cidade. Na parte inferior, destaca-se o nome &#8220;Sevilha&#8221;, acrescentando um toque distintivo a este encantador souvenir.<\/p>\n","protected":false},"featured_media":14125,"template":"","meta":{"_acf_changed":false},"product_brand":[],"product_cat":[699],"product_tag":[],"class_list":{"0":"post-37537","1":"product","2":"type-product","3":"status-publish","4":"has-post-thumbnail","6":"product_cat-imanes","7":"pa_ciudad-sevilla","8":"pa_motivo-patios","9":"pa_pais-espana","11":"first","12":"instock","13":"shipping-taxable","14":"product-type-simple"},"acf":[],"_links":{"self":[{"href":"https:\/\/olemosaic.com\/pt-pt\/wp-json\/wp\/v2\/product\/37537","targetHints":{"allow":["GET"]}}],"collection":[{"href":"https:\/\/olemosaic.com\/pt-pt\/wp-json\/wp\/v2\/product"}],"about":[{"href":"https:\/\/olemosaic.com\/pt-pt\/wp-json\/wp\/v2\/types\/product"}],"wp:featuredmedia":[{"embeddable":true,"href":"https:\/\/olemosaic.com\/pt-pt\/wp-json\/wp\/v2\/media\/14125"}],"wp:attachment":[{"href":"https:\/\/olemosaic.com\/pt-pt\/wp-json\/wp\/v2\/media?parent=37537"}],"wp:term":[{"taxonomy":"product_brand","embeddable":true,"href":"https:\/\/olemosaic.com\/pt-pt\/wp-json\/wp\/v2\/product_brand?post=37537"},{"taxonomy":"product_cat","embeddable":true,"href":"https:\/\/olemosaic.com\/pt-pt\/wp-json\/wp\/v2\/product_cat?post=37537"},{"taxonomy":"product_tag","embeddable":true,"href":"https:\/\/olemosaic.com\/pt-pt\/wp-json\/wp\/v2\/product_tag?post=37537"}],"curies":[{"name":"wp","href":"https:\/\/api.w.org\/{rel}","templated":true}]}}