{"id":37536,"date":"2025-02-20T23:38:12","date_gmt":"2025-02-20T22:38:12","guid":{"rendered":"http:\/\/olemosaic.com\/producto\/iman-de-resina-patio-malaga\/"},"modified":"2025-07-25T18:46:58","modified_gmt":"2025-07-25T16:46:58","slug":"iman-de-resina-patio-malaga-pt-pt","status":"publish","type":"product","link":"https:\/\/olemosaic.com\/pt-pt\/produto\/iman-de-resina-patio-malaga-pt-pt\/","title":{"rendered":"\u00cdman de resina. P\u00e1tio. M\u00e1laga."},"content":{"rendered":"<p>Este \u00edman de resina representa um vibrante p\u00e1tio andaluz de M\u00e1laga, captando a ess\u00eancia do folclore local numa pe\u00e7a decorativa ideal para qualquer amante da cultura espanhola. Com um design colorido, o \u00edman mostra uma bailarina vestida com o seu caracter\u00edstico traje de bolinhas vermelhas, acompanhada por um elegante bailarino que reflete o dinamismo e a alegria do flamenco em pleno movimento. O fundo do \u00edman evoca as tradicionais azulejarias andaluzas atrav\u00e9s de um mosaico que combina cores vivas e formas geom\u00e9tricas, proporcionando um contraste art\u00edstico que real\u00e7a as figuras centrais. Destacam-se tamb\u00e9m os vasos com flores que adornam o p\u00e1tio, conferindo frescura e um toque aut\u00eantico \u00e0 representa\u00e7\u00e3o.<\/p>\n<p>A palavra &#8220;M\u00c1LAGA&#8221; aparece num design alegre e atraente, tornando este \u00edman numa recorda\u00e7\u00e3o emblem\u00e1tica da cidade. N\u00e3o \u00e9 apenas um adorno encantador para frigor\u00edficos e superf\u00edcies met\u00e1licas, mas tamb\u00e9m evoca o calor e o esp\u00edrito festivo da Andaluzia. Este \u00edman \u00e9 um souvenir ideal para turistas que procuram levar um pedacinho da cultura andaluza, o que o torna numa op\u00e7\u00e3o perfeita para lojas de presentes tur\u00edsticos. Na Ol\u00e9 Mosaic, como distribuidores de souvenirs de M\u00e1laga, garantimos produtos aut\u00eanticos e representativos que captam a tradi\u00e7\u00e3o e a arte de Espanha em cada detalhe.<\/p>\n","protected":false},"excerpt":{"rendered":"<p>\u00cdman que representa um vibrante p\u00e1tio andaluz de M\u00e1laga. Este colorido \u00edman mostra uma bailarina e um bailarino de flamenco em pleno movimento, rodeados de vasos com flores e adornos t\u00edpicos. O fundo apresenta um mosaico que evoca as azulejarias da regi\u00e3o, enquanto a palavra &#8220;M\u00c1LAGA&#8221; se destaca com um design alegre. Ideal para recordar o calor e o esp\u00edrito festivo da Andaluzia em qualquer superf\u00edcie met\u00e1lica.<\/p>\n","protected":false},"featured_media":14124,"template":"","meta":{"_acf_changed":false},"product_brand":[],"product_cat":[699],"product_tag":[],"class_list":{"0":"post-37536","1":"product","2":"type-product","3":"status-publish","4":"has-post-thumbnail","6":"product_cat-imanes","7":"pa_ciudad-malaga","8":"pa_motivo-patios","9":"pa_pais-espana","11":"first","12":"instock","13":"shipping-taxable","14":"product-type-simple"},"acf":[],"_links":{"self":[{"href":"https:\/\/olemosaic.com\/pt-pt\/wp-json\/wp\/v2\/product\/37536","targetHints":{"allow":["GET"]}}],"collection":[{"href":"https:\/\/olemosaic.com\/pt-pt\/wp-json\/wp\/v2\/product"}],"about":[{"href":"https:\/\/olemosaic.com\/pt-pt\/wp-json\/wp\/v2\/types\/product"}],"wp:featuredmedia":[{"embeddable":true,"href":"https:\/\/olemosaic.com\/pt-pt\/wp-json\/wp\/v2\/media\/14124"}],"wp:attachment":[{"href":"https:\/\/olemosaic.com\/pt-pt\/wp-json\/wp\/v2\/media?parent=37536"}],"wp:term":[{"taxonomy":"product_brand","embeddable":true,"href":"https:\/\/olemosaic.com\/pt-pt\/wp-json\/wp\/v2\/product_brand?post=37536"},{"taxonomy":"product_cat","embeddable":true,"href":"https:\/\/olemosaic.com\/pt-pt\/wp-json\/wp\/v2\/product_cat?post=37536"},{"taxonomy":"product_tag","embeddable":true,"href":"https:\/\/olemosaic.com\/pt-pt\/wp-json\/wp\/v2\/product_tag?post=37536"}],"curies":[{"name":"wp","href":"https:\/\/api.w.org\/{rel}","templated":true}]}}