{"id":37534,"date":"2025-02-20T23:38:12","date_gmt":"2025-02-20T22:38:12","guid":{"rendered":"http:\/\/olemosaic.com\/producto\/iman-de-resina-gato-mallorca-75-cm\/"},"modified":"2025-07-25T19:51:44","modified_gmt":"2025-07-25T17:51:44","slug":"iman-de-resina-gato-maiorca-7-5-cm","status":"publish","type":"product","link":"https:\/\/olemosaic.com\/pt-pt\/produto\/iman-de-resina-gato-maiorca-7-5-cm\/","title":{"rendered":"\u00cdman de resina. Gato. Maiorca. 7,5 cm."},"content":{"rendered":"<p>\u00cdman de resina com um gato colorido de Maiorca<\/p>\n<p>Este encantador \u00edman de resina capta a ess\u00eancia vibrante de Maiorca atrav\u00e9s do seu design art\u00edstico e culturalmente significativo. Com os seus 7,5 cm de tamanho, apresenta a figura de um gato, uma representa\u00e7\u00e3o tradicional que evoca a curiosidade e a alegria da vida mediterr\u00e2nica. O gato est\u00e1 decorado com um design de mosaico numa explos\u00e3o de tons azuis, vermelhos e amarelos que evocam a arte cer\u00e2mica caracter\u00edstica da ilha. A base do \u00edman \u00e9 adornada com um fundo cinzento que simula uma superf\u00edcie de mosaico, criando um efeito visual cativante que recorda as t\u00e9cnicas artesanais pr\u00f3prias da regi\u00e3o.<\/p>\n<p>A palavra &#8220;MAIORCA&#8221;, impressa em cores brilhantes, confere um toque distintivo e refor\u00e7a o sentido de perten\u00e7a cultural do produto. Este \u00edman n\u00e3o \u00e9 apenas uma decora\u00e7\u00e3o funcional para a casa, mas um aut\u00eantico souvenir que celebra a rica heran\u00e7a art\u00edstica de Maiorca, tornando-o numa recorda\u00e7\u00e3o perfeita para turistas que procuram levar um peda\u00e7o da ilha. Na Ol\u00e9 Mosaic, somos distribuidores de souvenirs aut\u00eanticos, e este \u00edman \u00e9 uma excelente op\u00e7\u00e3o para lojas de presentes tur\u00edsticos que desejem oferecer produtos que reflitam a cultura e a arte local. Com a sua mistura de cor e design, este \u00edman de gato colorido \u00e9 o presente ideal para os amantes de Maiorca e do seu vibrante patrim\u00f3nio cultural.<\/p>\n","protected":false},"excerpt":{"rendered":"<p>\u00cdman com a figura de um gato colorido, um design t\u00edpico da cultura maiorquina. Com um tamanho de 7,5 cm, este \u00edman destaca-se pelo seu design de mosaico em tons vibrantes de azul, vermelho e amarelo, evocando a arte e a tradi\u00e7\u00e3o da ilha. A figura do gato ergue-se sobre um fundo cinzento com detalhes que simulam um mosaico de cer\u00e2mica, o que o torna numa atraente recorda\u00e7\u00e3o que capta a ess\u00eancia mediterr\u00e2nica. A palavra &#8220;MAIORCA&#8221; \u00e9 impressa em cores, real\u00e7ando o seu car\u00e1cter distintivo.<\/p>\n","protected":false},"featured_media":14122,"template":"","meta":{"_acf_changed":false},"product_brand":[],"product_cat":[699],"product_tag":[516],"class_list":{"0":"post-37534","1":"product","2":"type-product","3":"status-publish","4":"has-post-thumbnail","6":"product_cat-imanes","7":"product_tag-animais","8":"pa_ciudad-mallorca","9":"pa_motivo-gatos","10":"pa_pais-espana","12":"first","13":"instock","14":"shipping-taxable","15":"product-type-simple"},"acf":[],"_links":{"self":[{"href":"https:\/\/olemosaic.com\/pt-pt\/wp-json\/wp\/v2\/product\/37534","targetHints":{"allow":["GET"]}}],"collection":[{"href":"https:\/\/olemosaic.com\/pt-pt\/wp-json\/wp\/v2\/product"}],"about":[{"href":"https:\/\/olemosaic.com\/pt-pt\/wp-json\/wp\/v2\/types\/product"}],"wp:featuredmedia":[{"embeddable":true,"href":"https:\/\/olemosaic.com\/pt-pt\/wp-json\/wp\/v2\/media\/14122"}],"wp:attachment":[{"href":"https:\/\/olemosaic.com\/pt-pt\/wp-json\/wp\/v2\/media?parent=37534"}],"wp:term":[{"taxonomy":"product_brand","embeddable":true,"href":"https:\/\/olemosaic.com\/pt-pt\/wp-json\/wp\/v2\/product_brand?post=37534"},{"taxonomy":"product_cat","embeddable":true,"href":"https:\/\/olemosaic.com\/pt-pt\/wp-json\/wp\/v2\/product_cat?post=37534"},{"taxonomy":"product_tag","embeddable":true,"href":"https:\/\/olemosaic.com\/pt-pt\/wp-json\/wp\/v2\/product_tag?post=37534"}],"curies":[{"name":"wp","href":"https:\/\/api.w.org\/{rel}","templated":true}]}}