{"id":37533,"date":"2025-02-20T23:38:12","date_gmt":"2025-02-20T22:38:12","guid":{"rendered":"http:\/\/olemosaic.com\/producto\/iman-de-resina-camino-de-santiago-2\/"},"modified":"2025-07-25T20:08:20","modified_gmt":"2025-07-25T18:08:20","slug":"iman-de-resina-caminho-de-santiago-concha-de-peregrino","status":"publish","type":"product","link":"https:\/\/olemosaic.com\/pt-pt\/produto\/iman-de-resina-caminho-de-santiago-concha-de-peregrino\/","title":{"rendered":"\u00cdman de resina. Caminho de Santiago. Concha de peregrino."},"content":{"rendered":"<p>\u00cdman de resina do Caminho de Santiago. Este colorido \u00edman \u00e9 uma representa\u00e7\u00e3o v\u00edvida do emblem\u00e1tico Caminho de Santiago, que capta a sua ess\u00eancia numa pe\u00e7a funcional e decorativa. A ilustra\u00e7\u00e3o destaca a majestosa Catedral de Santiago de Compostela, com as suas imponentes torres e detalhes arquitet\u00f3nicos que evocam a rica hist\u00f3ria deste monumento declarado Patrim\u00f3nio da Humanidade. Em primeiro plano, a ic\u00f3nica concha do peregrino simboliza a travessia de milhares de caminhantes que chegam a este importante destino. Com uma vibrante paleta de cores, o design tamb\u00e9m inclui uma paisagem verde que representa a beleza natural do percurso, complementada por um sol radiante que ilumina a cena.<\/p>\n<p>Adicionalmente, o \u00edman apresenta um peregrino com o seu cajado e mochila, um elemento ic\u00f3nico que reflete a experi\u00eancia espiritual e pessoal do caminho. Com o texto &#8220;CAMINHO DE SANTIAGO&#8221; destacado em letras chamativas, esta pe\u00e7a \u00e9 uma aut\u00eantica recorda\u00e7\u00e3o cultural que celebra a tradi\u00e7\u00e3o da peregrina\u00e7\u00e3o. Perfeito como souvenir de Santiago, este \u00edman \u00e9 uma excelente ideia para turistas que procuram levar um peda\u00e7o desta significativa rota. Na Ol\u00e9 Mosaic, como distribuidores de souvenirs por grosso, oferecemos produtos que representam a autenticidade e o valor cultural de Espanha, o que o torna ideal para lojas de presentes tur\u00edsticos que procurem artigos \u00fanicos e representativos.<\/p>\n","protected":false},"excerpt":{"rendered":"<p>\u00cdman que representa o famoso Caminho de Santiago. Este colorido \u00edman capta a ess\u00eancia da rota, com ilustra\u00e7\u00f5es ic\u00f3nicas como a Catedral de Santiago e o tradicional s\u00edmbolo do peregrino, adornado com a concha. As cores vibrantes e o design detalhado tornam-no numa recorda\u00e7\u00e3o perfeita, ideal para os amantes da cultura e do patrim\u00f3nio espanhol. Um artigo decorativo que confere um toque de hist\u00f3ria e aventura a qualquer frigor\u00edfico.<\/p>\n","protected":false},"featured_media":14121,"template":"","meta":{"_acf_changed":false},"product_brand":[],"product_cat":[699],"product_tag":[],"class_list":{"0":"post-37533","1":"product","2":"type-product","3":"status-publish","4":"has-post-thumbnail","6":"product_cat-imanes","7":"pa_ciudad-santiago","8":"pa_pais-espana","10":"first","11":"instock","12":"shipping-taxable","13":"product-type-simple"},"acf":[],"_links":{"self":[{"href":"https:\/\/olemosaic.com\/pt-pt\/wp-json\/wp\/v2\/product\/37533","targetHints":{"allow":["GET"]}}],"collection":[{"href":"https:\/\/olemosaic.com\/pt-pt\/wp-json\/wp\/v2\/product"}],"about":[{"href":"https:\/\/olemosaic.com\/pt-pt\/wp-json\/wp\/v2\/types\/product"}],"wp:featuredmedia":[{"embeddable":true,"href":"https:\/\/olemosaic.com\/pt-pt\/wp-json\/wp\/v2\/media\/14121"}],"wp:attachment":[{"href":"https:\/\/olemosaic.com\/pt-pt\/wp-json\/wp\/v2\/media?parent=37533"}],"wp:term":[{"taxonomy":"product_brand","embeddable":true,"href":"https:\/\/olemosaic.com\/pt-pt\/wp-json\/wp\/v2\/product_brand?post=37533"},{"taxonomy":"product_cat","embeddable":true,"href":"https:\/\/olemosaic.com\/pt-pt\/wp-json\/wp\/v2\/product_cat?post=37533"},{"taxonomy":"product_tag","embeddable":true,"href":"https:\/\/olemosaic.com\/pt-pt\/wp-json\/wp\/v2\/product_tag?post=37533"}],"curies":[{"name":"wp","href":"https:\/\/api.w.org\/{rel}","templated":true}]}}