{"id":37532,"date":"2025-02-20T23:38:11","date_gmt":"2025-02-20T22:38:11","guid":{"rendered":"http:\/\/olemosaic.com\/producto\/iman-de-resina-toro-malaga-75-cm\/"},"modified":"2025-07-25T20:27:17","modified_gmt":"2025-07-25T18:27:17","slug":"iman-de-resina-touro-malaga-7-5-cm","status":"publish","type":"product","link":"https:\/\/olemosaic.com\/pt-pt\/produto\/iman-de-resina-touro-malaga-7-5-cm\/","title":{"rendered":"\u00cdman de resina. Touro. M\u00e1laga. 7,5 cm."},"content":{"rendered":"<p>Este \u00edman de resina, que representa dois touros, \u00e9 uma pe\u00e7a cativante que reflete a ess\u00eancia vibrante de M\u00e1laga. Com os seus 7,5 cm, este \u00edman destaca-se pelo seu design colorido e art\u00edstico, evocando as tradi\u00e7\u00f5es culturais espanholas. Cada touro, pintado com uma explos\u00e3o de cores que incluem vermelho, azul, verde e amarelo, sobressai gra\u00e7as a um acabamento que imita um mosaico, atraindo todos os olhares. A palavra &#8220;M\u00c1LAGA&#8221; apresenta-se em letras multicoloridas, o que confere um toque divertido e atraente ao design.<\/p>\n<p>O fundo de azulejos que rodeia os touros n\u00e3o s\u00f3 confere profundidade ao \u00edman, como tamb\u00e9m liga \u00e0 heran\u00e7a andaluza da cer\u00e2mica e da arte do mosaico. Este souvenir n\u00e3o \u00e9 apenas uma recorda\u00e7\u00e3o da sua visita, mas uma representa\u00e7\u00e3o aut\u00eantica da cultura malaguenha, onde os touros s\u00e3o s\u00edmbolos da tradi\u00e7\u00e3o e do folclore espanhol. Ideal como presente para amigos e familiares ou para decorar a sua casa, este \u00edman \u00e9 um s\u00edmbolo perfeito da rica heran\u00e7a cultural da Andaluzia.<\/p>\n<p>Na Ol\u00e9 Mosaic, especializados na distribui\u00e7\u00e3o de souvenirs por grosso, oferecemos produtos aut\u00eanticos e representativos da tradi\u00e7\u00e3o espanhola. Este \u00edman de touros \u00e9 uma excelente op\u00e7\u00e3o para lojas de presentes tur\u00edsticos que procuram artigos de qualidade e relev\u00e2ncia cultural.<\/p>\n","protected":false},"excerpt":{"rendered":"<p>\u00cdman que representa dois touros, s\u00edmbolos da cultura espanhola, num design vibrante e colorido. Com 7,5 cm de tamanho, este \u00edman de M\u00e1laga apresenta um acabamento que evoca um mosaico, onde os tons vermelho, azul, verde e amarelo se entrela\u00e7am, criando uma imagem chamativa e art\u00edstica. A palavra &#8220;M\u00c1LAGA&#8221; aparece em letras multicoloridas sobre um fundo de azulejos que real\u00e7a a ess\u00eancia da regi\u00e3o. Ideal para recordar a sua visita ou como presente aut\u00eantico da Andaluzia.<\/p>\n","protected":false},"featured_media":14120,"template":"","meta":{"_acf_changed":false},"product_brand":[],"product_cat":[699],"product_tag":[516],"class_list":{"0":"post-37532","1":"product","2":"type-product","3":"status-publish","4":"has-post-thumbnail","6":"product_cat-imanes","7":"product_tag-animais","8":"pa_ciudad-malaga","9":"pa_motivo-touros","10":"pa_pais-espana","12":"first","13":"instock","14":"shipping-taxable","15":"product-type-simple"},"acf":[],"_links":{"self":[{"href":"https:\/\/olemosaic.com\/pt-pt\/wp-json\/wp\/v2\/product\/37532","targetHints":{"allow":["GET"]}}],"collection":[{"href":"https:\/\/olemosaic.com\/pt-pt\/wp-json\/wp\/v2\/product"}],"about":[{"href":"https:\/\/olemosaic.com\/pt-pt\/wp-json\/wp\/v2\/types\/product"}],"wp:featuredmedia":[{"embeddable":true,"href":"https:\/\/olemosaic.com\/pt-pt\/wp-json\/wp\/v2\/media\/14120"}],"wp:attachment":[{"href":"https:\/\/olemosaic.com\/pt-pt\/wp-json\/wp\/v2\/media?parent=37532"}],"wp:term":[{"taxonomy":"product_brand","embeddable":true,"href":"https:\/\/olemosaic.com\/pt-pt\/wp-json\/wp\/v2\/product_brand?post=37532"},{"taxonomy":"product_cat","embeddable":true,"href":"https:\/\/olemosaic.com\/pt-pt\/wp-json\/wp\/v2\/product_cat?post=37532"},{"taxonomy":"product_tag","embeddable":true,"href":"https:\/\/olemosaic.com\/pt-pt\/wp-json\/wp\/v2\/product_tag?post=37532"}],"curies":[{"name":"wp","href":"https:\/\/api.w.org\/{rel}","templated":true}]}}