{"id":37531,"date":"2025-02-20T23:38:11","date_gmt":"2025-02-20T22:38:11","guid":{"rendered":"http:\/\/olemosaic.com\/producto\/iman-de-resina-toro-alicante-75-cm\/"},"modified":"2025-07-25T18:42:58","modified_gmt":"2025-07-25T16:42:58","slug":"iman-de-resina-touro-alicante-7-5-cm","status":"publish","type":"product","link":"https:\/\/olemosaic.com\/pt-pt\/produto\/iman-de-resina-touro-alicante-7-5-cm\/","title":{"rendered":"\u00cdman de resina. Touro. Alicante. 7,5 cm."},"content":{"rendered":"<p>Este \u00edman de resina, que representa dois touros, \u00e9 uma encantadora recorda\u00e7\u00e3o de Alicante que capta a vibrante ess\u00eancia da cultura espanhola. Com dimens\u00f5es de 7,5 cm, este atraente \u00edman destaca-se pelo seu colorido design em forma de mosaico, que utiliza uma paleta de tons vibrantes como o azul, o vermelho, o verde e o amarelo. Os touros, s\u00edmbolos emblem\u00e1ticos da regi\u00e3o, est\u00e3o meticulosamente adornados com olhos expressivos, o que acrescenta um toque de dinamismo \u00e0 pe\u00e7a e evoca a for\u00e7a e o car\u00e1ter da festa taurom\u00e1quica. A palavra &#8220;Alicante&#8221; aparece numa fonte chamativa e multicolorida que complementa na perfei\u00e7\u00e3o esta pe\u00e7a decorativa, convidando todos a celebrar a heran\u00e7a cultural da cidade.<\/p>\n<p>Este \u00edman n\u00e3o serve apenas como uma recorda\u00e7\u00e3o funcional e atraente, mas tamb\u00e9m atua como testemunho das tradi\u00e7\u00f5es locais, como as festas e as corridas de touros, que tiveram um papel significativo na hist\u00f3ria de Alicante. Na Ol\u00e9 Mosaic, especializamo-nos na distribui\u00e7\u00e3o de souvenirs por grosso, oferecendo produtos aut\u00eanticos que refletem a rica cultura espanhola. Este \u00edman de touros \u00e9 uma excelente op\u00e7\u00e3o para lojas de presentes tur\u00edsticos que procuram artigos distintivos e representativos, tornando-o a recorda\u00e7\u00e3o perfeita tanto para turistas como para colecionadores.<\/p>\n","protected":false},"excerpt":{"rendered":"<p>\u00cdman que representa dois touros, um s\u00edmbolo emblem\u00e1tico de Alicante. Este atraente \u00edman, de 7,5 cm, destaca-se pelo seu design colorido em forma de mosaico, com tons vibrantes como azul, vermelho, verde e amarelo. Os touros est\u00e3o adornados com olhos expressivos, o que acrescenta dinamismo \u00e0 pe\u00e7a. A palavra &#8220;Alicante&#8221; aparece numa tipografia chamativa e multicolorida, que complementa na perfei\u00e7\u00e3o esta pe\u00e7a decorativa com um toque cultural.<\/p>\n","protected":false},"featured_media":14119,"template":"","meta":{"_acf_changed":false},"product_brand":[],"product_cat":[699],"product_tag":[516],"class_list":{"0":"post-37531","1":"product","2":"type-product","3":"status-publish","4":"has-post-thumbnail","6":"product_cat-imanes","7":"product_tag-animais","8":"pa_ciudad-alicante","9":"pa_motivo-touros","10":"pa_pais-espana","12":"first","13":"instock","14":"shipping-taxable","15":"product-type-simple"},"acf":[],"_links":{"self":[{"href":"https:\/\/olemosaic.com\/pt-pt\/wp-json\/wp\/v2\/product\/37531","targetHints":{"allow":["GET"]}}],"collection":[{"href":"https:\/\/olemosaic.com\/pt-pt\/wp-json\/wp\/v2\/product"}],"about":[{"href":"https:\/\/olemosaic.com\/pt-pt\/wp-json\/wp\/v2\/types\/product"}],"wp:featuredmedia":[{"embeddable":true,"href":"https:\/\/olemosaic.com\/pt-pt\/wp-json\/wp\/v2\/media\/14119"}],"wp:attachment":[{"href":"https:\/\/olemosaic.com\/pt-pt\/wp-json\/wp\/v2\/media?parent=37531"}],"wp:term":[{"taxonomy":"product_brand","embeddable":true,"href":"https:\/\/olemosaic.com\/pt-pt\/wp-json\/wp\/v2\/product_brand?post=37531"},{"taxonomy":"product_cat","embeddable":true,"href":"https:\/\/olemosaic.com\/pt-pt\/wp-json\/wp\/v2\/product_cat?post=37531"},{"taxonomy":"product_tag","embeddable":true,"href":"https:\/\/olemosaic.com\/pt-pt\/wp-json\/wp\/v2\/product_tag?post=37531"}],"curies":[{"name":"wp","href":"https:\/\/api.w.org\/{rel}","templated":true}]}}