{"id":37530,"date":"2025-02-20T23:38:11","date_gmt":"2025-02-20T22:38:11","guid":{"rendered":"http:\/\/olemosaic.com\/producto\/iman-de-resina-patio-marbella\/"},"modified":"2025-07-25T18:37:31","modified_gmt":"2025-07-25T16:37:31","slug":"iman-de-resina-patio-marbella-pt-pt","status":"publish","type":"product","link":"https:\/\/olemosaic.com\/pt-pt\/produto\/iman-de-resina-patio-marbella-pt-pt\/","title":{"rendered":"\u00cdman de resina. P\u00e1tio. Marbella."},"content":{"rendered":"<p>Este \u00edman de resina capta a ess\u00eancia do vibrante ambiente de Marbella, tornando-se um aut\u00eantico souvenir que encanta os visitantes. Desenhado com uma representa\u00e7\u00e3o colorida e detalhada de um t\u00edpico p\u00e1tio andaluz, o \u00edman mostra dois bailarinos de flamenco: um com um chamativo fato vermelho de bolinhas, s\u00edmbolo da paix\u00e3o desta arte, e outro com vestu\u00e1rio tradicional, reflexo da rica heran\u00e7a cultural da regi\u00e3o.<\/p>\n<p>O fundo do \u00edman apresenta um encantador mosaico que evoca as tradicionais ruas calcetadas da Andaluzia, adornado com vasos de flores vibrantes que conferem um toque de frescura. Junto a eles, uma guitarra e lanternas evocam a m\u00fasica e o ambiente festivo caracter\u00edsticos da zona. O nome &#8220;MARBELLA&#8221; destaca-se numa tipografia alegre, real\u00e7ando o calor e o encanto desta ic\u00f3nica cidade.<\/p>\n<p>Este \u00edman n\u00e3o \u00e9 apenas uma recorda\u00e7\u00e3o decorativa, mas um peda\u00e7o da cultura andaluza que os turistas podem levar para casa, rememorando as suas experi\u00eancias em Marbella. Na Ol\u00e9 Mosaic, oferecemos uma excelente sele\u00e7\u00e3o de souvenirs aut\u00eanticos, e este \u00edman de resina \u00e9 uma op\u00e7\u00e3o perfeita para lojas de presentes tur\u00edsticos que procuram produtos que encapsulem a riqueza cultural do sul de Espanha. Com a sua qualidade e apelo visual, \u00e9 um magn\u00edfico representante dos souvenirs de Marbella.<\/p>\n","protected":false},"excerpt":{"rendered":"<p>\u00cdman que representa um vibrante p\u00e1tio andaluz em Marbella. O design inclui figuras de dois bailarinos de flamenco, um com um chamativo fato de bolinhas vermelho, e o outro com vestu\u00e1rio tradicional. A cena completa-se com vasos repletos de flores, uma guitarra e lanternas, tudo emoldurado por azulejos coloridos. O texto &#8220;MARBELLA&#8221; destaca-se com uma tipografia alegre, capturando a ess\u00eancia cultural da regi\u00e3o.<\/p>\n","protected":false},"featured_media":14118,"template":"","meta":{"_acf_changed":false},"product_brand":[],"product_cat":[699],"product_tag":[],"class_list":{"0":"post-37530","1":"product","2":"type-product","3":"status-publish","4":"has-post-thumbnail","6":"product_cat-imanes","7":"pa_ciudad-marbella","8":"pa_motivo-patios","9":"pa_pais-espana","11":"first","12":"instock","13":"shipping-taxable","14":"product-type-simple"},"acf":[],"_links":{"self":[{"href":"https:\/\/olemosaic.com\/pt-pt\/wp-json\/wp\/v2\/product\/37530","targetHints":{"allow":["GET"]}}],"collection":[{"href":"https:\/\/olemosaic.com\/pt-pt\/wp-json\/wp\/v2\/product"}],"about":[{"href":"https:\/\/olemosaic.com\/pt-pt\/wp-json\/wp\/v2\/types\/product"}],"wp:featuredmedia":[{"embeddable":true,"href":"https:\/\/olemosaic.com\/pt-pt\/wp-json\/wp\/v2\/media\/14118"}],"wp:attachment":[{"href":"https:\/\/olemosaic.com\/pt-pt\/wp-json\/wp\/v2\/media?parent=37530"}],"wp:term":[{"taxonomy":"product_brand","embeddable":true,"href":"https:\/\/olemosaic.com\/pt-pt\/wp-json\/wp\/v2\/product_brand?post=37530"},{"taxonomy":"product_cat","embeddable":true,"href":"https:\/\/olemosaic.com\/pt-pt\/wp-json\/wp\/v2\/product_cat?post=37530"},{"taxonomy":"product_tag","embeddable":true,"href":"https:\/\/olemosaic.com\/pt-pt\/wp-json\/wp\/v2\/product_tag?post=37530"}],"curies":[{"name":"wp","href":"https:\/\/api.w.org\/{rel}","templated":true}]}}