{"id":37529,"date":"2025-02-20T23:38:11","date_gmt":"2025-02-20T22:38:11","guid":{"rendered":"http:\/\/olemosaic.com\/producto\/iman-de-resina-toro-mojacar-75-cm\/"},"modified":"2025-07-25T19:08:01","modified_gmt":"2025-07-25T17:08:01","slug":"iman-de-resina-touro-mojacar-7-5-cm","status":"publish","type":"product","link":"https:\/\/olemosaic.com\/pt-pt\/produto\/iman-de-resina-touro-mojacar-7-5-cm\/","title":{"rendered":"\u00cdman de resina. Touro. Moj\u00e1car. 7,5 cm."},"content":{"rendered":"<p>Este \u00edman de resina, que representa um vibrante design de dois touros, \u00e9 uma aut\u00eantica recorda\u00e7\u00e3o de Moj\u00e1car, ideal para quem deseja levar consigo um pedacinho da rica cultura andaluza. Com medidas de 7,5 cm, este \u00edman destaca-se pelo seu colorido acabamento em tons azuis, vermelhos e verdes, que d\u00e3o vida \u00e0 representa\u00e7\u00e3o dos touros atrav\u00e9s de formas geom\u00e9tricas, evocando a variada arte tradicional da regi\u00e3o. A fus\u00e3o destas cores tamb\u00e9m simboliza a paix\u00e3o e a for\u00e7a que os touros representam na cultura espanhola, temas recorrentes em festas e celebra\u00e7\u00f5es locais.<\/p>\n<p>Este produto n\u00e3o \u00e9 apenas funcional ao adornar o frigor\u00edfico ou qualquer superf\u00edcie met\u00e1lica, mas tamb\u00e9m se torna uma pe\u00e7a decorativa que capta a ess\u00eancia da vida em Moj\u00e1car. A representa\u00e7\u00e3o dos touros \u00e9 emblem\u00e1tica na cultura espanhola, e este \u00edman ergue-se como um testemunho da tradi\u00e7\u00e3o que rodeia este nobre animal. Na Ol\u00e9 Mosaic, orgulhamo-nos de ser distribuidores de souvenirs aut\u00eanticos, e este \u00edman de touros \u00e9 uma excelente op\u00e7\u00e3o para turistas que procuram recorda\u00e7\u00f5es representativas das suas viagens. Como grossistas de souvenirs, oferecemos produtos que se destacam pela sua originalidade e liga\u00e7\u00e3o cultural, perfeitos para lojas de presentes tur\u00edsticos em busca de artigos \u00fanicos.<\/p>\n","protected":false},"excerpt":{"rendered":"<p>\u00cdman com um vibrante design de dois touros, inspirado na tradi\u00e7\u00e3o espanhola, perfeito para recordar Moj\u00e1car. Com um acabamento colorido em tons azuis, vermelhos e verdes, cada touro apresenta formas geom\u00e9tricas que evocam a arte andaluza. Este produto, que mede 7,5 cm, \u00e9 ideal para adornar o seu frigor\u00edfico ou qualquer superf\u00edcie met\u00e1lica, destacando-se tanto pela sua originalidade como pela sua liga\u00e7\u00e3o com a cultura local.<\/p>\n","protected":false},"featured_media":14117,"template":"","meta":{"_acf_changed":false},"product_brand":[],"product_cat":[699],"product_tag":[516],"class_list":{"0":"post-37529","1":"product","2":"type-product","3":"status-publish","4":"has-post-thumbnail","6":"product_cat-imanes","7":"product_tag-animais","8":"pa_ciudad-mojacar","9":"pa_motivo-touros","10":"pa_pais-espana","12":"first","13":"instock","14":"shipping-taxable","15":"product-type-simple"},"acf":[],"_links":{"self":[{"href":"https:\/\/olemosaic.com\/pt-pt\/wp-json\/wp\/v2\/product\/37529","targetHints":{"allow":["GET"]}}],"collection":[{"href":"https:\/\/olemosaic.com\/pt-pt\/wp-json\/wp\/v2\/product"}],"about":[{"href":"https:\/\/olemosaic.com\/pt-pt\/wp-json\/wp\/v2\/types\/product"}],"wp:featuredmedia":[{"embeddable":true,"href":"https:\/\/olemosaic.com\/pt-pt\/wp-json\/wp\/v2\/media\/14117"}],"wp:attachment":[{"href":"https:\/\/olemosaic.com\/pt-pt\/wp-json\/wp\/v2\/media?parent=37529"}],"wp:term":[{"taxonomy":"product_brand","embeddable":true,"href":"https:\/\/olemosaic.com\/pt-pt\/wp-json\/wp\/v2\/product_brand?post=37529"},{"taxonomy":"product_cat","embeddable":true,"href":"https:\/\/olemosaic.com\/pt-pt\/wp-json\/wp\/v2\/product_cat?post=37529"},{"taxonomy":"product_tag","embeddable":true,"href":"https:\/\/olemosaic.com\/pt-pt\/wp-json\/wp\/v2\/product_tag?post=37529"}],"curies":[{"name":"wp","href":"https:\/\/api.w.org\/{rel}","templated":true}]}}