{"id":37528,"date":"2025-02-20T23:38:11","date_gmt":"2025-02-20T22:38:11","guid":{"rendered":"http:\/\/olemosaic.com\/producto\/iman-de-resina-toros-marbella\/"},"modified":"2025-07-25T18:42:03","modified_gmt":"2025-07-25T16:42:03","slug":"iman-de-resina-touros-marbella","status":"publish","type":"product","link":"https:\/\/olemosaic.com\/pt-pt\/produto\/iman-de-resina-touros-marbella\/","title":{"rendered":"\u00cdman de resina. Touros. Marbella."},"content":{"rendered":"<p>Este \u00edman de resina de Marbella \u00e9 uma representa\u00e7\u00e3o vibrante e colorida que encapsula a ess\u00eancia do folclore andaluz. Com um design inspirado na arte do mosaico, apresenta um touro, s\u00edmbolo ic\u00f3nico da tradi\u00e7\u00e3o espanhola, acompanhado por um sol radiante e belas flores vermelhas que adornam a paisagem. A ilustra\u00e7\u00e3o destaca-se pela sua paleta de cores brilhantes e pelo seu acabamento reluzente, o que lhe confere um aspeto atraente e alegre.<\/p>\n<p>O touro, apresentado numa variedade de tonalidades que v\u00e3o do verde ao azul, simboliza a for\u00e7a e a paix\u00e3o do car\u00e1ter andaluz, enquanto as flores vermelhas acrescentam um toque de frescura e alegria. O fundo, com um design de mosaico em tons cinzentos e brancos, real\u00e7a a riqueza cultural de Marbella e a sua liga\u00e7\u00e3o com a arte tradicional da regi\u00e3o.<\/p>\n<p>Este \u00edman \u00e9 uma excelente recorda\u00e7\u00e3o para turistas que procuram uma pe\u00e7a aut\u00eantica da Costa del Sol, ideal para colecionadores ou como presente. Na Ol\u00e9 Mosaic, oferecemos souvenirs de resina que captam a singularidade de cada destino, garantindo autenticidade e qualidade para as lojas de presentes tur\u00edsticos. Este \u00edman de Marbella \u00e9 uma adi\u00e7\u00e3o perfeita a qualquer cole\u00e7\u00e3o de recorda\u00e7\u00f5es, proporcionando um pedacinho da beleza andaluza em cada casa.<\/p>\n","protected":false},"excerpt":{"rendered":"<p>\u00cdman que representa a ess\u00eancia de Marbella com um vibrante design de um touro. Este \u00edman apresenta uma colorida ilustra\u00e7\u00e3o inspirada na arte do mosaico, com um sol radiante e flores vermelhas em primeiro plano. Com a sua forma distintiva e acabamento brilhante, capta a beleza cultural e o folclore andaluz, tornando-se uma recorda\u00e7\u00e3o perfeita da Costa del Sol. Ideal para colecionadores ou como presente.<\/p>\n","protected":false},"featured_media":14116,"template":"","meta":{"_acf_changed":false},"product_brand":[],"product_cat":[699],"product_tag":[516],"class_list":{"0":"post-37528","1":"product","2":"type-product","3":"status-publish","4":"has-post-thumbnail","6":"product_cat-imanes","7":"product_tag-animais","8":"pa_ciudad-marbella","9":"pa_motivo-touros","10":"pa_pais-espana","12":"first","13":"instock","14":"shipping-taxable","15":"product-type-simple"},"acf":[],"_links":{"self":[{"href":"https:\/\/olemosaic.com\/pt-pt\/wp-json\/wp\/v2\/product\/37528","targetHints":{"allow":["GET"]}}],"collection":[{"href":"https:\/\/olemosaic.com\/pt-pt\/wp-json\/wp\/v2\/product"}],"about":[{"href":"https:\/\/olemosaic.com\/pt-pt\/wp-json\/wp\/v2\/types\/product"}],"wp:featuredmedia":[{"embeddable":true,"href":"https:\/\/olemosaic.com\/pt-pt\/wp-json\/wp\/v2\/media\/14116"}],"wp:attachment":[{"href":"https:\/\/olemosaic.com\/pt-pt\/wp-json\/wp\/v2\/media?parent=37528"}],"wp:term":[{"taxonomy":"product_brand","embeddable":true,"href":"https:\/\/olemosaic.com\/pt-pt\/wp-json\/wp\/v2\/product_brand?post=37528"},{"taxonomy":"product_cat","embeddable":true,"href":"https:\/\/olemosaic.com\/pt-pt\/wp-json\/wp\/v2\/product_cat?post=37528"},{"taxonomy":"product_tag","embeddable":true,"href":"https:\/\/olemosaic.com\/pt-pt\/wp-json\/wp\/v2\/product_tag?post=37528"}],"curies":[{"name":"wp","href":"https:\/\/api.w.org\/{rel}","templated":true}]}}