{"id":37527,"date":"2025-02-20T23:38:10","date_gmt":"2025-02-20T22:38:10","guid":{"rendered":"http:\/\/olemosaic.com\/producto\/iman-de-resina-sagrada-familia-barcelona-4\/"},"modified":"2025-07-25T20:36:44","modified_gmt":"2025-07-25T18:36:44","slug":"iman-de-resina-sagrada-familia-barcelona-4-pt-pt","status":"publish","type":"product","link":"https:\/\/olemosaic.com\/pt-pt\/produto\/iman-de-resina-sagrada-familia-barcelona-4-pt-pt\/","title":{"rendered":"\u00cdman de resina. Sagrada Fam\u00edlia. Gaud\u00ed. Barcelona."},"content":{"rendered":"<p>Este \u00edman de resina representa a emblem\u00e1tica Sagrada Fam\u00edlia de Barcelona, uma das obras-primas mais not\u00e1veis do arquiteto Antoni Gaud\u00ed. Com uma meticulosa aten\u00e7\u00e3o ao detalhe, este atraente \u00edman capta a majestosa complexidade arquitet\u00f3nica da bas\u00edlica, destacando as suas ic\u00f3nicas torres pontiagudas e os elaborados detalhes que fazem deste monumento um verdadeiro s\u00edmbolo da cidade. As cores vibrantes e a rica decora\u00e7\u00e3o visual do \u00edman evocam a impressionante fachada de mosaico da Sagrada Fam\u00edlia, refletindo o engenho criativo que caracteriza a arte modernista catal\u00e3.<\/p>\n<p>A palavra &#8220;Barcelona&#8221; apresenta-se num chamativo estilo tipogr\u00e1fico, acrescentando um toque contempor\u00e2neo a um objeto que representa um legado cultural profundamente enraizado. Este \u00edman n\u00e3o \u00e9 apenas uma op\u00e7\u00e3o ideal para quem procura souvenirs de Barcelona, mas tamb\u00e9m serve como recorda\u00e7\u00e3o de um dos destinos tur\u00edsticos mais visitados de Espanha, conhecido pela sua hist\u00f3ria, a sua arte e a sua arquitetura singular. Na Ol\u00e9 Mosaic, somos especialistas na distribui\u00e7\u00e3o de souvenirs por grosso, oferecendo produtos como este \u00edman de resina que representam a autenticidade e o esp\u00edrito da cultura catal\u00e3. Para as lojas de presentes tur\u00edsticos que desejem atrair os visitantes com recorda\u00e7\u00f5es genu\u00ednas, este \u00edman da Sagrada Fam\u00edlia \u00e9 uma op\u00e7\u00e3o perfeita que encapsula a ess\u00eancia de Barcelona.<\/p>\n","protected":false},"excerpt":{"rendered":"<p>\u00cdman que representa a emblem\u00e1tica Sagrada Fam\u00edlia de Barcelona. Este atraente \u00edman destaca-se pelo seu design colorido e detalhado, que capta a complexidade arquitet\u00f3nica da famosa bas\u00edlica de Antoni Gaud\u00ed. Com toques de cor vibrante e elementos ic\u00f3nicos, o \u00edman evoca a majestosidade do edif\u00edcio, enquanto a palavra &#8220;Barcelona&#8221; se apresenta num estilo tipogr\u00e1fico chamativo. Ideal para recordar uma das maravilhas arquitet\u00f3nicas mais visitadas de Espanha.<\/p>\n","protected":false},"featured_media":14115,"template":"","meta":{"_acf_changed":false},"product_brand":[],"product_cat":[699],"product_tag":[],"class_list":{"0":"post-37527","1":"product","2":"type-product","3":"status-publish","4":"has-post-thumbnail","6":"product_cat-imanes","7":"pa_ciudad-barcelona","8":"pa_motivo-sagrada-familia","9":"pa_pais-espana","11":"first","12":"instock","13":"shipping-taxable","14":"product-type-simple"},"acf":[],"_links":{"self":[{"href":"https:\/\/olemosaic.com\/pt-pt\/wp-json\/wp\/v2\/product\/37527","targetHints":{"allow":["GET"]}}],"collection":[{"href":"https:\/\/olemosaic.com\/pt-pt\/wp-json\/wp\/v2\/product"}],"about":[{"href":"https:\/\/olemosaic.com\/pt-pt\/wp-json\/wp\/v2\/types\/product"}],"wp:featuredmedia":[{"embeddable":true,"href":"https:\/\/olemosaic.com\/pt-pt\/wp-json\/wp\/v2\/media\/14115"}],"wp:attachment":[{"href":"https:\/\/olemosaic.com\/pt-pt\/wp-json\/wp\/v2\/media?parent=37527"}],"wp:term":[{"taxonomy":"product_brand","embeddable":true,"href":"https:\/\/olemosaic.com\/pt-pt\/wp-json\/wp\/v2\/product_brand?post=37527"},{"taxonomy":"product_cat","embeddable":true,"href":"https:\/\/olemosaic.com\/pt-pt\/wp-json\/wp\/v2\/product_cat?post=37527"},{"taxonomy":"product_tag","embeddable":true,"href":"https:\/\/olemosaic.com\/pt-pt\/wp-json\/wp\/v2\/product_tag?post=37527"}],"curies":[{"name":"wp","href":"https:\/\/api.w.org\/{rel}","templated":true}]}}