{"id":37526,"date":"2025-02-20T23:38:10","date_gmt":"2025-02-20T22:38:10","guid":{"rendered":"http:\/\/olemosaic.com\/producto\/iman-de-resina-salamandra-y-flores-lanzarote-75-cm\/"},"modified":"2025-07-25T18:41:42","modified_gmt":"2025-07-25T16:41:42","slug":"iman-de-resina-salamandra-e-flores-lanzarote-75-cm","status":"publish","type":"product","link":"https:\/\/olemosaic.com\/pt-pt\/produto\/iman-de-resina-salamandra-e-flores-lanzarote-75-cm\/","title":{"rendered":"\u00cdman de resina. Salamandra e flores. Lanzarote. 7,5 cm."},"content":{"rendered":"<p>\u00cdman de resina com duas salamandras. Lanzarote. Flores coloridas. Design art\u00edstico.<\/p>\n<p>Este encantador \u00edman de resina, de 7,5 cm, capta a vibrante ess\u00eancia de Lanzarote atrav\u00e9s de um design que apresenta duas salamandras rodeadas de flores coloridas. Cada detalhe foi meticulosamente concebido num estilo art\u00edstico que evoca as tradi\u00e7\u00f5es locais. As salamandras, representadas em tons vibrantes de azul e vermelho, evocam a rica fauna e flora da ilha can\u00e1ria, enquanto o fundo, salpicado de flores amarelas e verdes, alude \u00e0 exuberante natureza de Lanzarote.<\/p>\n<p>A palavra &#8220;Lanzarote&#8221; aparece em letras grandes e coloridas, convertendo este \u00edman numa recorda\u00e7\u00e3o atrativa que se destaca em qualquer frigor\u00edfico ou superf\u00edcie met\u00e1lica. Al\u00e9m disso, o acabamento em mosaico acrescenta um toque art\u00edstico que real\u00e7a o seu valor como souvenir. Este \u00edman n\u00e3o \u00e9 apenas um objeto decorativo, mas tamb\u00e9m um s\u00edmbolo da liga\u00e7\u00e3o cultural de Lanzarote, onde a natureza e a arte se entrela\u00e7am em cada recanto da ilha.<\/p>\n<p>Na Ol\u00e9 Mosaic, como distribuidores de souvenirs por grosso, este \u00edman de salamandras representa uma op\u00e7\u00e3o ideal para lojas de presentes tur\u00edsticos que procuram oferecer produtos aut\u00eanticos e atrativos. Com o seu design \u00fanico e a sua relev\u00e2ncia cultural, \u00e9 a recorda\u00e7\u00e3o perfeita para quem deseje levar um pedacinho de Lanzarote para casa.<\/p>\n","protected":false},"excerpt":{"rendered":"<p>\u00cdman que representa duas salamandras rodeadas de flores coloridas, inspirado na vibrante est\u00e9tica de Lanzarote. Este \u00edman de 7,5 cm apresenta um design art\u00edstico com detalhes de mosaico, combinando tons brilhantes de azul, vermelho e amarelo que evocam a flora local. A palavra &#8220;Lanzarote&#8221; destaca-se em letras grandes e coloridas, oferecendo uma bela recorda\u00e7\u00e3o da ilha can\u00e1ria e da sua natureza \u00fanica, ideal para decora\u00e7\u00e3o ou cole\u00e7\u00f5es.<\/p>\n","protected":false},"featured_media":14114,"template":"","meta":{"_acf_changed":false},"product_brand":[],"product_cat":[699],"product_tag":[516],"class_list":{"0":"post-37526","1":"product","2":"type-product","3":"status-publish","4":"has-post-thumbnail","6":"product_cat-imanes","7":"product_tag-animais","8":"pa_ciudad-lanzarote","9":"pa_motivo-salamandras","10":"pa_pais-espana","12":"first","13":"instock","14":"shipping-taxable","15":"product-type-simple"},"acf":[],"_links":{"self":[{"href":"https:\/\/olemosaic.com\/pt-pt\/wp-json\/wp\/v2\/product\/37526","targetHints":{"allow":["GET"]}}],"collection":[{"href":"https:\/\/olemosaic.com\/pt-pt\/wp-json\/wp\/v2\/product"}],"about":[{"href":"https:\/\/olemosaic.com\/pt-pt\/wp-json\/wp\/v2\/types\/product"}],"wp:featuredmedia":[{"embeddable":true,"href":"https:\/\/olemosaic.com\/pt-pt\/wp-json\/wp\/v2\/media\/14114"}],"wp:attachment":[{"href":"https:\/\/olemosaic.com\/pt-pt\/wp-json\/wp\/v2\/media?parent=37526"}],"wp:term":[{"taxonomy":"product_brand","embeddable":true,"href":"https:\/\/olemosaic.com\/pt-pt\/wp-json\/wp\/v2\/product_brand?post=37526"},{"taxonomy":"product_cat","embeddable":true,"href":"https:\/\/olemosaic.com\/pt-pt\/wp-json\/wp\/v2\/product_cat?post=37526"},{"taxonomy":"product_tag","embeddable":true,"href":"https:\/\/olemosaic.com\/pt-pt\/wp-json\/wp\/v2\/product_tag?post=37526"}],"curies":[{"name":"wp","href":"https:\/\/api.w.org\/{rel}","templated":true}]}}