{"id":37524,"date":"2025-02-20T23:38:10","date_gmt":"2025-02-20T22:38:10","guid":{"rendered":"http:\/\/olemosaic.com\/producto\/iman-de-resina-panoramica-barcelona-21\/"},"modified":"2025-07-25T20:39:34","modified_gmt":"2025-07-25T18:39:34","slug":"iman-de-resina-panoramica-barcelona-21-pt-pt","status":"publish","type":"product","link":"https:\/\/olemosaic.com\/pt-pt\/produto\/iman-de-resina-panoramica-barcelona-21-pt-pt\/","title":{"rendered":"\u00cdman de resina. Panor\u00e2mica. Sagrada Fam\u00edlia, Parque G\u00fcell e La Pedrera. Barcelona."},"content":{"rendered":"<p>Este \u00edman de resina oferece uma vibrante panor\u00e2mica de Barcelona, captando a ess\u00eancia da cidade atrav\u00e9s das suas emblem\u00e1ticas obras arquitet\u00f3nicas. Desenhado com uma t\u00e9cnica de mosaico colorido, apresenta a ic\u00f3nica Sagrada Fam\u00edlia, com as suas torres elevadas que simbolizam a inovadora vis\u00e3o de Antoni Gaud\u00ed. Junto a ela, o Park G\u00fcell mostra-se com as suas formas org\u00e2nicas e azulejos brilhantes, complementado pelas caracter\u00edsticas chamin\u00e9s de La Pedrera, que espreitam com a sua distinta est\u00e9tica. A inscri\u00e7\u00e3o &#8220;Barcelona&#8221;, elaborada com letras multicoloridas, acrescenta um toque alegre e festivo, evocando a diversidade e energia desta metr\u00f3pole mediterr\u00e2nica. Um sol radiante na parte superior completa a cena, recordando o clima quente e acolhedor que caracteriza a regi\u00e3o.<\/p>\n<p>Este \u00edman n\u00e3o s\u00f3 \u00e9 um souvenir ideal para quem deseja levar uma recorda\u00e7\u00e3o representativa da cidade, como tamb\u00e9m encapsula a rica heran\u00e7a cultural de Barcelona, tornando-se um objeto decorativo atrativo para qualquer lar. Na Ol\u00e9 Mosaic, orgulhamo-nos de oferecer produtos aut\u00eanticos e de qualidade, e este \u00edman de Barcelona \u00e9 uma excelente op\u00e7\u00e3o para lojas de presentes tur\u00edsticos que procuram souvenirs emblem\u00e1ticos que celebrem a beleza e a arte da cidade. Como distribuidor de souvenirs por grosso, garantimos que os nossos produtos captam a ess\u00eancia dos destinos de forma aut\u00eantica e vibrante.<\/p>\n","protected":false},"excerpt":{"rendered":"<p>\u00cdman que mostra uma colorida panor\u00e2mica de Barcelona, destacando a emblem\u00e1tica obra de Gaud\u00ed. Com um design vibrante, inclui elementos ic\u00f3nicos como a Sagrada Fam\u00edlia, o Parque G\u00fcell e as torres de La Pedrera, todos eles recriados num estilo mosaico. A inscri\u00e7\u00e3o &#8220;Barcelona&#8221; em letras multicoloridas acrescenta um toque alegre, enquanto um sol brilhante espreita na parte superior, evocando o calor da paisagem mediterr\u00e2nica. Ideal para recordar a beleza desta cidade.<\/p>\n","protected":false},"featured_media":14112,"template":"","meta":{"_acf_changed":false},"product_brand":[],"product_cat":[699],"product_tag":[],"class_list":{"0":"post-37524","1":"product","2":"type-product","3":"status-publish","4":"has-post-thumbnail","6":"product_cat-imanes","7":"pa_ciudad-barcelona","8":"pa_motivo-panoramas","9":"pa_pais-espana","11":"first","12":"instock","13":"shipping-taxable","14":"product-type-simple"},"acf":[],"_links":{"self":[{"href":"https:\/\/olemosaic.com\/pt-pt\/wp-json\/wp\/v2\/product\/37524","targetHints":{"allow":["GET"]}}],"collection":[{"href":"https:\/\/olemosaic.com\/pt-pt\/wp-json\/wp\/v2\/product"}],"about":[{"href":"https:\/\/olemosaic.com\/pt-pt\/wp-json\/wp\/v2\/types\/product"}],"wp:featuredmedia":[{"embeddable":true,"href":"https:\/\/olemosaic.com\/pt-pt\/wp-json\/wp\/v2\/media\/14112"}],"wp:attachment":[{"href":"https:\/\/olemosaic.com\/pt-pt\/wp-json\/wp\/v2\/media?parent=37524"}],"wp:term":[{"taxonomy":"product_brand","embeddable":true,"href":"https:\/\/olemosaic.com\/pt-pt\/wp-json\/wp\/v2\/product_brand?post=37524"},{"taxonomy":"product_cat","embeddable":true,"href":"https:\/\/olemosaic.com\/pt-pt\/wp-json\/wp\/v2\/product_cat?post=37524"},{"taxonomy":"product_tag","embeddable":true,"href":"https:\/\/olemosaic.com\/pt-pt\/wp-json\/wp\/v2\/product_tag?post=37524"}],"curies":[{"name":"wp","href":"https:\/\/api.w.org\/{rel}","templated":true}]}}