{"id":37523,"date":"2025-02-20T23:38:10","date_gmt":"2025-02-20T22:38:10","guid":{"rendered":"http:\/\/olemosaic.com\/producto\/iman-de-resina-salamandra-y-flores-alicante\/"},"modified":"2025-07-25T18:42:59","modified_gmt":"2025-07-25T16:42:59","slug":"iman-de-resina-salamandra-e-flores-alicante","status":"publish","type":"product","link":"https:\/\/olemosaic.com\/pt-pt\/produto\/iman-de-resina-salamandra-e-flores-alicante\/","title":{"rendered":"\u00cdman de resina. Salamandra e flores. Cer\u00e2mica alicantina. Alicante."},"content":{"rendered":"<p>Este \u00edman de resina de Alicante apresenta uma colorida ilustra\u00e7\u00e3o que capta a ess\u00eancia vibrante desta bela cidade do sudeste espanhol. Adornado com um design art\u00edstico que evoca a tradi\u00e7\u00e3o do mosaico, mostra duas salamandras em tons de vermelho e verde, rodeadas de chamativas flores azuis e amarelas sobre um fundo que simula cer\u00e2mica decorativa. A palavra &#8220;ALICANTE&#8221; destaca-se em letras brilhantes, convertendo este objeto numa aut\u00eantica recorda\u00e7\u00e3o cultural.<\/p>\n<p>A utiliza\u00e7\u00e3o de cores vivas e detalhes brilhantes cria uma pe\u00e7a que n\u00e3o s\u00f3 \u00e9 funcional, como tamb\u00e9m atua como um atrativo decorativo para qualquer frigor\u00edfico ou superf\u00edcie met\u00e1lica. Este \u00edman reflete a rica biodiversidade da regi\u00e3o, onde as salamandras s\u00e3o um s\u00edmbolo de vida e natureza, ligadas \u00e0s paisagens mediterr\u00e2nicas de Alicante.<\/p>\n<p>Como souvenir de Alicante, este \u00edman n\u00e3o s\u00f3 \u00e9 um presente perfeito para os turistas que procuram uma representa\u00e7\u00e3o aut\u00eantica da cidade, mas tamb\u00e9m uma pe\u00e7a que real\u00e7a o valor cultural e art\u00edstico do mosaico, famoso em obras como as que adornam a Plaza de los Luceros. Na Ol\u00e9 Mosaic, oferecemos este encantador \u00edman de resina como parte da nossa exclusiva cole\u00e7\u00e3o de souvenirs por grosso, ideal para lojas de presentes tur\u00edsticos que procuram produtos aut\u00eanticos e representativos que liguem os visitantes \u00e0 cultura local de Alicante.<\/p>\n","protected":false},"excerpt":{"rendered":"<p>\u00cdman com uma colorida ilustra\u00e7\u00e3o de salamandras e flores, desenhado com um estilo vibrante que evoca a tradi\u00e7\u00e3o do mosaico alicantino. Este atrativo \u00edman, adornado com detalhes em vermelho, verde e azul, inclui a palavra &#8220;ALICANTE&#8221; em letras chamativas, sobre um fundo que simula cer\u00e2mica decorativa. O seu acabamento brilhante e as suas cores vivas tornam-no num objeto ideal para recordar a beleza do sudeste espanhol.<\/p>\n","protected":false},"featured_media":14111,"template":"","meta":{"_acf_changed":false},"product_brand":[],"product_cat":[699],"product_tag":[516],"class_list":{"0":"post-37523","1":"product","2":"type-product","3":"status-publish","4":"has-post-thumbnail","6":"product_cat-imanes","7":"product_tag-animais","8":"pa_ciudad-alicante","9":"pa_motivo-salamandras","10":"pa_pais-espana","12":"first","13":"instock","14":"shipping-taxable","15":"product-type-simple"},"acf":[],"_links":{"self":[{"href":"https:\/\/olemosaic.com\/pt-pt\/wp-json\/wp\/v2\/product\/37523","targetHints":{"allow":["GET"]}}],"collection":[{"href":"https:\/\/olemosaic.com\/pt-pt\/wp-json\/wp\/v2\/product"}],"about":[{"href":"https:\/\/olemosaic.com\/pt-pt\/wp-json\/wp\/v2\/types\/product"}],"wp:featuredmedia":[{"embeddable":true,"href":"https:\/\/olemosaic.com\/pt-pt\/wp-json\/wp\/v2\/media\/14111"}],"wp:attachment":[{"href":"https:\/\/olemosaic.com\/pt-pt\/wp-json\/wp\/v2\/media?parent=37523"}],"wp:term":[{"taxonomy":"product_brand","embeddable":true,"href":"https:\/\/olemosaic.com\/pt-pt\/wp-json\/wp\/v2\/product_brand?post=37523"},{"taxonomy":"product_cat","embeddable":true,"href":"https:\/\/olemosaic.com\/pt-pt\/wp-json\/wp\/v2\/product_cat?post=37523"},{"taxonomy":"product_tag","embeddable":true,"href":"https:\/\/olemosaic.com\/pt-pt\/wp-json\/wp\/v2\/product_tag?post=37523"}],"curies":[{"name":"wp","href":"https:\/\/api.w.org\/{rel}","templated":true}]}}