{"id":37522,"date":"2025-02-20T23:38:10","date_gmt":"2025-02-20T22:38:10","guid":{"rendered":"http:\/\/olemosaic.com\/producto\/iman-de-resina-toro-y-bailaora-mijas\/"},"modified":"2025-07-25T18:47:25","modified_gmt":"2025-07-25T16:47:25","slug":"iman-de-resina-touro-e-bailarina-mijas","status":"publish","type":"product","link":"https:\/\/olemosaic.com\/pt-pt\/produto\/iman-de-resina-touro-e-bailarina-mijas\/","title":{"rendered":"\u00cdman de resina. Touro e bailarina. Mijas."},"content":{"rendered":"<p>Este \u00edman de resina, com um design vibrante do caracter\u00edstico touro e uma bailarina, capta a ess\u00eancia cultural de Mijas, uma pitoresca aldeia andaluza conhecida pela sua tradi\u00e7\u00e3o flamenca e pela figura emblem\u00e1tica do touro. Este souvenir colorido destaca-se pelas suas formas geom\u00e9tricas entrela\u00e7adas em tons brilhantes de azul, vermelho e amarelo, que conferem um estilo contempor\u00e2neo a um s\u00edmbolo t\u00e3o enraizado na identidade espanhola. A bailarina, vestida com um chamativo traje vermelho adornado com detalhes brancos, irradia alegria e paix\u00e3o, dois elementos fundamentais do flamenco, enquanto a sua elegante postura real\u00e7a a gra\u00e7a desta dan\u00e7a tradicional.<\/p>\n<p>O quadro decorativo que rodeia estas personagens ic\u00f3nicas acrescenta um toque de cor adicional, com a palavra &#8220;MIJAS&#8221; escrita em letras multicoloridas que se tornam um chamativo ponto focal da pe\u00e7a. Este \u00edman n\u00e3o s\u00f3 \u00e9 pr\u00e1tico, como tamb\u00e9m serve como uma recorda\u00e7\u00e3o das inesquec\u00edveis experi\u00eancias vividas em Mijas, tornando-o um presente perfeito para os turistas que desejem levar para casa um fragmento da Andaluzia. Na Ol\u00e9 Mosaic, esfor\u00e7amo-nos por oferecer souvenirs aut\u00eanticos e de qualidade, como este \u00edman que encapsula a riqueza cultural de Espanha, ideal para lojas que procuram produtos \u00fanicos.<\/p>\n","protected":false},"excerpt":{"rendered":"<p>\u00cdman com um design vibrante do emblem\u00e1tico touro e uma bailarina, que representa a ess\u00eancia de Mijas. Este \u00edman colorido destaca-se pelas suas formas geom\u00e9tricas e um acabamento brilhante que atrai o olhar. A bailarina, vestida com um chamativo traje vermelho adornado com detalhes brancos, acompanha o touro dentro de um quadro decorativo. A palavra &#8220;MIJAS&#8221; em letras multicoloridas completa esta pe\u00e7a, ideal para recordar a cultura andaluza.<\/p>\n","protected":false},"featured_media":14110,"template":"","meta":{"_acf_changed":false},"product_brand":[],"product_cat":[699],"product_tag":[516],"class_list":{"0":"post-37522","1":"product","2":"type-product","3":"status-publish","4":"has-post-thumbnail","6":"product_cat-imanes","7":"product_tag-animais","8":"pa_ciudad-mijas","9":"pa_motivo-touros","10":"pa_pais-espana","12":"first","13":"instock","14":"shipping-taxable","15":"product-type-simple"},"acf":[],"_links":{"self":[{"href":"https:\/\/olemosaic.com\/pt-pt\/wp-json\/wp\/v2\/product\/37522","targetHints":{"allow":["GET"]}}],"collection":[{"href":"https:\/\/olemosaic.com\/pt-pt\/wp-json\/wp\/v2\/product"}],"about":[{"href":"https:\/\/olemosaic.com\/pt-pt\/wp-json\/wp\/v2\/types\/product"}],"wp:featuredmedia":[{"embeddable":true,"href":"https:\/\/olemosaic.com\/pt-pt\/wp-json\/wp\/v2\/media\/14110"}],"wp:attachment":[{"href":"https:\/\/olemosaic.com\/pt-pt\/wp-json\/wp\/v2\/media?parent=37522"}],"wp:term":[{"taxonomy":"product_brand","embeddable":true,"href":"https:\/\/olemosaic.com\/pt-pt\/wp-json\/wp\/v2\/product_brand?post=37522"},{"taxonomy":"product_cat","embeddable":true,"href":"https:\/\/olemosaic.com\/pt-pt\/wp-json\/wp\/v2\/product_cat?post=37522"},{"taxonomy":"product_tag","embeddable":true,"href":"https:\/\/olemosaic.com\/pt-pt\/wp-json\/wp\/v2\/product_tag?post=37522"}],"curies":[{"name":"wp","href":"https:\/\/api.w.org\/{rel}","templated":true}]}}