{"id":37521,"date":"2025-02-20T23:38:09","date_gmt":"2025-02-20T22:38:09","guid":{"rendered":"http:\/\/olemosaic.com\/producto\/iman-de-resina-salamandra-y-flores-gran-canaria-75-cm\/"},"modified":"2025-07-25T18:41:45","modified_gmt":"2025-07-25T16:41:45","slug":"iman-de-resina-salamandra-e-flores-gran-canaria-7-5-cm","status":"publish","type":"product","link":"https:\/\/olemosaic.com\/pt-pt\/produto\/iman-de-resina-salamandra-e-flores-gran-canaria-7-5-cm\/","title":{"rendered":"\u00cdman de resina. Salamandra e flores. Gran Canaria. 7,5 cm."},"content":{"rendered":"<p>\u00cdman de resina de Gran Canaria. Este atrativo \u00edman apresenta um vibrante design que destaca duas salamandras, rodeadas por uma bela moldura de flores coloridas, evocando a rica biodiversidade e o folclore desta encantadora ilha can\u00e1ria. Com um tamanho de 7,5 cm, \u00e9 uma pe\u00e7a que combina na perfei\u00e7\u00e3o funcionalidade e beleza, ideal para adornar qualquer frigor\u00edfico ou superf\u00edcie met\u00e1lica. O acabamento em resina proporciona um brilho deslumbrante, o que faz com que os tons vibrantes de vermelho, azul e verde se destaquem ainda mais. As salamandras, s\u00edmbolo da flora e fauna local, espalham-se sobre um fundo que simula um mosaico, acrescentando um toque art\u00edstico e atrativo que recorda os ic\u00f3nicos azulejos da regi\u00e3o. A inscri\u00e7\u00e3o &#8220;Gran Canaria&#8221; aparece em letras grandes e coloridas, garantindo que este souvenir n\u00e3o seja apenas uma bonita decora\u00e7\u00e3o, mas tamb\u00e9m uma recorda\u00e7\u00e3o memor\u00e1vel da sua visita \u00e0 ilha. Este \u00edman de resina encarna a autenticidade dos souvenirs can\u00e1rios e \u00e9 uma excelente op\u00e7\u00e3o para os turistas que procuram levar um pedacinho de Gran Canaria. Na Ol\u00e9 Mosaic, como grossistas de souvenirs, oferecemos pe\u00e7as que celebram a cultura local e o artesanato da regi\u00e3o, perfeitas para lojas de presentes tur\u00edsticos e amantes do artesanato aut\u00eantico.<\/p>\n","protected":false},"excerpt":{"rendered":"<p>\u00cdman com um vibrante design de duas salamandras rodeadas de flores coloridas, que evoca a beleza de Gran Canaria. Com um tamanho de 7,5 cm, este \u00edman destaca-se pelo seu acabamento em resina, que lhe proporciona um brilho atrativo. Os detalhes em tons vermelhos, azuis e verdes, juntamente com o fundo em mosaico, capturam a ess\u00eancia do folclore can\u00e1rio. A palavra &#8220;Gran Canaria&#8221; est\u00e1 inscrita em letras grandes e coloridas, ideal para recordar a sua visita \u00e0 ilha.<\/p>\n","protected":false},"featured_media":14109,"template":"","meta":{"_acf_changed":false},"product_brand":[],"product_cat":[699],"product_tag":[516],"class_list":{"0":"post-37521","1":"product","2":"type-product","3":"status-publish","4":"has-post-thumbnail","6":"product_cat-imanes","7":"product_tag-animais","8":"pa_ciudad-gran-canaria","9":"pa_motivo-salamandras","10":"pa_pais-espana","12":"first","13":"instock","14":"shipping-taxable","15":"product-type-simple"},"acf":[],"_links":{"self":[{"href":"https:\/\/olemosaic.com\/pt-pt\/wp-json\/wp\/v2\/product\/37521","targetHints":{"allow":["GET"]}}],"collection":[{"href":"https:\/\/olemosaic.com\/pt-pt\/wp-json\/wp\/v2\/product"}],"about":[{"href":"https:\/\/olemosaic.com\/pt-pt\/wp-json\/wp\/v2\/types\/product"}],"wp:featuredmedia":[{"embeddable":true,"href":"https:\/\/olemosaic.com\/pt-pt\/wp-json\/wp\/v2\/media\/14109"}],"wp:attachment":[{"href":"https:\/\/olemosaic.com\/pt-pt\/wp-json\/wp\/v2\/media?parent=37521"}],"wp:term":[{"taxonomy":"product_brand","embeddable":true,"href":"https:\/\/olemosaic.com\/pt-pt\/wp-json\/wp\/v2\/product_brand?post=37521"},{"taxonomy":"product_cat","embeddable":true,"href":"https:\/\/olemosaic.com\/pt-pt\/wp-json\/wp\/v2\/product_cat?post=37521"},{"taxonomy":"product_tag","embeddable":true,"href":"https:\/\/olemosaic.com\/pt-pt\/wp-json\/wp\/v2\/product_tag?post=37521"}],"curies":[{"name":"wp","href":"https:\/\/api.w.org\/{rel}","templated":true}]}}