{"id":37520,"date":"2025-02-20T23:38:09","date_gmt":"2025-02-20T22:38:09","guid":{"rendered":"http:\/\/olemosaic.com\/producto\/iman-de-resina-toro-y-bailaora-granada\/"},"modified":"2025-07-25T19:29:38","modified_gmt":"2025-07-25T17:29:38","slug":"iman-de-resina-touro-e-bailarina-granada","status":"publish","type":"product","link":"https:\/\/olemosaic.com\/pt-pt\/produto\/iman-de-resina-touro-e-bailarina-granada\/","title":{"rendered":"\u00cdman de resina. Touro e bailarina. Granada."},"content":{"rendered":"<p>Este \u00edman de resina apresenta um design vibrante e cativante que celebra a cultura espanhola, em particular a emblem\u00e1tica cidade de Granada. A pe\u00e7a destaca-se pela sua requintada representa\u00e7\u00e3o de um touro e de uma bailarina, dois s\u00edmbolos ic\u00f3nicos do folclore andaluz. O touro, majestosamente decorado, \u00e9 mostrado numa paleta de cores brilhantes, com azuis, vermelhos e amarelos, que capturam a ess\u00eancia da arte tradicional. Ao seu lado, a bailarina, trajando um vestido vermelho de folhos, evoca a alegria e o dinamismo do flamenco, com um gesto alegre que convida \u00e0 celebra\u00e7\u00e3o.<\/p>\n<p>A palavra &#8220;GRANADA&#8221; \u00e9 exibida de forma proeminente na base do \u00edman, refor\u00e7ando o seu car\u00e1cter distintivo e o orgulho cultural da regi\u00e3o. Este \u00edman n\u00e3o \u00e9 apenas um acess\u00f3rio decorativo, mas tamb\u00e9m uma aut\u00eantica recorda\u00e7\u00e3o que transporta quem o possui para a m\u00e1gica atmosfera de Granada e para a sua rica heran\u00e7a cultural. Na Ol\u00e9 Mosaic, somos distribuidores de souvenirs de resina por grosso, e este \u00edman \u00e9 uma excelente op\u00e7\u00e3o para lojas de presentes tur\u00edsticos que procuram oferecer artigos representativos e aut\u00eanticos. Sem d\u00favida, um souvenir perfeito para quem deseja levar um peda\u00e7o da cultura espanhola para casa.<\/p>\n","protected":false},"excerpt":{"rendered":"<p>\u00cdman com um design vibrante que representa um touro e uma bailarina, s\u00edmbolos emblem\u00e1ticos da cultura espanhola, concretamente de Granada. Decorado com um mosaico colorido que real\u00e7a os tons azuis, vermelhos e amarelos, este \u00edman captura a ess\u00eancia do folclore andaluz. A bailarina, vestida com um vestido vermelho adornado, mostra um gesto alegre, enquanto o touro, com um ar majestoso, completa esta representa\u00e7\u00e3o cultural. A palavra &#8220;GRANADA&#8221; destaca-se na parte inferior, acrescentando um toque distintivo.<\/p>\n","protected":false},"featured_media":14108,"template":"","meta":{"_acf_changed":false},"product_brand":[],"product_cat":[699],"product_tag":[516],"class_list":{"0":"post-37520","1":"product","2":"type-product","3":"status-publish","4":"has-post-thumbnail","6":"product_cat-imanes","7":"product_tag-animais","8":"pa_ciudad-granada","9":"pa_motivo-touros","10":"pa_pais-espana","12":"first","13":"instock","14":"shipping-taxable","15":"product-type-simple"},"acf":[],"_links":{"self":[{"href":"https:\/\/olemosaic.com\/pt-pt\/wp-json\/wp\/v2\/product\/37520","targetHints":{"allow":["GET"]}}],"collection":[{"href":"https:\/\/olemosaic.com\/pt-pt\/wp-json\/wp\/v2\/product"}],"about":[{"href":"https:\/\/olemosaic.com\/pt-pt\/wp-json\/wp\/v2\/types\/product"}],"wp:featuredmedia":[{"embeddable":true,"href":"https:\/\/olemosaic.com\/pt-pt\/wp-json\/wp\/v2\/media\/14108"}],"wp:attachment":[{"href":"https:\/\/olemosaic.com\/pt-pt\/wp-json\/wp\/v2\/media?parent=37520"}],"wp:term":[{"taxonomy":"product_brand","embeddable":true,"href":"https:\/\/olemosaic.com\/pt-pt\/wp-json\/wp\/v2\/product_brand?post=37520"},{"taxonomy":"product_cat","embeddable":true,"href":"https:\/\/olemosaic.com\/pt-pt\/wp-json\/wp\/v2\/product_cat?post=37520"},{"taxonomy":"product_tag","embeddable":true,"href":"https:\/\/olemosaic.com\/pt-pt\/wp-json\/wp\/v2\/product_tag?post=37520"}],"curies":[{"name":"wp","href":"https:\/\/api.w.org\/{rel}","templated":true}]}}