{"id":37519,"date":"2025-02-20T23:38:09","date_gmt":"2025-02-20T22:38:09","guid":{"rendered":"http:\/\/olemosaic.com\/producto\/iman-de-resina-letrero-tenerife\/"},"modified":"2025-07-25T20:30:01","modified_gmt":"2025-07-25T18:30:01","slug":"iman-de-resina-letreiro-tenerife","status":"publish","type":"product","link":"https:\/\/olemosaic.com\/pt-pt\/produto\/iman-de-resina-letreiro-tenerife\/","title":{"rendered":"\u00cdman de resina. Letreiro. Tenerife."},"content":{"rendered":"<p>Este \u00edman de resina apresenta um colorido letreiro com a palavra &#8220;TENERIFE&#8221;, ideal para quem deseja levar uma recorda\u00e7\u00e3o desta bela ilha can\u00e1ria. O seu vibrante design caracteriza-se por uma tipografia moderna e geom\u00e9trica que irradia alegria e vitalidade, complementada por um fundo que evoca a cer\u00e2mica can\u00e1ria, com um espetacular efeito de mosaico em tons cinzentos e toques de cor que real\u00e7am a sua autenticidade. Este atrativo souvenir inclui um pequeno lagarto decorativo, representativo da fauna local, que acrescenta um toque encantador e distintivo, simbolizando a riqueza natural de Tenerife.<\/p>\n<p>A liga\u00e7\u00e3o cultural deste \u00edman com a ilha \u00e9 ineg\u00e1vel, uma vez que Tenerife \u00e9 conhecida pela sua multiculturalidade, pela sua impressionante paisagem e pelo seu legado art\u00edstico. Este souvenir \u00e9 mais do que um simples objeto decorativo; \u00e9 um peda\u00e7o da tradi\u00e7\u00e3o can\u00e1ria que encapsula a ess\u00eancia da ilha e que pode ser um excelente complemento para qualquer frigor\u00edfico ou superf\u00edcie met\u00e1lica. Na Ol\u00e9 Mosaic, orgulhamo-nos de oferecer souvenirs aut\u00eanticos e representativos de cada regi\u00e3o, e este \u00edman de Tenerife \u00e9 uma fant\u00e1stica op\u00e7\u00e3o para lojas de presentes tur\u00edsticos que desejem oferecer produtos de qualidade, ressoando com a experi\u00eancia inesquec\u00edvel de quem visita esta maravilhosa ilha. Como distribuidor de souvenirs por grosso, garantimos a originalidade e o encanto em cada pe\u00e7a, assegurando que cada cliente leva um fragmento de Tenerife para casa.<\/p>\n","protected":false},"excerpt":{"rendered":"<p>\u00cdman que mostra um colorido letreiro com a palavra &#8220;TENERIFE&#8221;. O seu atrativo design destaca-se por uma tipografia vibrante, com formas geom\u00e9tricas e um fundo que simula um mosaico, evocando a cer\u00e2mica can\u00e1ria. \u00c9 complementado por um pequeno lagarto colorido, tornando este \u00edman numa encantadora representa\u00e7\u00e3o da ess\u00eancia de Tenerife, ideal para recordar a sua beleza e cultura em qualquer frigor\u00edfico ou superf\u00edcie met\u00e1lica.<\/p>\n","protected":false},"featured_media":14107,"template":"","meta":{"_acf_changed":false},"product_brand":[],"product_cat":[699],"product_tag":[],"class_list":{"0":"post-37519","1":"product","2":"type-product","3":"status-publish","4":"has-post-thumbnail","6":"product_cat-imanes","7":"pa_ciudad-tenerife","8":"pa_motivo-letreiros-de-cidades","9":"pa_pais-espana","11":"first","12":"instock","13":"shipping-taxable","14":"product-type-simple"},"acf":[],"_links":{"self":[{"href":"https:\/\/olemosaic.com\/pt-pt\/wp-json\/wp\/v2\/product\/37519","targetHints":{"allow":["GET"]}}],"collection":[{"href":"https:\/\/olemosaic.com\/pt-pt\/wp-json\/wp\/v2\/product"}],"about":[{"href":"https:\/\/olemosaic.com\/pt-pt\/wp-json\/wp\/v2\/types\/product"}],"wp:featuredmedia":[{"embeddable":true,"href":"https:\/\/olemosaic.com\/pt-pt\/wp-json\/wp\/v2\/media\/14107"}],"wp:attachment":[{"href":"https:\/\/olemosaic.com\/pt-pt\/wp-json\/wp\/v2\/media?parent=37519"}],"wp:term":[{"taxonomy":"product_brand","embeddable":true,"href":"https:\/\/olemosaic.com\/pt-pt\/wp-json\/wp\/v2\/product_brand?post=37519"},{"taxonomy":"product_cat","embeddable":true,"href":"https:\/\/olemosaic.com\/pt-pt\/wp-json\/wp\/v2\/product_cat?post=37519"},{"taxonomy":"product_tag","embeddable":true,"href":"https:\/\/olemosaic.com\/pt-pt\/wp-json\/wp\/v2\/product_tag?post=37519"}],"curies":[{"name":"wp","href":"https:\/\/api.w.org\/{rel}","templated":true}]}}