{"id":37518,"date":"2025-02-20T23:38:09","date_gmt":"2025-02-20T22:38:09","guid":{"rendered":"http:\/\/olemosaic.com\/producto\/iman-de-resina-letrero-madrid\/"},"modified":"2025-07-25T19:58:36","modified_gmt":"2025-07-25T17:58:36","slug":"iman-de-resina-letreiro-madrid","status":"publish","type":"product","link":"https:\/\/olemosaic.com\/pt-pt\/produto\/iman-de-resina-letreiro-madrid\/","title":{"rendered":"\u00cdman de resina. Letreiro. Madrid."},"content":{"rendered":"<p>Este \u00edman de resina com o letreiro &#8220;MADRID&#8221; \u00e9 uma pe\u00e7a decorativa vibrante que captura a ess\u00eancia da capital espanhola. Com um design que celebra a cultura e a arte contempor\u00e2nea, esta obra apresenta um mosaico alegre onde as letras se destacam em cores intensas como o vermelho, azul, verde e amarelo, fazendo com que &#8220;MADRID&#8221; sobressaia com uma energia \u00fanica. \u00c0 esquerda, um ic\u00f3nico touro multicolor integra-se perfeitamente no design, simbolizando a rica tradi\u00e7\u00e3o espanhola e uma das figuras mais emblem\u00e1ticas do pa\u00eds, que evoca a paix\u00e3o da tauromaquia.<\/p>\n<p>O fundo, adornado com padr\u00f5es de mosaico em tons cinzentos, acrescenta um toque elegante e contempor\u00e2neo, reminisc\u00eancia da arte do c\u00e9lebre arquiteto Antoni Gaud\u00ed, conhecido pelo seu uso excecional da cor e da forma. Este \u00edman n\u00e3o \u00e9 apenas uma bonita recorda\u00e7\u00e3o de Madrid, mas tamb\u00e9m um reflexo da diversidade cultural de la regi\u00e3o, tornando-o o souvenir perfeito para quem deseja levar um peda\u00e7o da capital para casa.<\/p>\n<p>Ideal para turistas e como atrativo souvenir de Madrid, este \u00edman \u00e9 uma extraordin\u00e1ria representa\u00e7\u00e3o da heran\u00e7a cultural e art\u00edstica de Espanha. Na Ol\u00e9 Mosaic especializamo-nos na distribui\u00e7\u00e3o de souvenirs por grosso, oferecendo produtos de qualidade que encantam e atraem os clientes de lojas de presentes tur\u00edsticos. Este \u00edman \u00e9 uma excelente op\u00e7\u00e3o para aqueles que procuram souvenirs aut\u00eanticos e significativos da sua passagem por Madrid.<\/p>\n","protected":false},"excerpt":{"rendered":"<p>\u00cdman com um colorido letreiro que diz &#8220;MADRID&#8221;, adornado com um alegre e vibrante design de mosaico. Este \u00edman inclui um ic\u00f3nico touro multicolor, s\u00edmbolo representativo da cultura espanhola, sobre um fundo com padr\u00f5es de mosaico em tons cinzentos e detalhes em vermelho, amarelo e azul, evocando a arte do famoso Antoni Gaud\u00ed. Ideal para recordar a capital espanhola com um toque art\u00edstico e contempor\u00e2neo.<\/p>\n","protected":false},"featured_media":14106,"template":"","meta":{"_acf_changed":false},"product_brand":[],"product_cat":[699],"product_tag":[516],"class_list":{"0":"post-37518","1":"product","2":"type-product","3":"status-publish","4":"has-post-thumbnail","6":"product_cat-imanes","7":"product_tag-animais","8":"pa_ciudad-madrid","9":"pa_motivo-letreiros-de-cidades","10":"pa_pais-espana","12":"first","13":"instock","14":"shipping-taxable","15":"product-type-simple"},"acf":[],"_links":{"self":[{"href":"https:\/\/olemosaic.com\/pt-pt\/wp-json\/wp\/v2\/product\/37518","targetHints":{"allow":["GET"]}}],"collection":[{"href":"https:\/\/olemosaic.com\/pt-pt\/wp-json\/wp\/v2\/product"}],"about":[{"href":"https:\/\/olemosaic.com\/pt-pt\/wp-json\/wp\/v2\/types\/product"}],"wp:featuredmedia":[{"embeddable":true,"href":"https:\/\/olemosaic.com\/pt-pt\/wp-json\/wp\/v2\/media\/14106"}],"wp:attachment":[{"href":"https:\/\/olemosaic.com\/pt-pt\/wp-json\/wp\/v2\/media?parent=37518"}],"wp:term":[{"taxonomy":"product_brand","embeddable":true,"href":"https:\/\/olemosaic.com\/pt-pt\/wp-json\/wp\/v2\/product_brand?post=37518"},{"taxonomy":"product_cat","embeddable":true,"href":"https:\/\/olemosaic.com\/pt-pt\/wp-json\/wp\/v2\/product_cat?post=37518"},{"taxonomy":"product_tag","embeddable":true,"href":"https:\/\/olemosaic.com\/pt-pt\/wp-json\/wp\/v2\/product_tag?post=37518"}],"curies":[{"name":"wp","href":"https:\/\/api.w.org\/{rel}","templated":true}]}}