{"id":37517,"date":"2025-02-20T23:38:09","date_gmt":"2025-02-20T22:38:09","guid":{"rendered":"http:\/\/olemosaic.com\/producto\/iman-de-resina-panoramica-barcelona-20\/"},"modified":"2025-07-25T20:10:18","modified_gmt":"2025-07-25T18:10:18","slug":"iman-de-resina-panoramica-barcelona-20-pt-pt","status":"publish","type":"product","link":"https:\/\/olemosaic.com\/pt-pt\/produto\/iman-de-resina-panoramica-barcelona-20-pt-pt\/","title":{"rendered":"\u00cdman de resina. Panor\u00e2mica. Sagrada Fam\u00edlia e Casa Batll\u00f3. Barcelona."},"content":{"rendered":"<p>\u00cdman de resina de Barcelona<\/p>\n<p>Este \u00edman de resina oferece uma vibrante panor\u00e2mica de Barcelona, capturando a ess\u00eancia da Cidade Condal de forma colorida e detalhada. No seu design destacam-se monumentos ic\u00f3nicos como a Sagrada Fam\u00edlia e a Casa Batll\u00f3, cuja arquitetura modernista define a identidade de Barcelona. A Sagrada Fam\u00edlia, com as suas torres altas e detalhes elaborados, apresenta-se majestosa, enquanto a forma ondulante da Casa Batll\u00f3 reflete a criatividade de Antoni Gaud\u00ed, criador de maravilhas arquitet\u00f3nicas na cidade.<\/p>\n<p>O acabamento brilhante do \u00edman real\u00e7a os tons azuis, amarelos e vermelhos, evocando o calor do sol catal\u00e3o e a arte vibrante que se respira nas suas ruas. Na base, a palavra &#8220;Barcelona&#8221; destaca-se num arco-\u00edris de cores, garantindo que este \u00edman seja, al\u00e9m de um objeto decorativo, uma aut\u00eantica recorda\u00e7\u00e3o cultural da capital catal\u00e3. Com a sua combina\u00e7\u00e3o de elementos visuais fascinantes e um acabamento atrativo, este \u00edman \u00e9 um souvenir perfeito para turistas que desejem levar para casa um pedacinho de Barcelona.<\/p>\n<p>Na Ol\u00e9 Mosaic, como distribuidores de souvenirs por grosso, oferecemos produtos aut\u00eanticos que refletem a rica heran\u00e7a cultural espanhola, o que torna este \u00edman uma excelente op\u00e7\u00e3o para lojas de presentes tur\u00edsticos que procurem artigos representativos e de qualidade.<\/p>\n","protected":false},"excerpt":{"rendered":"<p>\u00cdman que oferece uma vibrante panor\u00e2mica de Barcelona. Este atrativo \u00edman apresenta \u00edcones ic\u00f3nicos como a Sagrada Fam\u00edlia e a Casa Batll\u00f3, com um design colorido e detalhado. Os edif\u00edcios destacam-se com um acabamento brilhante, combinando tons azuis, amarelos e vermelhos que evocam a arte modernista da cidade. Sob a ilustra\u00e7\u00e3o, a palavra &#8220;Barcelona&#8221; sobressai com cores chamativas, o que torna este \u00edman uma recorda\u00e7\u00e3o perfeita da capital catal\u00e3.<\/p>\n","protected":false},"featured_media":14105,"template":"","meta":{"_acf_changed":false},"product_brand":[],"product_cat":[699],"product_tag":[],"class_list":{"0":"post-37517","1":"product","2":"type-product","3":"status-publish","4":"has-post-thumbnail","6":"product_cat-imanes","7":"pa_ciudad-barcelona","8":"pa_motivo-panoramas","9":"pa_pais-espana","11":"first","12":"instock","13":"shipping-taxable","14":"product-type-simple"},"acf":[],"_links":{"self":[{"href":"https:\/\/olemosaic.com\/pt-pt\/wp-json\/wp\/v2\/product\/37517","targetHints":{"allow":["GET"]}}],"collection":[{"href":"https:\/\/olemosaic.com\/pt-pt\/wp-json\/wp\/v2\/product"}],"about":[{"href":"https:\/\/olemosaic.com\/pt-pt\/wp-json\/wp\/v2\/types\/product"}],"wp:featuredmedia":[{"embeddable":true,"href":"https:\/\/olemosaic.com\/pt-pt\/wp-json\/wp\/v2\/media\/14105"}],"wp:attachment":[{"href":"https:\/\/olemosaic.com\/pt-pt\/wp-json\/wp\/v2\/media?parent=37517"}],"wp:term":[{"taxonomy":"product_brand","embeddable":true,"href":"https:\/\/olemosaic.com\/pt-pt\/wp-json\/wp\/v2\/product_brand?post=37517"},{"taxonomy":"product_cat","embeddable":true,"href":"https:\/\/olemosaic.com\/pt-pt\/wp-json\/wp\/v2\/product_cat?post=37517"},{"taxonomy":"product_tag","embeddable":true,"href":"https:\/\/olemosaic.com\/pt-pt\/wp-json\/wp\/v2\/product_tag?post=37517"}],"curies":[{"name":"wp","href":"https:\/\/api.w.org\/{rel}","templated":true}]}}