{"id":37516,"date":"2025-02-20T23:38:09","date_gmt":"2025-02-20T22:38:09","guid":{"rendered":"http:\/\/olemosaic.com\/producto\/iman-de-resina-toro-y-bailaora-ronda\/"},"modified":"2025-07-25T20:29:20","modified_gmt":"2025-07-25T18:29:20","slug":"iman-de-resina-touro-e-bailaora-ronda","status":"publish","type":"product","link":"https:\/\/olemosaic.com\/pt-pt\/produto\/iman-de-resina-touro-e-bailaora-ronda\/","title":{"rendered":"\u00cdman de resina. Touro e bailaora. Ronda."},"content":{"rendered":"<p>Este \u00edman de resina \u00e9 uma atraente recorda\u00e7\u00e3o de Ronda, Espanha, que capta a vibrante ess\u00eancia do flamenco e a tradi\u00e7\u00e3o pecu\u00e1ria desta emblem\u00e1tica cidade andaluza. Num design que simula um mosaico colorido, representam-se um touro majestoso e uma bailaora a dan\u00e7ar, ambos destacados pela sua energia e dinamismo. O touro, representado em tons intensos de azul, verde e amarelo, simboliza a for\u00e7a e a bravura que caracterizam a cultura andaluza, enquanto a bailaora, vestida com um belo traje vermelho adornado com folhos, irradia alegria atrav\u00e9s da dan\u00e7a flamenca.<\/p>\n<p>A base do \u00edman apresenta a palavra &#8220;Ronda&#8221; num formato multicolor, que complementa o design.<\/p>\n<p>Este \u00edman \u00e9 mais do que uma simples recorda\u00e7\u00e3o; \u00e9 uma homenagem \u00e0 rica heran\u00e7a cultural de Ronda, famosa pela sua arquitetura e paisagens impressionantes, bem como pelas suas tradi\u00e7\u00f5es flamencas e taurom\u00e1quicas. Ideal para turistas que procuram recorda\u00e7\u00f5es representativas, este \u00edman combina autenticidade e ess\u00eancia cultural, tornando-se uma excelente op\u00e7\u00e3o para recordar momentos especiais vividos nesta encantadora cidade. Na Ol\u00e9 Mosaic, distribu\u00edmos recorda\u00e7\u00f5es de qualidade por grosso, e este \u00edman de Ronda destaca-se como um produto atraente para lojas de presentes tur\u00edsticos que procuram oferecer artigos \u00fanicos e significativos.<\/p>\n","protected":false},"excerpt":{"rendered":"<p>\u00cdman que celebra a ess\u00eancia do flamenco e a tradi\u00e7\u00e3o pecu\u00e1ria de Ronda, Espanha. Este atraente souvenir apresenta uma colorida representa\u00e7\u00e3o de um touro e de uma bailaora num design que simula um mosaico. Com vibrantes tons azuis, verdes, vermelhos e amarelos, ilustra a alegria da dan\u00e7a flamenca, enquanto a palavra &#8220;Ronda&#8221;, numa base multicolor, destaca a liga\u00e7\u00e3o a esta emblem\u00e1tica cidade. Ideal para recordar a rica cultura andaluza.<\/p>\n","protected":false},"featured_media":14104,"template":"","meta":{"_acf_changed":false},"product_brand":[],"product_cat":[699],"product_tag":[516],"class_list":{"0":"post-37516","1":"product","2":"type-product","3":"status-publish","4":"has-post-thumbnail","6":"product_cat-imanes","7":"product_tag-animais","8":"pa_ciudad-ronda","9":"pa_motivo-touros","10":"pa_pais-espana","12":"first","13":"instock","14":"shipping-taxable","15":"product-type-simple"},"acf":[],"_links":{"self":[{"href":"https:\/\/olemosaic.com\/pt-pt\/wp-json\/wp\/v2\/product\/37516","targetHints":{"allow":["GET"]}}],"collection":[{"href":"https:\/\/olemosaic.com\/pt-pt\/wp-json\/wp\/v2\/product"}],"about":[{"href":"https:\/\/olemosaic.com\/pt-pt\/wp-json\/wp\/v2\/types\/product"}],"wp:featuredmedia":[{"embeddable":true,"href":"https:\/\/olemosaic.com\/pt-pt\/wp-json\/wp\/v2\/media\/14104"}],"wp:attachment":[{"href":"https:\/\/olemosaic.com\/pt-pt\/wp-json\/wp\/v2\/media?parent=37516"}],"wp:term":[{"taxonomy":"product_brand","embeddable":true,"href":"https:\/\/olemosaic.com\/pt-pt\/wp-json\/wp\/v2\/product_brand?post=37516"},{"taxonomy":"product_cat","embeddable":true,"href":"https:\/\/olemosaic.com\/pt-pt\/wp-json\/wp\/v2\/product_cat?post=37516"},{"taxonomy":"product_tag","embeddable":true,"href":"https:\/\/olemosaic.com\/pt-pt\/wp-json\/wp\/v2\/product_tag?post=37516"}],"curies":[{"name":"wp","href":"https:\/\/api.w.org\/{rel}","templated":true}]}}