{"id":37515,"date":"2025-02-20T23:38:08","date_gmt":"2025-02-20T22:38:08","guid":{"rendered":"http:\/\/olemosaic.com\/producto\/iman-de-resina-panoramica-ronda\/"},"modified":"2025-07-26T00:08:28","modified_gmt":"2025-07-25T22:08:28","slug":"iman-de-resina-panoramica-ronda-pt-pt","status":"publish","type":"product","link":"https:\/\/olemosaic.com\/pt-pt\/produto\/iman-de-resina-panoramica-ronda-pt-pt\/","title":{"rendered":"\u00cdman de resina. Panor\u00e2mica. Ronda."},"content":{"rendered":"<p>Este \u00edman de resina, com a ic\u00f3nica panor\u00e2mica de Ronda, \u00e9 uma vibrante homenagem \u00e0 beleza e cultura desta hist\u00f3rica cidade andaluza. O seu design apresenta a famosa ponte sobre o desfiladeiro como elemento central, uma impressionante estrutura que liga duas fal\u00e9sias e simboliza a uni\u00e3o e a hist\u00f3ria da regi\u00e3o. Emoldurando esta emblem\u00e1tica obra arquitet\u00f3nica, encontramos detalhes coloridos que refletem a paisagem montanhosa, com um sol radiante que acrescenta calor e luz \u00e0 composi\u00e7\u00e3o. Aos lados da ponte foram incorporadas figuras que representam a cultura taurom\u00e1quica, real\u00e7ando a import\u00e2ncia desta tradi\u00e7\u00e3o na identidade local.<\/p>\n<p>O nome &#8220;Ronda&#8221; apresenta-se em tons vibrantes, integrando-se perfeitamente no design e tornando-o facilmente reconhec\u00edvel. Este \u00edman n\u00e3o s\u00f3 \u00e9 uma recorda\u00e7\u00e3o funcional, como tamb\u00e9m capta a ess\u00eancia do folclore de Ronda, tornando-se uma excelente op\u00e7\u00e3o para os turistas que procuram souvenirs aut\u00eanticos que recordem a sua visita a esta encantadora cidade.<\/p>\n<p>Na Ol\u00e9 Mosaic especializamo-nos na distribui\u00e7\u00e3o de souvenirs por grosso, e este \u00edman \u00e9 uma representa\u00e7\u00e3o perfeita do patrim\u00f3nio cultural da Andaluzia. \u00c9 uma op\u00e7\u00e3o ideal para lojas de presentes tur\u00edsticos que desejem oferecer produtos que realcem a autenticidade e a rica diversidade da cultura espanhola.<\/p>\n","protected":false},"excerpt":{"rendered":"<p>\u00cdman que capta a ic\u00f3nica panor\u00e2mica de Ronda, com a famosa ponte sobre o Tejo como elemento central. Esta atraente recorda\u00e7\u00e3o inclui figuras que representam a cultura taurom\u00e1quica, emolduradas por uma paisagem montanhosa e um sol radiante ao fundo. Com um design colorido que apresenta o nome &#8220;Ronda&#8221; em tons vibrantes, este \u00edman \u00e9 uma recorda\u00e7\u00e3o perfeita da beleza e do folclore desta hist\u00f3rica cidade andaluza.<\/p>\n","protected":false},"featured_media":14103,"template":"","meta":{"_acf_changed":false},"product_brand":[],"product_cat":[699],"product_tag":[],"class_list":{"0":"post-37515","1":"product","2":"type-product","3":"status-publish","4":"has-post-thumbnail","6":"product_cat-imanes","7":"pa_ciudad-ronda","8":"pa_motivo-panoramas","9":"pa_pais-espana","11":"first","12":"instock","13":"shipping-taxable","14":"product-type-simple"},"acf":[],"_links":{"self":[{"href":"https:\/\/olemosaic.com\/pt-pt\/wp-json\/wp\/v2\/product\/37515","targetHints":{"allow":["GET"]}}],"collection":[{"href":"https:\/\/olemosaic.com\/pt-pt\/wp-json\/wp\/v2\/product"}],"about":[{"href":"https:\/\/olemosaic.com\/pt-pt\/wp-json\/wp\/v2\/types\/product"}],"wp:featuredmedia":[{"embeddable":true,"href":"https:\/\/olemosaic.com\/pt-pt\/wp-json\/wp\/v2\/media\/14103"}],"wp:attachment":[{"href":"https:\/\/olemosaic.com\/pt-pt\/wp-json\/wp\/v2\/media?parent=37515"}],"wp:term":[{"taxonomy":"product_brand","embeddable":true,"href":"https:\/\/olemosaic.com\/pt-pt\/wp-json\/wp\/v2\/product_brand?post=37515"},{"taxonomy":"product_cat","embeddable":true,"href":"https:\/\/olemosaic.com\/pt-pt\/wp-json\/wp\/v2\/product_cat?post=37515"},{"taxonomy":"product_tag","embeddable":true,"href":"https:\/\/olemosaic.com\/pt-pt\/wp-json\/wp\/v2\/product_tag?post=37515"}],"curies":[{"name":"wp","href":"https:\/\/api.w.org\/{rel}","templated":true}]}}