{"id":37514,"date":"2025-02-20T23:38:08","date_gmt":"2025-02-20T22:38:08","guid":{"rendered":"http:\/\/olemosaic.com\/producto\/iman-de-resina-toros-valencia\/"},"modified":"2025-07-25T19:38:06","modified_gmt":"2025-07-25T17:38:06","slug":"iman-de-resina-touros-valencia","status":"publish","type":"product","link":"https:\/\/olemosaic.com\/pt-pt\/produto\/iman-de-resina-touros-valencia\/","title":{"rendered":"\u00cdman de resina. Touros. Val\u00eancia."},"content":{"rendered":"<p>Este \u00edman de resina capta a ess\u00eancia vibrante de Val\u00eancia, com um ic\u00f3nico touro que simboliza a rica tradi\u00e7\u00e3o espanhola. Desenhado com um inspirador estilo de mosaico, a sua superf\u00edcie apresenta um deslumbrante leque de cores: verdes, azuis, vermelhos e amarelos combinam-se para criar uma representa\u00e7\u00e3o visualmente impactante. O fundo ensolarado, adornado com um sol radiante e delicadas flores vermelhas, complementa o touro e evoca o calor do clima mediterr\u00e2nico e a beleza natural da regi\u00e3o.<\/p>\n<p>A palavra &#8220;Val\u00eancia&#8221; destaca-se num chamativo estilo tipogr\u00e1fico, assegurando que este \u00edman seja um aut\u00eantico s\u00edmbolo da cultura valenciana. N\u00e3o \u00e9 apenas um objeto funcional, mas um souvenir que celebra o folclore e a paix\u00e3o de uma cidade conhecida pelas suas festas, touradas e gastronomia. Ideal para turistas que procuram uma recorda\u00e7\u00e3o de Val\u00eancia, este \u00edman \u00e9 uma excelente op\u00e7\u00e3o para lojas de presentes. Na Ol\u00e9 Mosaic, como grossistas de produtos \u00fanicos, garantimos que cada \u00edman de resina \u00e9 uma pe\u00e7a representativa da tradi\u00e7\u00e3o e da arte espanhola, perfeita para recordar momentos inesquec\u00edveis.<\/p>\n","protected":false},"excerpt":{"rendered":"<p>\u00cdman que capta a ess\u00eancia de Val\u00eancia, com uma colorida representa\u00e7\u00e3o de um touro, s\u00edmbolo da tradi\u00e7\u00e3o espanhola. O design, inspirado na t\u00e9cnica do mosaico, destaca-se por uma vibrante paleta de cores: verdes, azuis, vermelhos e amarelos. Rodeado por um fundo ensolarado com um sol radiante e flores, cada detalhe \u00e9 meticulosamente elaborado, oferecendo uma recorda\u00e7\u00e3o atraente e aut\u00eantica da cultura valenciana. A palavra &#8220;Val\u00eancia&#8221; aparece num estilo chamativo, complementando o conjunto.<\/p>\n","protected":false},"featured_media":14102,"template":"","meta":{"_acf_changed":false},"product_brand":[],"product_cat":[699],"product_tag":[516],"class_list":{"0":"post-37514","1":"product","2":"type-product","3":"status-publish","4":"has-post-thumbnail","6":"product_cat-imanes","7":"product_tag-animais","8":"pa_ciudad-valencia","9":"pa_motivo-touros","10":"pa_pais-espana","12":"first","13":"instock","14":"shipping-taxable","15":"product-type-simple"},"acf":[],"_links":{"self":[{"href":"https:\/\/olemosaic.com\/pt-pt\/wp-json\/wp\/v2\/product\/37514","targetHints":{"allow":["GET"]}}],"collection":[{"href":"https:\/\/olemosaic.com\/pt-pt\/wp-json\/wp\/v2\/product"}],"about":[{"href":"https:\/\/olemosaic.com\/pt-pt\/wp-json\/wp\/v2\/types\/product"}],"wp:featuredmedia":[{"embeddable":true,"href":"https:\/\/olemosaic.com\/pt-pt\/wp-json\/wp\/v2\/media\/14102"}],"wp:attachment":[{"href":"https:\/\/olemosaic.com\/pt-pt\/wp-json\/wp\/v2\/media?parent=37514"}],"wp:term":[{"taxonomy":"product_brand","embeddable":true,"href":"https:\/\/olemosaic.com\/pt-pt\/wp-json\/wp\/v2\/product_brand?post=37514"},{"taxonomy":"product_cat","embeddable":true,"href":"https:\/\/olemosaic.com\/pt-pt\/wp-json\/wp\/v2\/product_cat?post=37514"},{"taxonomy":"product_tag","embeddable":true,"href":"https:\/\/olemosaic.com\/pt-pt\/wp-json\/wp\/v2\/product_tag?post=37514"}],"curies":[{"name":"wp","href":"https:\/\/api.w.org\/{rel}","templated":true}]}}