{"id":37513,"date":"2025-02-20T23:38:08","date_gmt":"2025-02-20T22:38:08","guid":{"rendered":"http:\/\/olemosaic.com\/producto\/iman-de-resina-panoramica-marbella\/"},"modified":"2025-07-25T18:42:03","modified_gmt":"2025-07-25T16:42:03","slug":"iman-de-resina-panoramica-marbella-pt-pt","status":"publish","type":"product","link":"https:\/\/olemosaic.com\/pt-pt\/produto\/iman-de-resina-panoramica-marbella-pt-pt\/","title":{"rendered":"\u00cdman de resina. Panor\u00e2mica. Marbella."},"content":{"rendered":"<p>Este \u00edman de resina, que capta a ess\u00eancia de Marbella, \u00e9 um souvenir vibrante e atraente que transforma mem\u00f3rias em arte. Com um design panor\u00e2mico cativante, destaca os elementos ic\u00f3nicos desta bela cidade andaluza. Em primeiro plano, o famoso farol ergue-se com as suas distintivas riscas vermelhas e brancas, enquanto os modernos edif\u00edcios da costa acrescentam um toque contempor\u00e2neo \u00e0 cena. As exuberantes palmeiras emolduram a imagem, evocando a atmosfera tropical e relaxante que caracteriza Marbella.<\/p>\n<p>O fundo azul intenso representa um c\u00e9u ensolarado, ideal para recordar os dias dourados na praia, enquanto o sol radiante parece sorrir sobre esta vibrante panor\u00e2mica. A palavra &#8220;Marbella&#8221;, escrita em letras brilhantes e coloridas, acrescenta um toque alegre e divertido, tornando este \u00edman uma excelente recorda\u00e7\u00e3o das f\u00e9rias na Costa del Sol.<\/p>\n<p>Este \u00edman n\u00e3o \u00e9 apenas um adorno decorativo, mas um s\u00edmbolo cultural que representa a mistura de tradi\u00e7\u00e3o e modernidade que define Marbella. \u00c9 o souvenir perfeito para turistas que procuram levar um peda\u00e7o da sua experi\u00eancia ou como um presente aut\u00eantico para amigos e familiares. Na Ol\u00e9 Mosaic, como distribuidores de souvenirs por grosso, oferecemos produtos que refletem o esp\u00edrito do local, e este \u00edman de Marbella \u00e9 uma op\u00e7\u00e3o excecional para lojas de presentes tur\u00edsticos que procuram qualidade e autenticidade nos seus produtos.<\/p>\n","protected":false},"excerpt":{"rendered":"<p>\u00cdman que capta a ess\u00eancia de Marbella com uma vibrante panor\u00e2mica da sua costa. Esta atraente recorda\u00e7\u00e3o mostra um design colorido que inclui o famoso farol, edif\u00edcios emblem\u00e1ticos e palmeiras, tudo emoldurado por um c\u00e9u azul ensolarado. A palavra &#8220;Marbella&#8221; destaca-se em letras brilhantes, evocando o car\u00e1ter alegre e ensolarado desta cidade andaluza. Ideal para recordar a sua visita ou como presente para amigos e familiares.<\/p>\n","protected":false},"featured_media":14101,"template":"","meta":{"_acf_changed":false},"product_brand":[],"product_cat":[699],"product_tag":[],"class_list":{"0":"post-37513","1":"product","2":"type-product","3":"status-publish","4":"has-post-thumbnail","6":"product_cat-imanes","7":"pa_ciudad-marbella","8":"pa_motivo-panoramas","9":"pa_pais-espana","11":"first","12":"instock","13":"shipping-taxable","14":"product-type-simple"},"acf":[],"_links":{"self":[{"href":"https:\/\/olemosaic.com\/pt-pt\/wp-json\/wp\/v2\/product\/37513","targetHints":{"allow":["GET"]}}],"collection":[{"href":"https:\/\/olemosaic.com\/pt-pt\/wp-json\/wp\/v2\/product"}],"about":[{"href":"https:\/\/olemosaic.com\/pt-pt\/wp-json\/wp\/v2\/types\/product"}],"wp:featuredmedia":[{"embeddable":true,"href":"https:\/\/olemosaic.com\/pt-pt\/wp-json\/wp\/v2\/media\/14101"}],"wp:attachment":[{"href":"https:\/\/olemosaic.com\/pt-pt\/wp-json\/wp\/v2\/media?parent=37513"}],"wp:term":[{"taxonomy":"product_brand","embeddable":true,"href":"https:\/\/olemosaic.com\/pt-pt\/wp-json\/wp\/v2\/product_brand?post=37513"},{"taxonomy":"product_cat","embeddable":true,"href":"https:\/\/olemosaic.com\/pt-pt\/wp-json\/wp\/v2\/product_cat?post=37513"},{"taxonomy":"product_tag","embeddable":true,"href":"https:\/\/olemosaic.com\/pt-pt\/wp-json\/wp\/v2\/product_tag?post=37513"}],"curies":[{"name":"wp","href":"https:\/\/api.w.org\/{rel}","templated":true}]}}