{"id":37512,"date":"2025-02-20T23:38:08","date_gmt":"2025-02-20T22:38:08","guid":{"rendered":"http:\/\/olemosaic.com\/producto\/iman-de-resina-toros-madrid\/"},"modified":"2025-07-25T18:52:24","modified_gmt":"2025-07-25T16:52:24","slug":"iman-de-resina-touros-madrid","status":"publish","type":"product","link":"https:\/\/olemosaic.com\/pt-pt\/produto\/iman-de-resina-touros-madrid\/","title":{"rendered":"\u00cdman de resina. Touros. Madrid."},"content":{"rendered":"<p>\u00cdman decorativo de resina de Madrid, uma recorda\u00e7\u00e3o vibrante que capta a ess\u00eancia da capital espanhola. Este \u00edman, com um design em estilo mosaico, apresenta um majestoso touro, s\u00edmbolo ic\u00f3nico da cultura espanhola, que evoca a rica tradi\u00e7\u00e3o da arte e da tauromaquia. As cores vivas e as formas geom\u00e9tricas do touro criam um efeito visual cativante, enquanto um sol radiante aparece na parte superior, simbolizando o calor e a energia da cidade. O fundo, adornado com delicadas rosas vermelhas, confere um toque de frescura e eleg\u00e2ncia \u00e0 composi\u00e7\u00e3o.<\/p>\n<p>O texto &#8220;MADRID&#8221;, localizado na base do \u00edman, destaca-se com letras vibrantes, tornando este artigo um souvenir ideal tanto para os amantes da tradi\u00e7\u00e3o como para aqueles que procuram levar um peda\u00e7o da cultura madrilena. Este \u00edman de resina n\u00e3o \u00e9 apenas um objeto decorativo; \u00e9 uma recorda\u00e7\u00e3o tang\u00edvel da riqueza cultural de Madrid e do seu vibrante folclore.<\/p>\n<p>Como distribuidor de souvenirs por grosso, a Ol\u00e9 Mosaic oferece este \u00edman do touro de Madrid como uma op\u00e7\u00e3o perfeita para lojas de presentes tur\u00edsticos, proporcionando um produto aut\u00eantico que se destaca pelo seu design art\u00edstico e pela sua liga\u00e7\u00e3o ao patrim\u00f3nio espanhol. Este souvenir de Madrid \u00e9 um excelente presente que capta a beleza e a tradi\u00e7\u00e3o da cidade, ideal para todos aqueles que desejam levar uma recorda\u00e7\u00e3o significativa da sua visita.<\/p>\n","protected":false},"excerpt":{"rendered":"<p>\u00cdman que capta a ess\u00eancia de Madrid, decorado com uma vibrante representa\u00e7\u00e3o de um touro, s\u00edmbolo da cultura espanhola. Este \u00edman apresenta um design colorido em estilo mosaico, com detalhes geom\u00e9tricos que incluem um sol radiante e um fundo de rosas vermelhas. A palavra &#8220;MADRID&#8221; destaca-se na base, o que o torna uma recorda\u00e7\u00e3o ideal para os amantes da tradi\u00e7\u00e3o e do folclore espanhol.<\/p>\n","protected":false},"featured_media":14100,"template":"","meta":{"_acf_changed":false},"product_brand":[],"product_cat":[699],"product_tag":[516],"class_list":{"0":"post-37512","1":"product","2":"type-product","3":"status-publish","4":"has-post-thumbnail","6":"product_cat-imanes","7":"product_tag-animais","8":"pa_ciudad-madrid","9":"pa_motivo-touros","10":"pa_pais-espana","12":"first","13":"instock","14":"shipping-taxable","15":"product-type-simple"},"acf":[],"_links":{"self":[{"href":"https:\/\/olemosaic.com\/pt-pt\/wp-json\/wp\/v2\/product\/37512","targetHints":{"allow":["GET"]}}],"collection":[{"href":"https:\/\/olemosaic.com\/pt-pt\/wp-json\/wp\/v2\/product"}],"about":[{"href":"https:\/\/olemosaic.com\/pt-pt\/wp-json\/wp\/v2\/types\/product"}],"wp:featuredmedia":[{"embeddable":true,"href":"https:\/\/olemosaic.com\/pt-pt\/wp-json\/wp\/v2\/media\/14100"}],"wp:attachment":[{"href":"https:\/\/olemosaic.com\/pt-pt\/wp-json\/wp\/v2\/media?parent=37512"}],"wp:term":[{"taxonomy":"product_brand","embeddable":true,"href":"https:\/\/olemosaic.com\/pt-pt\/wp-json\/wp\/v2\/product_brand?post=37512"},{"taxonomy":"product_cat","embeddable":true,"href":"https:\/\/olemosaic.com\/pt-pt\/wp-json\/wp\/v2\/product_cat?post=37512"},{"taxonomy":"product_tag","embeddable":true,"href":"https:\/\/olemosaic.com\/pt-pt\/wp-json\/wp\/v2\/product_tag?post=37512"}],"curies":[{"name":"wp","href":"https:\/\/api.w.org\/{rel}","templated":true}]}}