{"id":37511,"date":"2025-02-20T23:38:08","date_gmt":"2025-02-20T22:38:08","guid":{"rendered":"http:\/\/olemosaic.com\/producto\/iman-de-resina-toro-y-bailaora-madrid\/"},"modified":"2025-07-25T20:23:18","modified_gmt":"2025-07-25T18:23:18","slug":"iman-de-resina-touro-e-bailarina-madrid","status":"publish","type":"product","link":"https:\/\/olemosaic.com\/pt-pt\/produto\/iman-de-resina-touro-e-bailarina-madrid\/","title":{"rendered":"\u00cdman de resina. Touro e bailarina. Madrid."},"content":{"rendered":"<p>Este \u00edman de resina de Madrid capta a ess\u00eancia vibrante da capital espanhola atrav\u00e9s de um design cativante que representa um touro e uma bailarina. Gra\u00e7as a uma elaborada t\u00e9cnica de mosaico, o \u00edman destaca-se pela sua explos\u00e3o de cores vivas e formas geom\u00e9tricas, o que o torna uma atraente recorda\u00e7\u00e3o ideal para qualquer visitante. A figura do touro, s\u00edmbolo emblem\u00e1tico da cultura espanhola, apresenta-se em tons intensos de azul e verde, enquanto a bailarina, trajada com um espetacular vestido vermelho, irradia gra\u00e7a e alegria, evocando a paix\u00e3o do flamenco. O texto &#8220;MADRID&#8221; sobressai na parte inferior, servindo de lembran\u00e7a desta emblem\u00e1tica cidade, ber\u00e7o de ardentes tradi\u00e7\u00f5es.<\/p>\n<p>Este \u00edman n\u00e3o \u00e9 apenas um objeto decorativo, mas encapsula a rica heran\u00e7a cultural de Madrid, tornando-se uma recorda\u00e7\u00e3o aut\u00eantica que liga os turistas \u00e0s tradi\u00e7\u00f5es art\u00edsticas e folcl\u00f3ricas espanholas. Na Ol\u00e9 Mosaic, orgulhamo-nos de oferecer recorda\u00e7\u00f5es de resina de alta qualidade e relev\u00e2ncia cultural, ideais para lojas de presentes tur\u00edsticos que procuram produtos \u00fanicos e representativos. Este \u00edman de touro e bailarina \u00e9 uma excelente op\u00e7\u00e3o para quem deseja levar um peda\u00e7o de Madrid, assegurando o seu lugar como uma das recorda\u00e7\u00f5es favoritas da cidade.<\/p>\n","protected":false},"excerpt":{"rendered":"<p>\u00cdman que capta a ess\u00eancia de Madrid com um vibrante design que representa um touro e uma bailarina. Este atraente souvenir, realizado com t\u00e9cnica de mosaico, apresenta cores vivas e formas geom\u00e9tricas que d\u00e3o vida \u00e0 cena. A bailarina, com um precioso vestido vermelho, \u00e9 acompanhada pelo ic\u00f3nico touro, um s\u00edmbolo da cultura espanhola, enquanto o texto &#8220;MADRID&#8221; se destaca na parte inferior, tornando-o a recorda\u00e7\u00e3o perfeita da cidade.<\/p>\n","protected":false},"featured_media":14099,"template":"","meta":{"_acf_changed":false},"product_brand":[],"product_cat":[699],"product_tag":[516],"class_list":{"0":"post-37511","1":"product","2":"type-product","3":"status-publish","4":"has-post-thumbnail","6":"product_cat-imanes","7":"product_tag-animais","8":"pa_ciudad-madrid","9":"pa_motivo-touros","10":"pa_pais-espana","12":"first","13":"instock","14":"shipping-taxable","15":"product-type-simple"},"acf":[],"_links":{"self":[{"href":"https:\/\/olemosaic.com\/pt-pt\/wp-json\/wp\/v2\/product\/37511","targetHints":{"allow":["GET"]}}],"collection":[{"href":"https:\/\/olemosaic.com\/pt-pt\/wp-json\/wp\/v2\/product"}],"about":[{"href":"https:\/\/olemosaic.com\/pt-pt\/wp-json\/wp\/v2\/types\/product"}],"wp:featuredmedia":[{"embeddable":true,"href":"https:\/\/olemosaic.com\/pt-pt\/wp-json\/wp\/v2\/media\/14099"}],"wp:attachment":[{"href":"https:\/\/olemosaic.com\/pt-pt\/wp-json\/wp\/v2\/media?parent=37511"}],"wp:term":[{"taxonomy":"product_brand","embeddable":true,"href":"https:\/\/olemosaic.com\/pt-pt\/wp-json\/wp\/v2\/product_brand?post=37511"},{"taxonomy":"product_cat","embeddable":true,"href":"https:\/\/olemosaic.com\/pt-pt\/wp-json\/wp\/v2\/product_cat?post=37511"},{"taxonomy":"product_tag","embeddable":true,"href":"https:\/\/olemosaic.com\/pt-pt\/wp-json\/wp\/v2\/product_tag?post=37511"}],"curies":[{"name":"wp","href":"https:\/\/api.w.org\/{rel}","templated":true}]}}