{"id":37509,"date":"2025-02-20T23:38:07","date_gmt":"2025-02-20T22:38:07","guid":{"rendered":"http:\/\/olemosaic.com\/producto\/iman-de-resina-panoramica-barcelona-19\/"},"modified":"2025-07-25T20:35:47","modified_gmt":"2025-07-25T18:35:47","slug":"iman-de-resina-panoramica-barcelona-19-pt-pt","status":"publish","type":"product","link":"https:\/\/olemosaic.com\/pt-pt\/produto\/iman-de-resina-panoramica-barcelona-19-pt-pt\/","title":{"rendered":"\u00cdman de resina. Panor\u00e2mica. Sagrada Fam\u00edlia e Parque G\u00fcell. Barcelona."},"content":{"rendered":"<p>Este \u00edman de resina capta a ess\u00eancia vibrante de Barcelona, apresentando uma colorida panor\u00e2mica dos seus monumentos mais emblem\u00e1ticos. Desenhado com um estilo mosaico caracter\u00edstico, este \u00edman ilustra elementos ic\u00f3nicos da cidade como a inconfund\u00edvel Sagrada Fam\u00edlia e o colorido Parque G\u00fcell, destacando-se pelos seus brilhantes tons azuis, verdes e amarelos que evocam a criatividade e a arte que definem a capital catal\u00e3. O nome &#8220;Barcelona&#8221; aparece em letras chamativas, proporcionando uma \u00eanfase atrativa que o torna uma recorda\u00e7\u00e3o perfeita para turistas e amantes da cidade.<\/p>\n<p>Cada detalhe deste \u00edman, desde as curvas dos edif\u00edcios de Gaud\u00ed at\u00e9 aos padr\u00f5es inspirados na natureza, reflete a rica heran\u00e7a cultural de Barcelona, tornando-o um souvenir representativo da vibrante vida urbana e do patrim\u00f3nio arquitet\u00f3nico da regi\u00e3o. Ideal para quem procura uma recorda\u00e7\u00e3o aut\u00eantica e significativa, este \u00edman n\u00e3o \u00e9 apenas um objeto decorativo, mas um peda\u00e7o da cidade que pode levar para qualquer lugar. Na Ol\u00e9 Mosaic, garantimos a autenticidade e qualidade dos nossos souvenirs de Barcelona, oferecendo \u00e0s lojas de presentes tur\u00edsticos uma op\u00e7\u00e3o perfeita para atrair os visitantes que procuram produtos memor\u00e1veis e cheios de hist\u00f3ria.<\/p>\n","protected":false},"excerpt":{"rendered":"<p>\u00cdman que capta a ess\u00eancia de Barcelona com uma vibrante panor\u00e2mica dos seus monumentos mais emblem\u00e1ticos. Desenhado com um estilo colorido e de mosaico, apresenta elementos ic\u00f3nicos como a Sagrada Fam\u00edlia e o Parque G\u00fcell, rodeados de brilhantes tons azuis, verdes e amarelos, evocando o esp\u00edrito art\u00edstico da cidade. O nome &#8220;Barcelona&#8221; aparece em letras chamativas, tornando este \u00edman numa recorda\u00e7\u00e3o perfeita da capital catal\u00e3.<\/p>\n","protected":false},"featured_media":14097,"template":"","meta":{"_acf_changed":false},"product_brand":[],"product_cat":[699],"product_tag":[],"class_list":{"0":"post-37509","1":"product","2":"type-product","3":"status-publish","4":"has-post-thumbnail","6":"product_cat-imanes","7":"pa_ciudad-barcelona","8":"pa_motivo-panoramas","9":"pa_pais-espana","11":"first","12":"instock","13":"shipping-taxable","14":"product-type-simple"},"acf":[],"_links":{"self":[{"href":"https:\/\/olemosaic.com\/pt-pt\/wp-json\/wp\/v2\/product\/37509","targetHints":{"allow":["GET"]}}],"collection":[{"href":"https:\/\/olemosaic.com\/pt-pt\/wp-json\/wp\/v2\/product"}],"about":[{"href":"https:\/\/olemosaic.com\/pt-pt\/wp-json\/wp\/v2\/types\/product"}],"wp:featuredmedia":[{"embeddable":true,"href":"https:\/\/olemosaic.com\/pt-pt\/wp-json\/wp\/v2\/media\/14097"}],"wp:attachment":[{"href":"https:\/\/olemosaic.com\/pt-pt\/wp-json\/wp\/v2\/media?parent=37509"}],"wp:term":[{"taxonomy":"product_brand","embeddable":true,"href":"https:\/\/olemosaic.com\/pt-pt\/wp-json\/wp\/v2\/product_brand?post=37509"},{"taxonomy":"product_cat","embeddable":true,"href":"https:\/\/olemosaic.com\/pt-pt\/wp-json\/wp\/v2\/product_cat?post=37509"},{"taxonomy":"product_tag","embeddable":true,"href":"https:\/\/olemosaic.com\/pt-pt\/wp-json\/wp\/v2\/product_tag?post=37509"}],"curies":[{"name":"wp","href":"https:\/\/api.w.org\/{rel}","templated":true}]}}