{"id":37508,"date":"2025-02-20T23:38:07","date_gmt":"2025-02-20T22:38:07","guid":{"rendered":"http:\/\/olemosaic.com\/producto\/iman-de-resina-panoramica-barcelona-18\/"},"modified":"2025-07-25T18:57:09","modified_gmt":"2025-07-25T16:57:09","slug":"iman-de-resina-panoramica-barcelona-18-pt-pt","status":"publish","type":"product","link":"https:\/\/olemosaic.com\/pt-pt\/produto\/iman-de-resina-panoramica-barcelona-18-pt-pt\/","title":{"rendered":"\u00cdman de resina. Panor\u00e2mica. Sagrada Fam\u00edlia e monumento a Colombo. Barcelona."},"content":{"rendered":"<p>Este \u00edman de resina capta a ess\u00eancia vibrante de Barcelona, oferecendo uma panor\u00e2mica colorida dos seus \u00edcones mais emblem\u00e1ticos. Com o seu design detalhado, apresenta a majestosa Sagrada Fam\u00edlia, o emblem\u00e1tico monumento a Colombo e um alegre mosaico que evoca o estilo modernista de Gaud\u00ed. Cada elemento \u00e9 finamente esculpido em resina, o que garante durabilidade e um acabamento brilhante. Os tons vivos, desde o verde exuberante das \u00e1rvores at\u00e9 ao azul celeste do c\u00e9u, fazem com que este \u00edman n\u00e3o funcione apenas como uma simples recorda\u00e7\u00e3o, mas como uma aut\u00eantica obra de arte que presta homenagem \u00e0 rica heran\u00e7a cultural e art\u00edstica da cidade.<\/p>\n<p>O \u00edman \u00e9 perfeito para quem deseja levar um peda\u00e7o de Barcelona, tornando-se uma recorda\u00e7\u00e3o ideal para os amantes da cidade. Al\u00e9m da sua fun\u00e7\u00e3o decorativa, \u00e9 uma excelente op\u00e7\u00e3o para colecionar ou oferecer. Na Ol\u00e9 Mosaic, o nosso compromisso \u00e9 oferecer recorda\u00e7\u00f5es aut\u00eanticas e significativas que representem a diversidade cultural de Espanha. Como grossista de souvenirs, este \u00edman de Barcelona \u00e9 uma magn\u00edfica escolha para lojas de presentes tur\u00edsticos que procuram oferecer produtos \u00fanicos com um elevado valor emocional e cultural.<\/p>\n","protected":false},"excerpt":{"rendered":"<p>\u00cdman que capta a ess\u00eancia de Barcelona com uma colorida panor\u00e2mica dos seus \u00edcones mais emblem\u00e1ticos. Este \u00edman apresenta a majestosa Sagrada Fam\u00edlia, o monumento a Colombo e um vibrante mosaico que evoca o estilo modernista de Gaud\u00ed. Decorado com detalhes em tons vivos, como o verde das \u00e1rvores e o azul do c\u00e9u, \u00e9 uma recorda\u00e7\u00e3o perfeita da riqueza cultural e art\u00edstica da cidade. Ideal para os amantes de Barcelona.<\/p>\n","protected":false},"featured_media":14096,"template":"","meta":{"_acf_changed":false},"product_brand":[],"product_cat":[699],"product_tag":[],"class_list":{"0":"post-37508","1":"product","2":"type-product","3":"status-publish","4":"has-post-thumbnail","6":"product_cat-imanes","7":"pa_ciudad-barcelona","8":"pa_motivo-panoramas","9":"pa_pais-espana","11":"first","12":"instock","13":"shipping-taxable","14":"product-type-simple"},"acf":[],"_links":{"self":[{"href":"https:\/\/olemosaic.com\/pt-pt\/wp-json\/wp\/v2\/product\/37508","targetHints":{"allow":["GET"]}}],"collection":[{"href":"https:\/\/olemosaic.com\/pt-pt\/wp-json\/wp\/v2\/product"}],"about":[{"href":"https:\/\/olemosaic.com\/pt-pt\/wp-json\/wp\/v2\/types\/product"}],"wp:featuredmedia":[{"embeddable":true,"href":"https:\/\/olemosaic.com\/pt-pt\/wp-json\/wp\/v2\/media\/14096"}],"wp:attachment":[{"href":"https:\/\/olemosaic.com\/pt-pt\/wp-json\/wp\/v2\/media?parent=37508"}],"wp:term":[{"taxonomy":"product_brand","embeddable":true,"href":"https:\/\/olemosaic.com\/pt-pt\/wp-json\/wp\/v2\/product_brand?post=37508"},{"taxonomy":"product_cat","embeddable":true,"href":"https:\/\/olemosaic.com\/pt-pt\/wp-json\/wp\/v2\/product_cat?post=37508"},{"taxonomy":"product_tag","embeddable":true,"href":"https:\/\/olemosaic.com\/pt-pt\/wp-json\/wp\/v2\/product_tag?post=37508"}],"curies":[{"name":"wp","href":"https:\/\/api.w.org\/{rel}","templated":true}]}}