{"id":37507,"date":"2025-02-20T23:38:07","date_gmt":"2025-02-20T22:38:07","guid":{"rendered":"http:\/\/olemosaic.com\/producto\/iman-de-resina-panoramica-barcelona-17\/"},"modified":"2025-07-26T00:05:38","modified_gmt":"2025-07-25T22:05:38","slug":"iman-de-resina-panoramica-barcelona-17-pt-pt","status":"publish","type":"product","link":"https:\/\/olemosaic.com\/pt-pt\/produto\/iman-de-resina-panoramica-barcelona-17-pt-pt\/","title":{"rendered":"\u00cdman de resina. Panor\u00e2mica. Laranja. Sagrada Fam\u00edlia. Barcelona."},"content":{"rendered":"<p>\u00cdman de resina panor\u00e2mico de Barcelona<\/p>\n<p>Este \u00edman de resina capta a magia de Barcelona com uma vibrante panor\u00e2mica que cativar\u00e1 quem procura uma recorda\u00e7\u00e3o aut\u00eantica da cidade. A pe\u00e7a apresenta a majestosa Sagrada Fam\u00edlia, o monumento mais emblem\u00e1tico, representada em tons alaranjados que evocam o calor do sol catal\u00e3o. \u00c0 sua volta, desenrolam-se constru\u00e7\u00f5es ic\u00f3nicas e palmeiras, tudo num design alegre e colorido que destaca a ess\u00eancia da arquitetura modernista de Gaud\u00ed. A palavra &#8220;Barcelona&#8221; aparece em letras multicoloridas, conferindo um contraste din\u00e2mico com o fundo azul que reflete o c\u00e9u limpo e ensolarado da regi\u00e3o.<\/p>\n<p>Este \u00edman n\u00e3o \u00e9 apenas um objeto funcional que adorna qualquer frigor\u00edfico, mas tamb\u00e9m um pedacinho de cultura e arte que liga os turistas \u00e0 rica hist\u00f3ria de Barcelona. Perfeito para quem deseja levar um peda\u00e7o desta vibrante cidade para casa, torna-se um souvenir ideal que evoca mem\u00f3rias de viagens e explora\u00e7\u00f5es. Na Ol\u00e9 Mosaic, como grossistas de souvenirs de Barcelona, oferecemos produtos aut\u00eanticos que celebram a cultura e o patrim\u00f3nio de Espanha. Este \u00edman de resina \u00e9 uma excelente op\u00e7\u00e3o para lojas de presentes tur\u00edsticos que procuram artigos representativos e de qualidade.<\/p>\n","protected":false},"excerpt":{"rendered":"<p>\u00cdman que capta a ess\u00eancia de Barcelona com a sua vibrante panor\u00e2mica. Este \u00edman mostra a majestosa Sagrada Fam\u00edlia em tons alaranjados, rodeada de edif\u00edcios emblem\u00e1ticos e palmeiras, tudo delineado com um design colorido e alegre. A palavra &#8220;Barcelona&#8221;, em letras multicoloridas, acrescenta um toque chamativo, enquanto o fundo azul reflete o c\u00e9u ensolarado da cidade. Perfeito para levar um pedacinho de Barcelona para casa.<\/p>\n","protected":false},"featured_media":14095,"template":"","meta":{"_acf_changed":false},"product_brand":[],"product_cat":[699],"product_tag":[],"class_list":{"0":"post-37507","1":"product","2":"type-product","3":"status-publish","4":"has-post-thumbnail","6":"product_cat-imanes","7":"pa_ciudad-barcelona","8":"pa_motivo-panoramas","9":"pa_pais-espana","11":"first","12":"instock","13":"shipping-taxable","14":"product-type-simple"},"acf":[],"_links":{"self":[{"href":"https:\/\/olemosaic.com\/pt-pt\/wp-json\/wp\/v2\/product\/37507","targetHints":{"allow":["GET"]}}],"collection":[{"href":"https:\/\/olemosaic.com\/pt-pt\/wp-json\/wp\/v2\/product"}],"about":[{"href":"https:\/\/olemosaic.com\/pt-pt\/wp-json\/wp\/v2\/types\/product"}],"wp:featuredmedia":[{"embeddable":true,"href":"https:\/\/olemosaic.com\/pt-pt\/wp-json\/wp\/v2\/media\/14095"}],"wp:attachment":[{"href":"https:\/\/olemosaic.com\/pt-pt\/wp-json\/wp\/v2\/media?parent=37507"}],"wp:term":[{"taxonomy":"product_brand","embeddable":true,"href":"https:\/\/olemosaic.com\/pt-pt\/wp-json\/wp\/v2\/product_brand?post=37507"},{"taxonomy":"product_cat","embeddable":true,"href":"https:\/\/olemosaic.com\/pt-pt\/wp-json\/wp\/v2\/product_cat?post=37507"},{"taxonomy":"product_tag","embeddable":true,"href":"https:\/\/olemosaic.com\/pt-pt\/wp-json\/wp\/v2\/product_tag?post=37507"}],"curies":[{"name":"wp","href":"https:\/\/api.w.org\/{rel}","templated":true}]}}