{"id":37506,"date":"2025-02-20T23:38:07","date_gmt":"2025-02-20T22:38:07","guid":{"rendered":"http:\/\/olemosaic.com\/producto\/iman-de-resina-panoramica-barcelona-16\/"},"modified":"2025-07-25T20:32:05","modified_gmt":"2025-07-25T18:32:05","slug":"iman-de-resina-panoramica-barcelona-16-pt-pt","status":"publish","type":"product","link":"https:\/\/olemosaic.com\/pt-pt\/produto\/iman-de-resina-panoramica-barcelona-16-pt-pt\/","title":{"rendered":"\u00cdman de resina. Panor\u00e2mica. Sagrada Fam\u00edlia e a Pedrera. Barcelona."},"content":{"rendered":"<p>Este \u00edman de Barcelona \u00e9 uma recorda\u00e7\u00e3o vibrante e colorida que capta a ess\u00eancia desta fascinante metr\u00f3pole. Fabricado em resina de alta qualidade, este \u00edman apresenta uma panor\u00e2mica espetacular dos edif\u00edcios mais emblem\u00e1ticos da cidade, como a impressionante Sagrada Fam\u00edlia e a ic\u00f3nica Casa Mil\u00e0 (a Pedrera). Com um design em mosaico que real\u00e7a os tra\u00e7os arquitet\u00f3nicos distintivos, cada detalhe \u00e9 cuidadosamente elaborado, refletindo a riqueza art\u00edstica da cidade condal.<\/p>\n<p>O fundo do \u00edman inclui uma bela paisagem com um c\u00e9u azul ensolarado, onde um sol radiante ilumina a cena, acrescentando um toque vibrante que evoca o calor do clima mediterr\u00e2nico. A palavra &#8220;Barcelona&#8221;, escrita em letras alegres e multicoloridas, complementa a composi\u00e7\u00e3o, tornando-o uma recorda\u00e7\u00e3o perfeita para quem explorou esta cidade cheia de hist\u00f3ria e cultura.<\/p>\n<p>Este \u00edman n\u00e3o \u00e9 apenas um acess\u00f3rio decorativo ideal para o lar, mas tamb\u00e9m uma recorda\u00e7\u00e3o aut\u00eantica de uma das cidades mais visitadas de Espanha. O seu design muito especial torna-o um excelente presente para turistas que procuram souvenirs de Barcelona representativos e de alta qualidade. Na Ol\u00e9 Mosaic, especializamo-nos na distribui\u00e7\u00e3o de souvenirs por grosso, e este \u00edman \u00e9 uma op\u00e7\u00e3o atraente para lojas de presentes tur\u00edsticos que desejem oferecer produtos que celebrem a beleza e a diversidade cultural da regi\u00e3o. Como distribuidores de souvenirs, garantimos produtos aut\u00eanticos e \u00fanicos que real\u00e7am o melhor de cada destino.<\/p>\n","protected":false},"excerpt":{"rendered":"<p>\u00cdman que capta a ess\u00eancia de Barcelona com uma panor\u00e2mica vibrante. Este \u00edman colorido apresenta a emblem\u00e1tica Sagrada Fam\u00edlia e a Pedrera, juntamente com uma bela paisagem com um sol radiante. Com um design em mosaico que real\u00e7a os \u00edcones arquitet\u00f3nicos da cidade, inclui o texto &#8220;Barcelona&#8221; em letras alegres e multicoloridas, tornando-o a recorda\u00e7\u00e3o perfeita desta fascinante metr\u00f3pole.<\/p>\n","protected":false},"featured_media":14094,"template":"","meta":{"_acf_changed":false},"product_brand":[],"product_cat":[699],"product_tag":[],"class_list":{"0":"post-37506","1":"product","2":"type-product","3":"status-publish","4":"has-post-thumbnail","6":"product_cat-imanes","7":"pa_ciudad-barcelona","8":"pa_motivo-panoramas","9":"pa_pais-espana","11":"first","12":"instock","13":"shipping-taxable","14":"product-type-simple"},"acf":[],"_links":{"self":[{"href":"https:\/\/olemosaic.com\/pt-pt\/wp-json\/wp\/v2\/product\/37506","targetHints":{"allow":["GET"]}}],"collection":[{"href":"https:\/\/olemosaic.com\/pt-pt\/wp-json\/wp\/v2\/product"}],"about":[{"href":"https:\/\/olemosaic.com\/pt-pt\/wp-json\/wp\/v2\/types\/product"}],"wp:featuredmedia":[{"embeddable":true,"href":"https:\/\/olemosaic.com\/pt-pt\/wp-json\/wp\/v2\/media\/14094"}],"wp:attachment":[{"href":"https:\/\/olemosaic.com\/pt-pt\/wp-json\/wp\/v2\/media?parent=37506"}],"wp:term":[{"taxonomy":"product_brand","embeddable":true,"href":"https:\/\/olemosaic.com\/pt-pt\/wp-json\/wp\/v2\/product_brand?post=37506"},{"taxonomy":"product_cat","embeddable":true,"href":"https:\/\/olemosaic.com\/pt-pt\/wp-json\/wp\/v2\/product_cat?post=37506"},{"taxonomy":"product_tag","embeddable":true,"href":"https:\/\/olemosaic.com\/pt-pt\/wp-json\/wp\/v2\/product_tag?post=37506"}],"curies":[{"name":"wp","href":"https:\/\/api.w.org\/{rel}","templated":true}]}}