{"id":37505,"date":"2025-02-20T23:38:07","date_gmt":"2025-02-20T22:38:07","guid":{"rendered":"http:\/\/olemosaic.com\/producto\/iman-de-resina-panoramica-barcelona-15\/"},"modified":"2025-07-25T20:38:21","modified_gmt":"2025-07-25T18:38:21","slug":"iman-de-resina-panoramica-barcelona-15-pt-pt","status":"publish","type":"product","link":"https:\/\/olemosaic.com\/pt-pt\/produto\/iman-de-resina-panoramica-barcelona-15-pt-pt\/","title":{"rendered":"\u00cdman de resina. Panor\u00e2mica. Sagrada Fam\u00edlia e Hotel Arts. Barcelona."},"content":{"rendered":"<p>Este \u00edman de resina de Barcelona \u00e9 uma recorda\u00e7\u00e3o vibrante que capta a ess\u00eancia e a beleza desta emblem\u00e1tica cidade mediterr\u00e2nica. Com um design panor\u00e2mico cheio de cor, o \u00edman destaca monumentos ic\u00f3nicos como a majestosa Sagrada Fam\u00edlia e o moderno Hotel Arts, criando uma fus\u00e3o harmoniosa entre a hist\u00f3ria e a modernidade de Barcelona. A ilustra\u00e7\u00e3o, rodeada de palmeiras e elementos de praia, evoca o ambiente ensolarado e relaxado da costa, convidando os turistas a reviver os seus momentos mais memor\u00e1veis na cidade.<\/p>\n<p>O texto &#8220;Barcelona&#8221; apresenta-se em cores brilhantes e variadas, conferindo um toque festivo que se destaca entre os monumentos, o que o torna um presente ideal para quem procura um souvenir \u00fanico e representativo. Fabricado em resina, este \u00edman \u00e9 t\u00e3o duradouro quanto atraente, perfeito para adornar qualquer frigor\u00edfico ou superf\u00edcie met\u00e1lica.<\/p>\n<p>Como reflexo da cultura barcelonesa, este \u00edman simboliza n\u00e3o s\u00f3 a sua impressionante arquitetura, mas tamb\u00e9m a vida vibrante que caracteriza a cidade. Na Ol\u00e9 Mosaic, dedicamo-nos \u00e0 distribui\u00e7\u00e3o de souvenirs por grosso, oferecendo este \u00edman de Barcelona como uma excelente op\u00e7\u00e3o para lojas de presentes tur\u00edsticos que procuram produtos aut\u00eanticos e atraentes. Este \u00edman \u00e9 um souvenir que combina arte, hist\u00f3ria e modernidade, tornando-se um objeto essencial para os amantes desta fascinante metr\u00f3pole.<\/p>\n","protected":false},"excerpt":{"rendered":"<p>\u00cdman que capta a ess\u00eancia de Barcelona com uma panor\u00e2mica colorida. Este souvenir atraente mostra monumentos emblem\u00e1ticos como a Sagrada Fam\u00edlia e o Hotel Arts, rodeados de palmeiras e elementos de praia que evocam o ambiente mediterr\u00e2nico. Com um design vibrante e alegre, a palavra &#8220;Barcelona&#8221; em cores brilhantes real\u00e7a a beleza da cidade, tornando-o uma recorda\u00e7\u00e3o perfeita para os amantes desta vibrante metr\u00f3pole.<\/p>\n","protected":false},"featured_media":14093,"template":"","meta":{"_acf_changed":false},"product_brand":[],"product_cat":[699],"product_tag":[],"class_list":{"0":"post-37505","1":"product","2":"type-product","3":"status-publish","4":"has-post-thumbnail","6":"product_cat-imanes","7":"pa_ciudad-barcelona","8":"pa_motivo-panoramas","9":"pa_pais-espana","11":"first","12":"instock","13":"shipping-taxable","14":"product-type-simple"},"acf":[],"_links":{"self":[{"href":"https:\/\/olemosaic.com\/pt-pt\/wp-json\/wp\/v2\/product\/37505","targetHints":{"allow":["GET"]}}],"collection":[{"href":"https:\/\/olemosaic.com\/pt-pt\/wp-json\/wp\/v2\/product"}],"about":[{"href":"https:\/\/olemosaic.com\/pt-pt\/wp-json\/wp\/v2\/types\/product"}],"wp:featuredmedia":[{"embeddable":true,"href":"https:\/\/olemosaic.com\/pt-pt\/wp-json\/wp\/v2\/media\/14093"}],"wp:attachment":[{"href":"https:\/\/olemosaic.com\/pt-pt\/wp-json\/wp\/v2\/media?parent=37505"}],"wp:term":[{"taxonomy":"product_brand","embeddable":true,"href":"https:\/\/olemosaic.com\/pt-pt\/wp-json\/wp\/v2\/product_brand?post=37505"},{"taxonomy":"product_cat","embeddable":true,"href":"https:\/\/olemosaic.com\/pt-pt\/wp-json\/wp\/v2\/product_cat?post=37505"},{"taxonomy":"product_tag","embeddable":true,"href":"https:\/\/olemosaic.com\/pt-pt\/wp-json\/wp\/v2\/product_tag?post=37505"}],"curies":[{"name":"wp","href":"https:\/\/api.w.org\/{rel}","templated":true}]}}