{"id":37504,"date":"2025-02-20T23:38:06","date_gmt":"2025-02-20T22:38:06","guid":{"rendered":"http:\/\/olemosaic.com\/producto\/iman-de-resina-toro-y-bailaora-barcelona\/"},"modified":"2025-07-25T19:53:49","modified_gmt":"2025-07-25T17:53:49","slug":"iman-de-resina-touro-e-bailarina-barcelona","status":"publish","type":"product","link":"https:\/\/olemosaic.com\/pt-pt\/produto\/iman-de-resina-touro-e-bailarina-barcelona\/","title":{"rendered":"\u00cdman de resina. Touro e bailarina. Barcelona."},"content":{"rendered":"<p>Este \u00edman de resina capta a ess\u00eancia de Barcelona com um design vibrante que representa um touro e uma bailarina, tornando-o o souvenir perfeito para recordar esta emblem\u00e1tica cidade. Elaborado com um estilo mosaico, o \u00edman destaca-se pelas suas tonalidades brilhantes em vermelho, azul e amarelo, que criam um efeito visual atraente e cheio de vida. A figura do touro, s\u00edmbolo da cultura espanhola, apresenta-se de forma alegre e colorida, simbolizando a tradi\u00e7\u00e3o e a for\u00e7a da nossa heran\u00e7a cultural. Ao seu lado, a bailarina, vestida com um espetacular traje vermelho, reflete a paix\u00e3o e a arte do flamenco, uma express\u00e3o musical e de dan\u00e7a profundamente enraizada na cultura espanhola.<\/p>\n<p>Com um design que evoca tanto a tradi\u00e7\u00e3o como a modernidade de Barcelona, este \u00edman \u00e9 uma excelente recorda\u00e7\u00e3o da rica hist\u00f3ria e da diversidade cultural da regi\u00e3o. Tanto o touro como a bailarina, elementos fundamentais do folclore catal\u00e3o, est\u00e3o intimamente ligados \u00e0s celebra\u00e7\u00f5es e festividades locais, o que torna este \u00edman num aut\u00eantico s\u00edmbolo da cidade. Na Ol\u00e9 Mosaic, como grossistas de souvenirs, oferecemos produtos que, al\u00e9m de serem decorativos, transmitem um peda\u00e7o da cultura espanhola, perfeitos para lojas de presentes tur\u00edsticos que procuram artigos \u00fanicos e representativos. Este \u00edman de Barcelona \u00e9 uma op\u00e7\u00e3o ideal para quem deseja levar uma recorda\u00e7\u00e3o aut\u00eantica e significativa da sua visita.<\/p>\n","protected":false},"excerpt":{"rendered":"<p>\u00cdman que capta a ess\u00eancia de Barcelona com um design vibrante que apresenta um touro e uma bailarina. Este \u00edman colorido, elaborado ao estilo mosaico, destaca-se pelas suas tonalidades brilhantes em vermelho, azul e amarelo. A figura do touro, s\u00edmbolo da cultura espanhola, combina-se com a elegante bailarina, vestida com um traje vermelho, criando uma representa\u00e7\u00e3o perfeita da tradi\u00e7\u00e3o e do folclore catal\u00e3es. Ideal para recordar a sua visita a esta emblem\u00e1tica cidade.<\/p>\n","protected":false},"featured_media":14092,"template":"","meta":{"_acf_changed":false},"product_brand":[],"product_cat":[699],"product_tag":[516],"class_list":{"0":"post-37504","1":"product","2":"type-product","3":"status-publish","4":"has-post-thumbnail","6":"product_cat-imanes","7":"product_tag-animais","8":"pa_ciudad-barcelona","9":"pa_motivo-touros","10":"pa_pais-espana","12":"first","13":"instock","14":"shipping-taxable","15":"product-type-simple"},"acf":[],"_links":{"self":[{"href":"https:\/\/olemosaic.com\/pt-pt\/wp-json\/wp\/v2\/product\/37504","targetHints":{"allow":["GET"]}}],"collection":[{"href":"https:\/\/olemosaic.com\/pt-pt\/wp-json\/wp\/v2\/product"}],"about":[{"href":"https:\/\/olemosaic.com\/pt-pt\/wp-json\/wp\/v2\/types\/product"}],"wp:featuredmedia":[{"embeddable":true,"href":"https:\/\/olemosaic.com\/pt-pt\/wp-json\/wp\/v2\/media\/14092"}],"wp:attachment":[{"href":"https:\/\/olemosaic.com\/pt-pt\/wp-json\/wp\/v2\/media?parent=37504"}],"wp:term":[{"taxonomy":"product_brand","embeddable":true,"href":"https:\/\/olemosaic.com\/pt-pt\/wp-json\/wp\/v2\/product_brand?post=37504"},{"taxonomy":"product_cat","embeddable":true,"href":"https:\/\/olemosaic.com\/pt-pt\/wp-json\/wp\/v2\/product_cat?post=37504"},{"taxonomy":"product_tag","embeddable":true,"href":"https:\/\/olemosaic.com\/pt-pt\/wp-json\/wp\/v2\/product_tag?post=37504"}],"curies":[{"name":"wp","href":"https:\/\/api.w.org\/{rel}","templated":true}]}}