{"id":37503,"date":"2025-02-20T23:38:06","date_gmt":"2025-02-20T22:38:06","guid":{"rendered":"http:\/\/olemosaic.com\/producto\/iman-de-resina-toros-alicante\/"},"modified":"2025-07-25T18:34:30","modified_gmt":"2025-07-25T16:34:30","slug":"iman-de-resina-touros-alicante","status":"publish","type":"product","link":"https:\/\/olemosaic.com\/pt-pt\/produto\/iman-de-resina-touros-alicante\/","title":{"rendered":"\u00cdman de resina. Touros. Alicante."},"content":{"rendered":"<p>\u00cdman de resina de Alicante. Esta recorda\u00e7\u00e3o vibrante capta a ess\u00eancia de Alicante com um design espetacular de um touro estilizado, rodeado de flores vermelhas e um sol radiante, evocando a rica tradi\u00e7\u00e3o cultural da regi\u00e3o. Elaborado em resina de alta qualidade, este \u00edman apresenta um acabamento impressionante que utiliza a t\u00e9cnica do mosaico para alcan\u00e7ar um efeito visual impactante. A representa\u00e7\u00e3o colorida do touro, com as suas tonalidades brilhantes que v\u00e3o do azul ao verde e ao vermelho, reflete n\u00e3o s\u00f3 o legado taurino, mas tamb\u00e9m a alegria da vida mediterr\u00e2nica. Ao seu lado, um sol radiante destaca-se em tons amarelos e laranjas, simbolizando o calor do clima alicantino e a sua cultura vibrante.<\/p>\n<p>O texto &#8220;Alicante&#8221;, real\u00e7ado em letras chamativas, acrescenta um toque distintivo e torna este \u00edman numa recorda\u00e7\u00e3o facilmente reconhec\u00edvel para qualquer visitante. Ideal para turistas que procuram um pedacinho de Alicante, este souvenir n\u00e3o \u00e9 apenas um objeto decorativo, mas uma homenagem \u00e0 tradi\u00e7\u00e3o e \u00e0 diversidade cultural desta bela regi\u00e3o. Na Ol\u00e9 Mosaic, como grossistas de souvenirs, oferecemos este \u00edman de resina como uma op\u00e7\u00e3o perfeita para lojas de presentes tur\u00edsticos que procuram produtos aut\u00eanticos e representativos da cultura espanhola.<\/p>\n","protected":false},"excerpt":{"rendered":"<p>\u00cdman que capta a ess\u00eancia de Alicante com um design taurino vibrante. Esta recorda\u00e7\u00e3o colorida apresenta um touro estilizado rodeado de flores vermelhas e um sol radiante, evocando a tradi\u00e7\u00e3o cultural da regi\u00e3o. A t\u00e9cnica do mosaico cria um efeito visual impactante, combinando tons brilhantes e variados que refletem o legado taurino e a alegria da vida mediterr\u00e2nica. O texto &#8220;Alicante&#8221; destaca-se em letras chamativas, tornando este \u00edman num souvenir atraente para qualquer visitante.<\/p>\n","protected":false},"featured_media":14091,"template":"","meta":{"_acf_changed":false},"product_brand":[],"product_cat":[699],"product_tag":[516],"class_list":{"0":"post-37503","1":"product","2":"type-product","3":"status-publish","4":"has-post-thumbnail","6":"product_cat-imanes","7":"product_tag-animais","8":"pa_ciudad-alicante","9":"pa_motivo-touros","10":"pa_pais-espana","12":"first","13":"instock","14":"shipping-taxable","15":"product-type-simple"},"acf":[],"_links":{"self":[{"href":"https:\/\/olemosaic.com\/pt-pt\/wp-json\/wp\/v2\/product\/37503","targetHints":{"allow":["GET"]}}],"collection":[{"href":"https:\/\/olemosaic.com\/pt-pt\/wp-json\/wp\/v2\/product"}],"about":[{"href":"https:\/\/olemosaic.com\/pt-pt\/wp-json\/wp\/v2\/types\/product"}],"wp:featuredmedia":[{"embeddable":true,"href":"https:\/\/olemosaic.com\/pt-pt\/wp-json\/wp\/v2\/media\/14091"}],"wp:attachment":[{"href":"https:\/\/olemosaic.com\/pt-pt\/wp-json\/wp\/v2\/media?parent=37503"}],"wp:term":[{"taxonomy":"product_brand","embeddable":true,"href":"https:\/\/olemosaic.com\/pt-pt\/wp-json\/wp\/v2\/product_brand?post=37503"},{"taxonomy":"product_cat","embeddable":true,"href":"https:\/\/olemosaic.com\/pt-pt\/wp-json\/wp\/v2\/product_cat?post=37503"},{"taxonomy":"product_tag","embeddable":true,"href":"https:\/\/olemosaic.com\/pt-pt\/wp-json\/wp\/v2\/product_tag?post=37503"}],"curies":[{"name":"wp","href":"https:\/\/api.w.org\/{rel}","templated":true}]}}