{"id":37502,"date":"2025-02-20T23:38:06","date_gmt":"2025-02-20T22:38:06","guid":{"rendered":"http:\/\/olemosaic.com\/producto\/iman-de-resina-sagrada-familia-barcelona-3\/"},"modified":"2025-07-26T00:09:56","modified_gmt":"2025-07-25T22:09:56","slug":"iman-de-resina-sagrada-familia-barcelona-3-pt-pt","status":"publish","type":"product","link":"https:\/\/olemosaic.com\/pt-pt\/produto\/iman-de-resina-sagrada-familia-barcelona-3-pt-pt\/","title":{"rendered":"\u00cdman de resina. Bas\u00edlica Sagrada Fam\u00edlia. Barcelona."},"content":{"rendered":"<p>\u00cdman de resina inspirado na ic\u00f3nica Sagrada Fam\u00edlia de Barcelona. Este \u00edman colorido apresenta as majestosas torres da famosa bas\u00edlica, destacando os seus vibrantes mosaicos numa mistura de tons vermelhos, amarelos, verdes e azuis que evocam a ess\u00eancia do modernismo catal\u00e3o. Com um design que capta a grandiosidade e singularidade desta obra-prima de Antoni Gaud\u00ed, o \u00edman inclui a palavra &#8220;Barcelona&#8221; numa tipografia atraente que complementa a est\u00e9tica visual do produto. Fabricado em resina de alta qualidade, este \u00edman n\u00e3o \u00e9 apenas uma representa\u00e7\u00e3o art\u00edstica da Sagrada Fam\u00edlia, mas tamb\u00e9m uma recorda\u00e7\u00e3o perfeita que permite aos turistas levar para casa um peda\u00e7o da hist\u00f3ria e da cultura catal\u00e3s. A Sagrada Fam\u00edlia, declarada Patrim\u00f3nio da Humanidade, \u00e9 um s\u00edmbolo da cidade de Barcelona e um emblema da arte e da devo\u00e7\u00e3o espanhola. Este \u00edman torna-se assim um souvenir ideal para aqueles que procuram uma recorda\u00e7\u00e3o aut\u00eantica e representativa da sua visita a esta fascinante cidade. Na Ol\u00e9 Mosaic, somos distribuidores de souvenirs por grosso, oferecendo produtos que se destacam pela sua qualidade e liga\u00e7\u00e3o cultural, o que torna este \u00edman da Sagrada Fam\u00edlia uma excelente op\u00e7\u00e3o para lojas de presentes tur\u00edsticos.<\/p>\n","protected":false},"excerpt":{"rendered":"<p>\u00cdman inspirado na ic\u00f3nica Sagrada Fam\u00edlia de Barcelona. Este \u00edman colorido reproduz as imponentes torres da bas\u00edlica, real\u00e7ando os seus vibrantes mosaicos em tons vermelhos, amarelos, verdes e azuis. Com um design que capta a ess\u00eancia do modernismo catal\u00e3o, o \u00edman inclui a palavra &#8220;Barcelona&#8221; numa tipografia atraente. Perfeito para recordar a grandiosidade deste Patrim\u00f3nio da Humanidade em qualquer frigor\u00edfico.<\/p>\n","protected":false},"featured_media":14090,"template":"","meta":{"_acf_changed":false},"product_brand":[],"product_cat":[699],"product_tag":[],"class_list":{"0":"post-37502","1":"product","2":"type-product","3":"status-publish","4":"has-post-thumbnail","6":"product_cat-imanes","7":"pa_ciudad-barcelona","8":"pa_motivo-sagrada-familia","9":"pa_pais-espana","11":"first","12":"instock","13":"shipping-taxable","14":"product-type-simple"},"acf":[],"_links":{"self":[{"href":"https:\/\/olemosaic.com\/pt-pt\/wp-json\/wp\/v2\/product\/37502","targetHints":{"allow":["GET"]}}],"collection":[{"href":"https:\/\/olemosaic.com\/pt-pt\/wp-json\/wp\/v2\/product"}],"about":[{"href":"https:\/\/olemosaic.com\/pt-pt\/wp-json\/wp\/v2\/types\/product"}],"wp:featuredmedia":[{"embeddable":true,"href":"https:\/\/olemosaic.com\/pt-pt\/wp-json\/wp\/v2\/media\/14090"}],"wp:attachment":[{"href":"https:\/\/olemosaic.com\/pt-pt\/wp-json\/wp\/v2\/media?parent=37502"}],"wp:term":[{"taxonomy":"product_brand","embeddable":true,"href":"https:\/\/olemosaic.com\/pt-pt\/wp-json\/wp\/v2\/product_brand?post=37502"},{"taxonomy":"product_cat","embeddable":true,"href":"https:\/\/olemosaic.com\/pt-pt\/wp-json\/wp\/v2\/product_cat?post=37502"},{"taxonomy":"product_tag","embeddable":true,"href":"https:\/\/olemosaic.com\/pt-pt\/wp-json\/wp\/v2\/product_tag?post=37502"}],"curies":[{"name":"wp","href":"https:\/\/api.w.org\/{rel}","templated":true}]}}