{"id":37501,"date":"2025-02-20T23:38:06","date_gmt":"2025-02-20T22:38:06","guid":{"rendered":"http:\/\/olemosaic.com\/producto\/iman-de-resina-camino-de-santiago\/"},"modified":"2025-07-25T19:00:10","modified_gmt":"2025-07-25T17:00:10","slug":"iman-de-resina-caminho-de-santiago","status":"publish","type":"product","link":"https:\/\/olemosaic.com\/pt-pt\/produto\/iman-de-resina-caminho-de-santiago\/","title":{"rendered":"\u00cdman de resina. Caminho de Santiago."},"content":{"rendered":"<p>Este \u00edman de resina inspirado no Caminho de Santiago \u00e9 uma recorda\u00e7\u00e3o vibrante e cheia de significado que capta a ess\u00eancia de uma das rotas de peregrina\u00e7\u00e3o mais emblem\u00e1ticas do mundo. Concebido com elementos ic\u00f3nicos que representam a aventura do peregrino, o \u00edman inclui uma concha de vieira, s\u00edmbolo tradicional do Caminho, juntamente com uma mochila e um par de botas de caminhada, elementos essenciais para qualquer peregrina\u00e7\u00e3o. Um sinal de dire\u00e7\u00e3o que indica o caminho complementa o design, evocando a travessia que milhares de viajantes realizam todos os anos.<\/p>\n<p>O texto &#8220;CAMINHO DE SANTIAGO&#8221; brilha com cores vivas, o que o torna um atrativo visual ideal para adornar qualquer frigor\u00edfico ou superf\u00edcie met\u00e1lica. Este souvenir n\u00e3o \u00e9 apenas um \u00edman, mas um s\u00edmbolo do esfor\u00e7o e da reflex\u00e3o que acompanha quem percorre esta hist\u00f3rica rota. A sua relev\u00e2ncia cultural reside no facto de ser um lembrete tang\u00edvel da rica tradi\u00e7\u00e3o que representa o Caminho, unindo pessoas de diversas origens na sua busca espiritual e pessoal.<\/p>\n<p>Na Ol\u00e9 Mosaic somos distribuidores de lembran\u00e7as aut\u00eanticas, e este \u00edman de resina \u00e9 uma excelente op\u00e7\u00e3o para lojas de presentes tur\u00edsticos que procuram oferecer produtos representativos do patrim\u00f3nio cultural espanhol. Como grossistas de lembran\u00e7as, garantimos qualidade e autenticidade em cada pe\u00e7a, transformando cada compra numa viagem de recorda\u00e7\u00f5es.<\/p>\n","protected":false},"excerpt":{"rendered":"<p>\u00cdman inspirado no Caminho de Santiago, concebido com elementos ic\u00f3nicos da rota. Este atraente \u00edman apresenta uma concha de vieira, s\u00edmbolo da peregrina\u00e7\u00e3o, juntamente com uma mochila, um par de botas de caminhada e um sinal direcional. O texto &#8220;CAMINHO DE SANTIAGO&#8221; \u00e9 apresentado em cores vibrantes, complementando os motivos art\u00edsticos. Este souvenir \u00e9 perfeito para recordar a aventura do caminho e a sua rica tradi\u00e7\u00e3o cultural.<\/p>\n","protected":false},"featured_media":14089,"template":"","meta":{"_acf_changed":false},"product_brand":[],"product_cat":[699],"product_tag":[],"class_list":{"0":"post-37501","1":"product","2":"type-product","3":"status-publish","4":"has-post-thumbnail","6":"product_cat-imanes","7":"pa_ciudad-santiago","8":"pa_pais-espana","10":"first","11":"instock","12":"shipping-taxable","13":"product-type-simple"},"acf":[],"_links":{"self":[{"href":"https:\/\/olemosaic.com\/pt-pt\/wp-json\/wp\/v2\/product\/37501","targetHints":{"allow":["GET"]}}],"collection":[{"href":"https:\/\/olemosaic.com\/pt-pt\/wp-json\/wp\/v2\/product"}],"about":[{"href":"https:\/\/olemosaic.com\/pt-pt\/wp-json\/wp\/v2\/types\/product"}],"wp:featuredmedia":[{"embeddable":true,"href":"https:\/\/olemosaic.com\/pt-pt\/wp-json\/wp\/v2\/media\/14089"}],"wp:attachment":[{"href":"https:\/\/olemosaic.com\/pt-pt\/wp-json\/wp\/v2\/media?parent=37501"}],"wp:term":[{"taxonomy":"product_brand","embeddable":true,"href":"https:\/\/olemosaic.com\/pt-pt\/wp-json\/wp\/v2\/product_brand?post=37501"},{"taxonomy":"product_cat","embeddable":true,"href":"https:\/\/olemosaic.com\/pt-pt\/wp-json\/wp\/v2\/product_cat?post=37501"},{"taxonomy":"product_tag","embeddable":true,"href":"https:\/\/olemosaic.com\/pt-pt\/wp-json\/wp\/v2\/product_tag?post=37501"}],"curies":[{"name":"wp","href":"https:\/\/api.w.org\/{rel}","templated":true}]}}