{"id":37499,"date":"2025-02-20T23:38:05","date_gmt":"2025-02-20T22:38:05","guid":{"rendered":"http:\/\/olemosaic.com\/producto\/iman-de-resina-salamandra-tenerife-75-cm\/"},"modified":"2025-07-25T19:23:48","modified_gmt":"2025-07-25T17:23:48","slug":"iman-de-resina-salamandra-tenerife-7-5-cm","status":"publish","type":"product","link":"https:\/\/olemosaic.com\/pt-pt\/produto\/iman-de-resina-salamandra-tenerife-7-5-cm\/","title":{"rendered":"\u00cdman de resina. Salamandra. Tenerife. 7,5 cm."},"content":{"rendered":"<p>\u00cdman de resina com forma de salamandra de Tenerife<\/p>\n<p>Este \u00edman de resina com forma de salamandra \u00e9 uma encantadora recorda\u00e7\u00e3o que capta a vibrante ess\u00eancia de Tenerife, tornando-se um lembrete perfeito da beleza desta ilha can\u00e1ria. Com dimens\u00f5es de 7,5 cm, cada pe\u00e7a destaca-se pelo seu design colorido e detalhado, com tons intensos de vermelho, verde e azul que evocam a fauna local e a rica paisagem natural de Tenerife. Os detalhes em relevo que simulam a textura \u00fanica da salamandra acrescentam profundidade e realismo, fazendo com que cada olhar para este \u00edman seja uma pequena imers\u00e3o na biodiversidade can\u00e1ria.<\/p>\n<p>Decorado com motivos florais que representam elementos-chave do folclore e da cultura can\u00e1ria, este \u00edman \u00e9 uma excelente op\u00e7\u00e3o para os turistas que procuram uma recorda\u00e7\u00e3o aut\u00eantica da sua visita. A salamandra, tradicionalmente associada \u00e0 ilha, simboliza a sua liga\u00e7\u00e3o com a natureza e a vida selvagem, refletindo assim a rica diversidade que caracteriza Tenerife.<\/p>\n<p>Ideal para adornar o frigor\u00edfico ou qualquer superf\u00edcie met\u00e1lica, este \u00edman n\u00e3o \u00e9 apenas funcional, mas tamb\u00e9m atua como uma pe\u00e7a decorativa que complementa qualquer lar. Na Ol\u00e9 Mosaic, orgulhamo-nos de oferecer recorda\u00e7\u00f5es aut\u00eanticas e representativas, como este \u00edman de salamandra, perfeitos para lojas de presentes tur\u00edsticos que procuram abastecer-se com produtos de qualidade e relev\u00e2ncia cultural.<\/p>\n","protected":false},"excerpt":{"rendered":"<p>\u00cdman com forma de salamandra, representativa de Tenerife, de 7,5 cm. Este atraente \u00edman apresenta um design vibrante com cores vivas como o vermelho, verde e azul, e detalhes em relevo que simulam a textura da salamandra. Decorado com motivos florais, esta pe\u00e7a capta a ess\u00eancia do folclore can\u00e1rio e \u00e9 ideal para recordar a beleza da ilha. Perfeito para adornar o frigor\u00edfico ou qualquer superf\u00edcie met\u00e1lica.<\/p>\n","protected":false},"featured_media":14087,"template":"","meta":{"_acf_changed":false},"product_brand":[],"product_cat":[699],"product_tag":[516],"class_list":{"0":"post-37499","1":"product","2":"type-product","3":"status-publish","4":"has-post-thumbnail","6":"product_cat-imanes","7":"product_tag-animais","8":"pa_ciudad-tenerife","9":"pa_motivo-salamandras","10":"pa_pais-espana","12":"first","13":"instock","14":"shipping-taxable","15":"product-type-simple"},"acf":[],"_links":{"self":[{"href":"https:\/\/olemosaic.com\/pt-pt\/wp-json\/wp\/v2\/product\/37499","targetHints":{"allow":["GET"]}}],"collection":[{"href":"https:\/\/olemosaic.com\/pt-pt\/wp-json\/wp\/v2\/product"}],"about":[{"href":"https:\/\/olemosaic.com\/pt-pt\/wp-json\/wp\/v2\/types\/product"}],"wp:featuredmedia":[{"embeddable":true,"href":"https:\/\/olemosaic.com\/pt-pt\/wp-json\/wp\/v2\/media\/14087"}],"wp:attachment":[{"href":"https:\/\/olemosaic.com\/pt-pt\/wp-json\/wp\/v2\/media?parent=37499"}],"wp:term":[{"taxonomy":"product_brand","embeddable":true,"href":"https:\/\/olemosaic.com\/pt-pt\/wp-json\/wp\/v2\/product_brand?post=37499"},{"taxonomy":"product_cat","embeddable":true,"href":"https:\/\/olemosaic.com\/pt-pt\/wp-json\/wp\/v2\/product_cat?post=37499"},{"taxonomy":"product_tag","embeddable":true,"href":"https:\/\/olemosaic.com\/pt-pt\/wp-json\/wp\/v2\/product_tag?post=37499"}],"curies":[{"name":"wp","href":"https:\/\/api.w.org\/{rel}","templated":true}]}}