{"id":37496,"date":"2025-02-20T23:38:05","date_gmt":"2025-02-20T22:38:05","guid":{"rendered":"http:\/\/olemosaic.com\/producto\/iman-de-resina-letrero-lanzarote-11-cm\/"},"modified":"2025-07-25T18:46:20","modified_gmt":"2025-07-25T16:46:20","slug":"iman-de-resina-letreiro-lanzarote-11-cm","status":"publish","type":"product","link":"https:\/\/olemosaic.com\/pt-pt\/produto\/iman-de-resina-letreiro-lanzarote-11-cm\/","title":{"rendered":"\u00cdman de resina. Letreiro. Lanzarote. 11 cm."},"content":{"rendered":"<p>Este \u00edman de resina, com forma de letreiro, \u00e9 uma recorda\u00e7\u00e3o colorida de Lanzarote que captura a ess\u00eancia vibrante desta preciosa ilha can\u00e1ria. Com dimens\u00f5es de 11 cm, destaca-se pela palavra &#8220;LANZAROTE&#8221;, apresentada em letras grandes e chamativas que evocam o estilo art\u00edstico caracter\u00edstico da regi\u00e3o. Cada letra est\u00e1 decorada com um requintado design de mosaico, que recorda os coloridos azulejos t\u00edpicos das constru\u00e7\u00f5es locais e as tradi\u00e7\u00f5es culturais da ilha.<\/p>\n<p>O fundo do \u00edman apresenta um design abstrato numa paleta de cores brilhantes, incluindo vermelho, amarelo e azul, criando um contraste visual impressionante que real\u00e7a a alegria e o dinamismo de Lanzarote. Completa este atraente design um desenho de um lagarto t\u00edpico da zona, uma representa\u00e7\u00e3o emblem\u00e1tica da fauna da ilha, acrescentando um detalhe que enriquece ainda mais o car\u00e1ter aut\u00f3ctone da recorda\u00e7\u00e3o.<\/p>\n<p>Este \u00edman n\u00e3o s\u00f3 serve como um bonito adorno para a casa, como tamb\u00e9m \u00e9 uma recorda\u00e7\u00e3o aut\u00eantica de Lanzarote, ideal para aqueles turistas que procuram levar um pedacinho desta ilha \u00fanica. Na Ol\u00e9 Mosaic, orgulhamo-nos de oferecer recorda\u00e7\u00f5es de qualidade, e este \u00edman de resina \u00e9 perfeito para lojas de presentes tur\u00edsticos que desejem contar com produtos que celebrem a cultura e a arte de Lanzarote.<\/p>\n","protected":false},"excerpt":{"rendered":"<p>\u00cdman com forma de letreiro, que se destaca pelo seu design vibrante que representa a ilha de Lanzarote. Mede 11 cm e exibe a palavra &#8220;LANZAROTE&#8221; em letras grandes e coloridas, decoradas com elementos de mosaico que evocam o estilo art\u00edstico da regi\u00e3o. O fundo inclui um design abstrato com cores brilhantes como vermelho, amarelo e azul, complementado pelo desenho de um lagarto t\u00edpico da zona. Ideal para recordar as suas viagens a este belo destino can\u00e1rio.<\/p>\n","protected":false},"featured_media":14084,"template":"","meta":{"_acf_changed":false},"product_brand":[],"product_cat":[699],"product_tag":[],"class_list":{"0":"post-37496","1":"product","2":"type-product","3":"status-publish","4":"has-post-thumbnail","6":"product_cat-imanes","7":"pa_ciudad-lanzarote","8":"pa_motivo-letreiros-de-cidades","9":"pa_pais-espana","11":"first","12":"instock","13":"shipping-taxable","14":"product-type-simple"},"acf":[],"_links":{"self":[{"href":"https:\/\/olemosaic.com\/pt-pt\/wp-json\/wp\/v2\/product\/37496","targetHints":{"allow":["GET"]}}],"collection":[{"href":"https:\/\/olemosaic.com\/pt-pt\/wp-json\/wp\/v2\/product"}],"about":[{"href":"https:\/\/olemosaic.com\/pt-pt\/wp-json\/wp\/v2\/types\/product"}],"wp:featuredmedia":[{"embeddable":true,"href":"https:\/\/olemosaic.com\/pt-pt\/wp-json\/wp\/v2\/media\/14084"}],"wp:attachment":[{"href":"https:\/\/olemosaic.com\/pt-pt\/wp-json\/wp\/v2\/media?parent=37496"}],"wp:term":[{"taxonomy":"product_brand","embeddable":true,"href":"https:\/\/olemosaic.com\/pt-pt\/wp-json\/wp\/v2\/product_brand?post=37496"},{"taxonomy":"product_cat","embeddable":true,"href":"https:\/\/olemosaic.com\/pt-pt\/wp-json\/wp\/v2\/product_cat?post=37496"},{"taxonomy":"product_tag","embeddable":true,"href":"https:\/\/olemosaic.com\/pt-pt\/wp-json\/wp\/v2\/product_tag?post=37496"}],"curies":[{"name":"wp","href":"https:\/\/api.w.org\/{rel}","templated":true}]}}