{"id":37495,"date":"2025-02-20T23:38:05","date_gmt":"2025-02-20T22:38:05","guid":{"rendered":"http:\/\/olemosaic.com\/producto\/iman-de-resina-letrero-tenerife-11-cm\/"},"modified":"2025-07-25T19:45:55","modified_gmt":"2025-07-25T17:45:55","slug":"iman-de-resina-letreiro-tenerife-11-cm","status":"publish","type":"product","link":"https:\/\/olemosaic.com\/pt-pt\/produto\/iman-de-resina-letreiro-tenerife-11-cm\/","title":{"rendered":"\u00cdman de resina. Letreiro. Tenerife. 11 cm."},"content":{"rendered":"<p>\u00cdman de resina com forma de letreiro, perfeito para quem deseja levar um pedacinho de Tenerife para casa. Com dimens\u00f5es de 11 cm, este vibrante \u00edman destaca a palavra &#8220;TENERIFE&#8221; em letras grandes e coloridas, capturando a ess\u00eancia desta bela ilha can\u00e1ria. O design \u00e9 adornado com um fundo de estilo mosaico que evoca a rica tradi\u00e7\u00e3o art\u00edstica e cultural de Tenerife, combinando tons brilhantes que recordam as suas paisagens soalheiras e mercados cheios de vida.<\/p>\n<p>Os detalhes decorativos incluem elementos florais representativos da flora local, o que torna este \u00edman uma recorda\u00e7\u00e3o alegre e significativa. Este produto n\u00e3o \u00e9 apenas uma recorda\u00e7\u00e3o pr\u00e1tica, mas tamb\u00e9m uma celebra\u00e7\u00e3o visual da beleza natural de Tenerife, ideal para quem procura recordar momentos inesquec\u00edveis na ilha.<\/p>\n<p>Como distribuidor de recorda\u00e7\u00f5es de alta qualidade, a Ol\u00e9 Mosaic orgulha-se de oferecer produtos aut\u00eanticos que refletem a riqueza cultural de Espanha e Portugal. Este \u00edman de Tenerife \u00e9 uma op\u00e7\u00e3o perfeita para lojas de presentes tur\u00edsticos, atraindo tanto turistas como locais que desejem levar uma recorda\u00e7\u00e3o do seu lar. Adicionar este \u00edman ao seu cat\u00e1logo n\u00e3o s\u00f3 diversifica a sua oferta, como proporciona aos clientes uma pe\u00e7a aut\u00eantica e colorida da cultura can\u00e1ria.<\/p>\n","protected":false},"excerpt":{"rendered":"<p>\u00cdman com forma de letreiro que celebra a beleza de Tenerife. Com dimens\u00f5es de 11 cm, apresenta a palavra &#8220;TENERIFE&#8221; em letras grandes e coloridas, sobre um fundo de estilo mosaico. O uso de tons brilhantes e decora\u00e7\u00f5es chamativas, juntamente com um elemento distintivo que evoca a flora local, torna-o uma recorda\u00e7\u00e3o alegre e atraente, ideal para rememorar os momentos vividos nesta bela ilha can\u00e1ria.<\/p>\n","protected":false},"featured_media":14083,"template":"","meta":{"_acf_changed":false},"product_brand":[],"product_cat":[699],"product_tag":[],"class_list":{"0":"post-37495","1":"product","2":"type-product","3":"status-publish","4":"has-post-thumbnail","6":"product_cat-imanes","7":"pa_ciudad-tenerife","8":"pa_motivo-letreiros-de-cidades","9":"pa_pais-espana","11":"first","12":"instock","13":"shipping-taxable","14":"product-type-simple"},"acf":[],"_links":{"self":[{"href":"https:\/\/olemosaic.com\/pt-pt\/wp-json\/wp\/v2\/product\/37495","targetHints":{"allow":["GET"]}}],"collection":[{"href":"https:\/\/olemosaic.com\/pt-pt\/wp-json\/wp\/v2\/product"}],"about":[{"href":"https:\/\/olemosaic.com\/pt-pt\/wp-json\/wp\/v2\/types\/product"}],"wp:featuredmedia":[{"embeddable":true,"href":"https:\/\/olemosaic.com\/pt-pt\/wp-json\/wp\/v2\/media\/14083"}],"wp:attachment":[{"href":"https:\/\/olemosaic.com\/pt-pt\/wp-json\/wp\/v2\/media?parent=37495"}],"wp:term":[{"taxonomy":"product_brand","embeddable":true,"href":"https:\/\/olemosaic.com\/pt-pt\/wp-json\/wp\/v2\/product_brand?post=37495"},{"taxonomy":"product_cat","embeddable":true,"href":"https:\/\/olemosaic.com\/pt-pt\/wp-json\/wp\/v2\/product_cat?post=37495"},{"taxonomy":"product_tag","embeddable":true,"href":"https:\/\/olemosaic.com\/pt-pt\/wp-json\/wp\/v2\/product_tag?post=37495"}],"curies":[{"name":"wp","href":"https:\/\/api.w.org\/{rel}","templated":true}]}}