{"id":37493,"date":"2025-02-20T23:38:04","date_gmt":"2025-02-20T22:38:04","guid":{"rendered":"http:\/\/olemosaic.com\/producto\/iman-de-resina-letrero-malaga-11-cm\/"},"modified":"2025-07-25T20:09:36","modified_gmt":"2025-07-25T18:09:36","slug":"iman-de-resina-letreiro-malaga-11-cm","status":"publish","type":"product","link":"https:\/\/olemosaic.com\/pt-pt\/produto\/iman-de-resina-letreiro-malaga-11-cm\/","title":{"rendered":"\u00cdman de resina. Letreiro. M\u00e1laga. 11 cm."},"content":{"rendered":"<p>Este \u00edman de resina com forma de letreiro \u00e9 uma recorda\u00e7\u00e3o vibrante e atraente que captura a ess\u00eancia de M\u00e1laga. Com dimens\u00f5es de 11 cm, o \u00edman apresenta a palavra \u00abM\u00c1LAGA\u00bb em letras grandes e coloridas, criando um efeito chamativo ideal para decorar qualquer frigor\u00edfico ou superf\u00edcie magn\u00e9tica. O fundo do \u00edman est\u00e1 decorado com um design de mosaico em tons cinzentos, acompanhado de encantadores detalhes em vermelho, amarelo e azul, que evocam a arte e a rica heran\u00e7a cultural andaluza.<\/p>\n<p>Complementando a palavra, um delicado detalhe pintado em forma de flamingo real\u00e7a o esp\u00edrito alegre e festivo da regi\u00e3o, simbolizando o folclore de M\u00e1laga. Este \u00edman n\u00e3o \u00e9 apenas um objeto decorativo, mas uma aut\u00eantica homenagem \u00e0 cultura de M\u00e1laga, oferecendo aos turistas uma recorda\u00e7\u00e3o significativa da sua visita. Al\u00e9m disso, o seu design art\u00edstico torna esta recorda\u00e7\u00e3o uma excelente op\u00e7\u00e3o para quem procura uma pe\u00e7a que represente a criatividade e o patrim\u00f3nio da Andaluzia.<\/p>\n<p>Na Ol\u00e9 Mosaic, especializamo-nos na distribui\u00e7\u00e3o de recorda\u00e7\u00f5es por grosso, e este \u00edman de M\u00e1laga \u00e9 uma op\u00e7\u00e3o ideal para lojas de presentes tur\u00edsticos que procuram oferecer produtos aut\u00eanticos e cheios de cor. Atraia os seus clientes com este \u00edman que combina arte, cultura e a vivacidade de M\u00e1laga num \u00fanico artigo.<\/p>\n","protected":false},"excerpt":{"rendered":"<p>\u00cdman com forma de letreiro que exibe a palavra &#8220;M\u00c1LAGA&#8221; em letras grandes e coloridas. Esta atraente recorda\u00e7\u00e3o, de 11 cm, apresenta um fundo com um design de mosaico em tons cinzentos e pequenos detalhes em vermelho, amarelo e azul, que evocam a arte andaluza caracter\u00edstica. Um flamingo pintado complementa o design, real\u00e7ando a rica cultura e o folclore de M\u00e1laga. Ideal para adicionar um toque vibrante a qualquer frigor\u00edfico.<\/p>\n","protected":false},"featured_media":14081,"template":"","meta":{"_acf_changed":false},"product_brand":[],"product_cat":[699],"product_tag":[],"class_list":{"0":"post-37493","1":"product","2":"type-product","3":"status-publish","4":"has-post-thumbnail","6":"product_cat-imanes","7":"pa_ciudad-malaga","8":"pa_motivo-letreiros-de-cidades","9":"pa_pais-espana","11":"first","12":"instock","13":"shipping-taxable","14":"product-type-simple"},"acf":[],"_links":{"self":[{"href":"https:\/\/olemosaic.com\/pt-pt\/wp-json\/wp\/v2\/product\/37493","targetHints":{"allow":["GET"]}}],"collection":[{"href":"https:\/\/olemosaic.com\/pt-pt\/wp-json\/wp\/v2\/product"}],"about":[{"href":"https:\/\/olemosaic.com\/pt-pt\/wp-json\/wp\/v2\/types\/product"}],"wp:featuredmedia":[{"embeddable":true,"href":"https:\/\/olemosaic.com\/pt-pt\/wp-json\/wp\/v2\/media\/14081"}],"wp:attachment":[{"href":"https:\/\/olemosaic.com\/pt-pt\/wp-json\/wp\/v2\/media?parent=37493"}],"wp:term":[{"taxonomy":"product_brand","embeddable":true,"href":"https:\/\/olemosaic.com\/pt-pt\/wp-json\/wp\/v2\/product_brand?post=37493"},{"taxonomy":"product_cat","embeddable":true,"href":"https:\/\/olemosaic.com\/pt-pt\/wp-json\/wp\/v2\/product_cat?post=37493"},{"taxonomy":"product_tag","embeddable":true,"href":"https:\/\/olemosaic.com\/pt-pt\/wp-json\/wp\/v2\/product_tag?post=37493"}],"curies":[{"name":"wp","href":"https:\/\/api.w.org\/{rel}","templated":true}]}}