{"id":37492,"date":"2025-02-20T23:38:04","date_gmt":"2025-02-20T22:38:04","guid":{"rendered":"http:\/\/olemosaic.com\/producto\/iman-de-resina-letrero-alicante-azul-11-cm\/"},"modified":"2025-07-25T19:41:02","modified_gmt":"2025-07-25T17:41:02","slug":"iman-de-resina-letreiro-alicante-azul-11-cm","status":"publish","type":"product","link":"https:\/\/olemosaic.com\/pt-pt\/produto\/iman-de-resina-letreiro-alicante-azul-11-cm\/","title":{"rendered":"\u00cdman de resina. Letreiro. Alicante. Azul. 11 cm."},"content":{"rendered":"<p>Este \u00edman de resina com forma de letreiro \u00e9 uma recorda\u00e7\u00e3o vibrante e inesquec\u00edvel de Alicante, perfeito para quem deseja levar um pedacinho desta encantadora cidade mediterr\u00e2nica. Com dimens\u00f5es de 11 cm, este atraente \u00edman exibe a palavra &#8220;Alicante&#8221; num design colorido e chamativo que evoca o calor do litoral espanhol. O fundo azul real\u00e7a um padr\u00e3o de mosaico que simboliza a rica heran\u00e7a cultural da regi\u00e3o, enquanto cada letra, pintada em tonalidades brilhantes de vermelho, verde, amarelo e rosa, confere um ar festivo e alegre. Este detalhe vibrante torna-o um digno representante das recorda\u00e7\u00f5es de Alicante.<\/p>\n<p>Al\u00e9m disso, o \u00edman apresenta um pequeno mas significativo detalhe decorativo: um lagarto, um s\u00edmbolo caracter\u00edstico da regi\u00e3o, que complementa o design e acrescenta um toque de autenticidade cultural. Este \u00edman n\u00e3o s\u00f3 \u00e9 uma excelente op\u00e7\u00e3o para decorar o frigor\u00edfico, como tamb\u00e9m serve como uma recorda\u00e7\u00e3o inesquec\u00edvel para turistas que procuram capturar e conservar a ess\u00eancia de Alicante. Na Ol\u00e9 Mosaic, orgulhamo-nos de oferecer recorda\u00e7\u00f5es aut\u00eanticas da regi\u00e3o, ideais para lojas de presentes tur\u00edsticos que desejem oferecer produtos que celebrem a cultura e as tradi\u00e7\u00f5es locais. Este \u00edman de Alicante \u00e9 uma op\u00e7\u00e3o perfeita para quem procura recorda\u00e7\u00f5es memor\u00e1veis que reflitam a vitalidade e o encanto do Mediterr\u00e2neo.<\/p>\n","protected":false},"excerpt":{"rendered":"<p>\u00cdman com forma de letreiro que reproduz a palavra &#8220;Alicante&#8221; com um design vibrante e colorido. Mede 11 cm e destaca-se pelo seu fundo azul, adornado com um padr\u00e3o de mosaico que evoca a cultura mediterr\u00e2nica. Cada letra est\u00e1 pintada em tonalidades brilhantes, como vermelho, verde, amarelo e rosa, criando um efeito atraente e chamativo. Al\u00e9m disso, inclui um pequeno detalhe decorativo de um lagarto, s\u00edmbolo caracter\u00edstico da regi\u00e3o, que complementa a sua est\u00e9tica alegre e representativa.<\/p>\n","protected":false},"featured_media":14080,"template":"","meta":{"_acf_changed":false},"product_brand":[],"product_cat":[699],"product_tag":[],"class_list":{"0":"post-37492","1":"product","2":"type-product","3":"status-publish","4":"has-post-thumbnail","6":"product_cat-imanes","7":"pa_ciudad-alicante","8":"pa_motivo-letreiros-de-cidades","9":"pa_pais-espana","11":"first","12":"instock","13":"shipping-taxable","14":"product-type-simple"},"acf":[],"_links":{"self":[{"href":"https:\/\/olemosaic.com\/pt-pt\/wp-json\/wp\/v2\/product\/37492","targetHints":{"allow":["GET"]}}],"collection":[{"href":"https:\/\/olemosaic.com\/pt-pt\/wp-json\/wp\/v2\/product"}],"about":[{"href":"https:\/\/olemosaic.com\/pt-pt\/wp-json\/wp\/v2\/types\/product"}],"wp:featuredmedia":[{"embeddable":true,"href":"https:\/\/olemosaic.com\/pt-pt\/wp-json\/wp\/v2\/media\/14080"}],"wp:attachment":[{"href":"https:\/\/olemosaic.com\/pt-pt\/wp-json\/wp\/v2\/media?parent=37492"}],"wp:term":[{"taxonomy":"product_brand","embeddable":true,"href":"https:\/\/olemosaic.com\/pt-pt\/wp-json\/wp\/v2\/product_brand?post=37492"},{"taxonomy":"product_cat","embeddable":true,"href":"https:\/\/olemosaic.com\/pt-pt\/wp-json\/wp\/v2\/product_cat?post=37492"},{"taxonomy":"product_tag","embeddable":true,"href":"https:\/\/olemosaic.com\/pt-pt\/wp-json\/wp\/v2\/product_tag?post=37492"}],"curies":[{"name":"wp","href":"https:\/\/api.w.org\/{rel}","templated":true}]}}