{"id":37489,"date":"2025-02-20T23:38:04","date_gmt":"2025-02-20T22:38:04","guid":{"rendered":"http:\/\/olemosaic.com\/producto\/iman-de-resina-letrero-gran-canaria-11-cm\/"},"modified":"2025-07-25T19:45:33","modified_gmt":"2025-07-25T17:45:33","slug":"iman-de-resina-placa-gran-canaria-11-cm","status":"publish","type":"product","link":"https:\/\/olemosaic.com\/pt-pt\/produto\/iman-de-resina-placa-gran-canaria-11-cm\/","title":{"rendered":"\u00cdman de resina. Placa. Gran Canaria. 11 cm."},"content":{"rendered":"<p>\u00cdman de resina decorativo com forma de placa &#8220;Gran Canaria&#8221;. Este atraente \u00edman, de 11 cm, \u00e9 uma pe\u00e7a imprescind\u00edvel para quem deseja levar um peda\u00e7o da beleza can\u00e1ria para casa. O seu design vibrante destaca a palavra &#8220;Gran Canaria&#8221; em letras coloridas, uma celebra\u00e7\u00e3o da arte e da criatividade que se respira em cada canto da ilha. O fundo do \u00edman simula um mosaico de azulejos, evocando as tradi\u00e7\u00f5es art\u00edsticas locais que adornam muitas cidades can\u00e1rias.<\/p>\n<p>A mistura de cores alegres e o acabamento texturizado da placa criam uma imagem contrastada e din\u00e2mica, ideal para embelezar qualquer superf\u00edcie met\u00e1lica, como o frigor\u00edfico, um quadro branco ou um painel, conferindo um toque de frescura ao seu lar. Este \u00edman n\u00e3o \u00e9 apenas um adorno, mas tamb\u00e9m uma recorda\u00e7\u00e3o representativa da Gran Canaria, ideal para turistas que procuram souvenirs aut\u00eanticos e cheios de significado cultural. Na Ol\u00e9 Mosaic, como grossistas de souvenirs, oferecemos artigos que capturam a ess\u00eancia de cada lugar, e este \u00edman \u00e9 uma op\u00e7\u00e3o perfeita para lojas de presentes tur\u00edsticos que desejam real\u00e7ar a singularidade e a beleza dos produtos can\u00e1rios.<\/p>\n","protected":false},"excerpt":{"rendered":"<p>\u00cdman com forma de placa decorativa que destaca a palavra &#8220;Gran Canaria&#8221;. Com dimens\u00f5es de 11 cm, o seu design vibrante apresenta letras de diversas cores sobre um fundo que simula um mosaico de azulejos, evocando a criatividade e a arte can\u00e1ria. Este \u00edman \u00e9 uma pe\u00e7a ideal para recordar a beleza da Gran Canaria, combinando elementos visuais alegres e representativos da regi\u00e3o. Perfeito para adornar o seu frigor\u00edfico ou qualquer superf\u00edcie met\u00e1lica.<\/p>\n","protected":false},"featured_media":14077,"template":"","meta":{"_acf_changed":false},"product_brand":[],"product_cat":[699],"product_tag":[],"class_list":{"0":"post-37489","1":"product","2":"type-product","3":"status-publish","4":"has-post-thumbnail","6":"product_cat-imanes","7":"pa_ciudad-gran-canaria","8":"pa_motivo-letreiros-de-cidades","9":"pa_pais-espana","11":"first","12":"instock","13":"shipping-taxable","14":"product-type-simple"},"acf":[],"_links":{"self":[{"href":"https:\/\/olemosaic.com\/pt-pt\/wp-json\/wp\/v2\/product\/37489","targetHints":{"allow":["GET"]}}],"collection":[{"href":"https:\/\/olemosaic.com\/pt-pt\/wp-json\/wp\/v2\/product"}],"about":[{"href":"https:\/\/olemosaic.com\/pt-pt\/wp-json\/wp\/v2\/types\/product"}],"wp:featuredmedia":[{"embeddable":true,"href":"https:\/\/olemosaic.com\/pt-pt\/wp-json\/wp\/v2\/media\/14077"}],"wp:attachment":[{"href":"https:\/\/olemosaic.com\/pt-pt\/wp-json\/wp\/v2\/media?parent=37489"}],"wp:term":[{"taxonomy":"product_brand","embeddable":true,"href":"https:\/\/olemosaic.com\/pt-pt\/wp-json\/wp\/v2\/product_brand?post=37489"},{"taxonomy":"product_cat","embeddable":true,"href":"https:\/\/olemosaic.com\/pt-pt\/wp-json\/wp\/v2\/product_cat?post=37489"},{"taxonomy":"product_tag","embeddable":true,"href":"https:\/\/olemosaic.com\/pt-pt\/wp-json\/wp\/v2\/product_tag?post=37489"}],"curies":[{"name":"wp","href":"https:\/\/api.w.org\/{rel}","templated":true}]}}