{"id":37487,"date":"2025-02-20T23:38:03","date_gmt":"2025-02-20T22:38:03","guid":{"rendered":"http:\/\/olemosaic.com\/producto\/iman-de-resina-letrero-gran-canaria-azul-11-cm\/"},"modified":"2025-07-25T20:24:32","modified_gmt":"2025-07-25T18:24:32","slug":"iman-de-resina-placa-gran-canaria-azul-11-cm","status":"publish","type":"product","link":"https:\/\/olemosaic.com\/pt-pt\/produto\/iman-de-resina-placa-gran-canaria-azul-11-cm\/","title":{"rendered":"\u00cdman de resina. Placa. Gran Canaria. Azul. 11 cm."},"content":{"rendered":"<p>Este \u00edman de resina, com a forma de uma placa que diz &#8220;Gran Canaria&#8221;, \u00e9 uma representa\u00e7\u00e3o vibrante da beleza e da cultura desta emblem\u00e1tica ilha can\u00e1ria. Com dimens\u00f5es de 11 cm, o \u00edman destaca-se pelo seu fundo azul, que evoca as \u00e1guas cristalinas que rodeiam a Gran Canaria e oferece um toque elegante de mosaico que recorda a cer\u00e2mica tradicional da regi\u00e3o. As letras, de cores vivas \u2014 amarelo, vermelho, verde e rosa \u2014 transmitem a alegria e o calor do ambiente can\u00e1rio, tornando-o um souvenir atraente que captura a ess\u00eancia do destino.<\/p>\n<p>Um encantador detalhe decorativo, um lagarto verde, junta-se \u00e0 inscri\u00e7\u00e3o, simbolizando a rica fauna da ilha e adicionando um elemento aut\u00eantico \u00e0 pe\u00e7a. Este belo \u00edman n\u00e3o \u00e9 apenas um artigo decorativo para qualquer frigor\u00edfico, mas tamb\u00e9m uma recorda\u00e7\u00e3o que mant\u00e9m vivas as mem\u00f3rias da sua visita \u00e0 Gran Canaria. Como distribuidores de souvenirs, na Ol\u00e9 Mosaic oferecemos produtos aut\u00eanticos que celebram a diversidade cultural de Espanha. Este \u00edman da Gran Canaria \u00e9 uma escolha ideal para lojas de presentes tur\u00edsticos, proporcionando aos viajantes um peda\u00e7o da sua experi\u00eancia can\u00e1ria num formato compacto e atraente. Certifique-se de adicionar este \u00edman \u00e0 sua cole\u00e7\u00e3o de souvenirs, que representa o calor e o esp\u00edrito do arquip\u00e9lago can\u00e1rio.<\/p>\n","protected":false},"excerpt":{"rendered":"<p>\u00cdman com forma de placa que diz &#8220;Gran Canaria&#8221;. O seu design vibrante e colorido destaca a beleza da ilha. Mede 11 cm e apresenta um fundo azul com um estilo mosaico, combinado com letras em tons amarelos, vermelhos, verdes e rosas que evocam a cultura can\u00e1ria. Um atraente detalhe decorativo em forma de um lagarto verde adiciona encanto ao \u00edman, tornando-o o souvenir ideal para recordar a sua visita.<\/p>\n","protected":false},"featured_media":14075,"template":"","meta":{"_acf_changed":false},"product_brand":[],"product_cat":[699],"product_tag":[],"class_list":{"0":"post-37487","1":"product","2":"type-product","3":"status-publish","4":"has-post-thumbnail","6":"product_cat-imanes","7":"pa_ciudad-gran-canaria","8":"pa_motivo-letreiros-de-cidades","9":"pa_pais-espana","11":"first","12":"instock","13":"shipping-taxable","14":"product-type-simple"},"acf":[],"_links":{"self":[{"href":"https:\/\/olemosaic.com\/pt-pt\/wp-json\/wp\/v2\/product\/37487","targetHints":{"allow":["GET"]}}],"collection":[{"href":"https:\/\/olemosaic.com\/pt-pt\/wp-json\/wp\/v2\/product"}],"about":[{"href":"https:\/\/olemosaic.com\/pt-pt\/wp-json\/wp\/v2\/types\/product"}],"wp:featuredmedia":[{"embeddable":true,"href":"https:\/\/olemosaic.com\/pt-pt\/wp-json\/wp\/v2\/media\/14075"}],"wp:attachment":[{"href":"https:\/\/olemosaic.com\/pt-pt\/wp-json\/wp\/v2\/media?parent=37487"}],"wp:term":[{"taxonomy":"product_brand","embeddable":true,"href":"https:\/\/olemosaic.com\/pt-pt\/wp-json\/wp\/v2\/product_brand?post=37487"},{"taxonomy":"product_cat","embeddable":true,"href":"https:\/\/olemosaic.com\/pt-pt\/wp-json\/wp\/v2\/product_cat?post=37487"},{"taxonomy":"product_tag","embeddable":true,"href":"https:\/\/olemosaic.com\/pt-pt\/wp-json\/wp\/v2\/product_tag?post=37487"}],"curies":[{"name":"wp","href":"https:\/\/api.w.org\/{rel}","templated":true}]}}