{"id":37486,"date":"2025-02-20T23:38:03","date_gmt":"2025-02-20T22:38:03","guid":{"rendered":"http:\/\/olemosaic.com\/producto\/iman-de-resina-letrero-madrid-azul\/"},"modified":"2025-07-25T18:52:26","modified_gmt":"2025-07-25T16:52:26","slug":"iman-de-resina-letreiro-madrid-azul","status":"publish","type":"product","link":"https:\/\/olemosaic.com\/pt-pt\/produto\/iman-de-resina-letreiro-madrid-azul\/","title":{"rendered":"\u00cdman de resina. Letreiro. Madrid. Azul."},"content":{"rendered":"<p>Este \u00edman de resina com forma de letreiro &#8220;Madrid&#8221; \u00e9 uma pe\u00e7a vibrante e colorida que capta a ess\u00eancia da capital espanhola. Desenhado sobre um fundo azul que evoca o estilo do trencad\u00eds, este \u00edman \u00e9 ideal para quem deseja levar uma recorda\u00e7\u00e3o aut\u00eantica de Madrid para qualquer lugar. A palavra &#8220;Madrid&#8221; destaca-se em letras amplas e din\u00e2micas, com uma paleta de cores que inclui amarelos, verdes e rosas, conferindo um toque moderno e divertido que reflete a energia da cidade.<\/p>\n<p>Como complemento ao seu atraente design, o \u00edman apresenta um touro de cer\u00e2mica como s\u00edmbolo da rica cultura e das tradi\u00e7\u00f5es espanholas. Este ic\u00f3nico animal, presente em celebra\u00e7\u00f5es como as touradas e as festas populares, adiciona um elemento cultural significativo, tornando este \u00edman n\u00e3o apenas uma recorda\u00e7\u00e3o, mas uma pequena obra de arte que representa a identidade espanhola.<\/p>\n<p>Como recorda\u00e7\u00e3o de Madrid, este \u00edman \u00e9 perfeito para turistas que procuram algo mais do que uma simples lembran\u00e7a. Na Ol\u00e9 Mosaic, especializamo-nos na distribui\u00e7\u00e3o de recorda\u00e7\u00f5es por grosso, assegurando a autenticidade e a qualidade dos nossos produtos. Este \u00edman de resina n\u00e3o s\u00f3 atesta a hist\u00f3ria da capital, como tamb\u00e9m funciona como um encantador detalhe decorativo para qualquer lar.<\/p>\n","protected":false},"excerpt":{"rendered":"<p>\u00cdman com forma de letreiro com o nome &#8220;Madrid&#8221;. O design, com um vibrante fundo azul que recorda o estilo do trencad\u00eds, inclui um colorido touro de cer\u00e2mica, s\u00edmbolo da cultura espanhola, e letras chamativas em tons de amarelo, verde e rosa, que lhe conferem um toque divertido e moderno. Uma recorda\u00e7\u00e3o perfeita da capital espanhola para levar para qualquer lugar.<\/p>\n","protected":false},"featured_media":14074,"template":"","meta":{"_acf_changed":false},"product_brand":[],"product_cat":[699],"product_tag":[516],"class_list":{"0":"post-37486","1":"product","2":"type-product","3":"status-publish","4":"has-post-thumbnail","6":"product_cat-imanes","7":"product_tag-animais","8":"pa_ciudad-madrid","9":"pa_motivo-letreiros-de-cidades","10":"pa_pais-espana","12":"first","13":"instock","14":"shipping-taxable","15":"product-type-simple"},"acf":[],"_links":{"self":[{"href":"https:\/\/olemosaic.com\/pt-pt\/wp-json\/wp\/v2\/product\/37486","targetHints":{"allow":["GET"]}}],"collection":[{"href":"https:\/\/olemosaic.com\/pt-pt\/wp-json\/wp\/v2\/product"}],"about":[{"href":"https:\/\/olemosaic.com\/pt-pt\/wp-json\/wp\/v2\/types\/product"}],"wp:featuredmedia":[{"embeddable":true,"href":"https:\/\/olemosaic.com\/pt-pt\/wp-json\/wp\/v2\/media\/14074"}],"wp:attachment":[{"href":"https:\/\/olemosaic.com\/pt-pt\/wp-json\/wp\/v2\/media?parent=37486"}],"wp:term":[{"taxonomy":"product_brand","embeddable":true,"href":"https:\/\/olemosaic.com\/pt-pt\/wp-json\/wp\/v2\/product_brand?post=37486"},{"taxonomy":"product_cat","embeddable":true,"href":"https:\/\/olemosaic.com\/pt-pt\/wp-json\/wp\/v2\/product_cat?post=37486"},{"taxonomy":"product_tag","embeddable":true,"href":"https:\/\/olemosaic.com\/pt-pt\/wp-json\/wp\/v2\/product_tag?post=37486"}],"curies":[{"name":"wp","href":"https:\/\/api.w.org\/{rel}","templated":true}]}}