{"id":37485,"date":"2025-02-20T23:38:03","date_gmt":"2025-02-20T22:38:03","guid":{"rendered":"http:\/\/olemosaic.com\/producto\/iman-de-resina-letrero-barcelona-azul\/"},"modified":"2025-07-25T19:01:16","modified_gmt":"2025-07-25T17:01:16","slug":"iman-de-resina-letreiro-barcelona-azul","status":"publish","type":"product","link":"https:\/\/olemosaic.com\/pt-pt\/produto\/iman-de-resina-letreiro-barcelona-azul\/","title":{"rendered":"\u00cdman de resina. Letreiro. Barcelona. Azul."},"content":{"rendered":"<p>Este \u00edman de resina, com forma de letreiro, \u00e9 uma recorda\u00e7\u00e3o colorida e vibrante da ic\u00f3nica cidade de Barcelona. Com o nome &#8220;Barcelona&#8221; real\u00e7ado em letras chamativas e alegres, evoca os emblem\u00e1ticos mosaicos que adornam a cidade condal, sobre um fundo azul que recorda o famoso azulejo modernista. No design destaca-se uma encantadora lagartixa, s\u00edmbolo do estilo art\u00edstico de Antoni Gaud\u00ed, que adiciona um toque l\u00fadico e aut\u00eantico \u00e0 pe\u00e7a. Os detalhes nas letras, cuidadosamente elaborados, mostram uma mistura de cores que real\u00e7am a vitalidade e a criatividade da cultura barcelonesa.<\/p>\n<p>Este \u00edman n\u00e3o \u00e9 apenas um acess\u00f3rio decorativo para o lar, mas tamb\u00e9m um peda\u00e7o de hist\u00f3ria e arte que capta a ess\u00eancia da Sagrada Fam\u00edlia e do modernismo catal\u00e3o. \u00c9 uma recorda\u00e7\u00e3o perfeita para quem deseja levar uma lembran\u00e7a aut\u00eantica da sua visita a Barcelona, ecoando a beleza arquitet\u00f3nica e o rico patrim\u00f3nio cultural que a cidade oferece. Na Ol\u00e9 Mosaic, orgulhamo-nos de ser distribuidores de recorda\u00e7\u00f5es por grosso, oferecendo produtos que n\u00e3o s\u00f3 s\u00e3o atraentes, como tamb\u00e9m t\u00eam um valor cultural significativo. Este \u00edman \u00e9 uma excelente op\u00e7\u00e3o para lojas de presentes tur\u00edsticos que procuram artigos representativos e de qualidade que encantem os seus clientes.<\/p>\n","protected":false},"excerpt":{"rendered":"<p>\u00cdman com forma de letreiro que mostra o nome &#8220;Barcelona&#8221; em letras coloridas sobre um fundo azul, evocando os vibrantes mosaicos da cidade. Este atraente \u00edman apresenta um design alegre e colorido, com motivos decorativos de uma lagartixa, t\u00edpicos da arte de Gaud\u00ed. Ideal para colecionadores e como recorda\u00e7\u00e3o que reflete a ess\u00eancia da Sagrada Fam\u00edlia e do modernismo catal\u00e3o.<\/p>\n","protected":false},"featured_media":14073,"template":"","meta":{"_acf_changed":false},"product_brand":[],"product_cat":[699],"product_tag":[],"class_list":{"0":"post-37485","1":"product","2":"type-product","3":"status-publish","4":"has-post-thumbnail","6":"product_cat-imanes","7":"pa_ciudad-barcelona","8":"pa_motivo-letreiros-de-cidades","9":"pa_pais-espana","11":"first","12":"instock","13":"shipping-taxable","14":"product-type-simple"},"acf":[],"_links":{"self":[{"href":"https:\/\/olemosaic.com\/pt-pt\/wp-json\/wp\/v2\/product\/37485","targetHints":{"allow":["GET"]}}],"collection":[{"href":"https:\/\/olemosaic.com\/pt-pt\/wp-json\/wp\/v2\/product"}],"about":[{"href":"https:\/\/olemosaic.com\/pt-pt\/wp-json\/wp\/v2\/types\/product"}],"wp:featuredmedia":[{"embeddable":true,"href":"https:\/\/olemosaic.com\/pt-pt\/wp-json\/wp\/v2\/media\/14073"}],"wp:attachment":[{"href":"https:\/\/olemosaic.com\/pt-pt\/wp-json\/wp\/v2\/media?parent=37485"}],"wp:term":[{"taxonomy":"product_brand","embeddable":true,"href":"https:\/\/olemosaic.com\/pt-pt\/wp-json\/wp\/v2\/product_brand?post=37485"},{"taxonomy":"product_cat","embeddable":true,"href":"https:\/\/olemosaic.com\/pt-pt\/wp-json\/wp\/v2\/product_cat?post=37485"},{"taxonomy":"product_tag","embeddable":true,"href":"https:\/\/olemosaic.com\/pt-pt\/wp-json\/wp\/v2\/product_tag?post=37485"}],"curies":[{"name":"wp","href":"https:\/\/api.w.org\/{rel}","templated":true}]}}