{"id":37484,"date":"2025-02-20T23:38:03","date_gmt":"2025-02-20T22:38:03","guid":{"rendered":"http:\/\/olemosaic.com\/producto\/iman-de-resina-punt-de-trobada-lanzarote-10-cm\/"},"modified":"2025-07-25T20:07:16","modified_gmt":"2025-07-25T18:07:16","slug":"iman-de-resina-punt-de-trobada-lanzarote-10-cm-pt-pt","status":"publish","type":"product","link":"https:\/\/olemosaic.com\/pt-pt\/produto\/iman-de-resina-punt-de-trobada-lanzarote-10-cm-pt-pt\/","title":{"rendered":"\u00cdman de resina. Punt de trobada. Lanzarote. 10 cm."},"content":{"rendered":"<p>Este \u00edman de resina com forma de lagarto \u00e9 uma colorida representa\u00e7\u00e3o dos emblem\u00e1ticos mosaicos de Lanzarote, uma das ilhas mais cativantes das Can\u00e1rias. Com os seus 10 cm, este atraente \u00edman destaca-se pelo seu design vibrante e pela sua rica paleta de cores, que inclui azul, amarelo e vermelho, refletindo a beleza da arquitetura local e a arte contempor\u00e2nea inspirada no famoso artista C\u00e9sar Manrique. A palavra &#8220;Lanzarote&#8221; est\u00e1 elegantemente inscrita, lo que torna este \u00edman n\u00e3o apenas uma pe\u00e7a decorativa, mas tamb\u00e9m uma recorda\u00e7\u00e3o funcional que adiciona um toque de cor a qualquer frigor\u00edfico ou superf\u00edcie met\u00e1lica.<\/p>\n<p>O design do lagarto, s\u00edmbolo da ilha, evoca a rica biodiversidade de Lanzarote, enquanto os detalhes cer\u00e2micos lhe conferem um acabamento aut\u00eantico e artesanal. Esta pe\u00e7a \u00e9 ideal para quem procura recorda\u00e7\u00f5es de qualidade que encapsulem a ess\u00eancia das suas viagens e momentos especiais neste belo destino can\u00e1rio. Na Ol\u00e9 Mosaic, especializamo-nos na distribui\u00e7\u00e3o de recorda\u00e7\u00f5es por grosso, e este \u00edman de resina \u00e9 uma excelente op\u00e7\u00e3o para as lojas de presentes tur\u00edsticos que desejam oferecer produtos aut\u00eanticos que realcem a cultura local e a criatividade de Lanzarote. Com este \u00edman, os turistas poder\u00e3o levar um peda\u00e7o da ilha consigo, recordando as suas f\u00e9rias com um sorriso.<\/p>\n","protected":false},"excerpt":{"rendered":"<p>\u00cdman com forma de lagarto, inspirado nos coloridos mosaicos de Lanzarote. Este atraente \u00edman, de 10 cm, destaca-se pelo seu design vibrante e pelos detalhes cer\u00e2micos, com uma mistura de cores como azul, amarelo e vermelho, que evocam a rica cultura art\u00edstica da ilha. Com a palavra &#8220;Lanzarote&#8221; gravada, \u00e9 uma pe\u00e7a decorativa ideal para recordar as suas f\u00e9rias neste belo destino can\u00e1rio.<\/p>\n","protected":false},"featured_media":14072,"template":"","meta":{"_acf_changed":false},"product_brand":[],"product_cat":[699],"product_tag":[],"class_list":{"0":"post-37484","1":"product","2":"type-product","3":"status-publish","4":"has-post-thumbnail","6":"product_cat-imanes","7":"pa_ciudad-lanzarote","8":"pa_motivo-punt-de-trobada","9":"pa_pais-espana","11":"first","12":"instock","13":"shipping-taxable","14":"product-type-simple"},"acf":[],"_links":{"self":[{"href":"https:\/\/olemosaic.com\/pt-pt\/wp-json\/wp\/v2\/product\/37484","targetHints":{"allow":["GET"]}}],"collection":[{"href":"https:\/\/olemosaic.com\/pt-pt\/wp-json\/wp\/v2\/product"}],"about":[{"href":"https:\/\/olemosaic.com\/pt-pt\/wp-json\/wp\/v2\/types\/product"}],"wp:featuredmedia":[{"embeddable":true,"href":"https:\/\/olemosaic.com\/pt-pt\/wp-json\/wp\/v2\/media\/14072"}],"wp:attachment":[{"href":"https:\/\/olemosaic.com\/pt-pt\/wp-json\/wp\/v2\/media?parent=37484"}],"wp:term":[{"taxonomy":"product_brand","embeddable":true,"href":"https:\/\/olemosaic.com\/pt-pt\/wp-json\/wp\/v2\/product_brand?post=37484"},{"taxonomy":"product_cat","embeddable":true,"href":"https:\/\/olemosaic.com\/pt-pt\/wp-json\/wp\/v2\/product_cat?post=37484"},{"taxonomy":"product_tag","embeddable":true,"href":"https:\/\/olemosaic.com\/pt-pt\/wp-json\/wp\/v2\/product_tag?post=37484"}],"curies":[{"name":"wp","href":"https:\/\/api.w.org\/{rel}","templated":true}]}}