{"id":37483,"date":"2025-02-20T23:38:03","date_gmt":"2025-02-20T22:38:03","guid":{"rendered":"http:\/\/olemosaic.com\/producto\/iman-de-resina-gato-barcelona-75-cm\/"},"modified":"2025-07-25T20:18:25","modified_gmt":"2025-07-25T18:18:25","slug":"iman-de-resina-gato-barcelona-7-5-cm","status":"publish","type":"product","link":"https:\/\/olemosaic.com\/pt-pt\/produto\/iman-de-resina-gato-barcelona-7-5-cm\/","title":{"rendered":"\u00cdman de resina. Gato. Barcelona. 7,5 cm."},"content":{"rendered":"<p>Este \u00edman de resina com forma de gato \u00e9 uma encantadora recorda\u00e7\u00e3o de Barcelona que capta a ess\u00eancia l\u00fadica e art\u00edstica da cidade. Com um tamanho de 7,5 cm, este atraente \u00edman apresenta uma vibrante paleta de cores que inclui azuis, vermelhos, amarelos e verdes, evocando a c\u00e9lebre obra do arquiteto Antoni Gaud\u00ed, s\u00edmbolo do modernismo catal\u00e3o. A figura do gato, um animal que frequentemente representa a alegria e a natureza na cultura local, \u00e9 desenhada com um estilo que recorda o famoso trencad\u00eds, um mosaico caracter\u00edstico da arquitetura de Gaud\u00ed, refletindo a criatividade e a singularidade de Barcelona.<\/p>\n<p>O fundo do \u00edman, com o seu acabamento de trencad\u00eds, complementa perfeitamente o design do gato, criando um contraste visual que real\u00e7a a beleza de cada um dos tons. Este \u00edman n\u00e3o \u00e9 apenas um adorno funcional, mas tamb\u00e9m uma recorda\u00e7\u00e3o vibrante das ruelas e pra\u00e7as de Barcelona, onde a arquitetura se entrela\u00e7a com a vida quotidiana. \u00c9 uma excelente op\u00e7\u00e3o para quem procura recorda\u00e7\u00f5es da cidade, ideal para levar um peda\u00e7o de Barcelona para casa.<\/p>\n<p>Na Ol\u00e9 Mosaic, distribu\u00edmos recorda\u00e7\u00f5es de qualidade por grosso que representam a rica cultura espanhola. Este \u00edman \u00e9 uma op\u00e7\u00e3o atraente para lojas de presentes tur\u00edsticos que desejam oferecer produtos aut\u00eanticos que celebrem a heran\u00e7a cultural de Barcelona. Oferecer ou adquirir este \u00edman de gato n\u00e3o significa apenas levar uma recorda\u00e7\u00e3o, mas tamb\u00e9m um peda\u00e7o da hist\u00f3ria e da arte que definem esta emblem\u00e1tica cidade.<\/p>\n","protected":false},"excerpt":{"rendered":"<p>\u00cdman com forma de gato, inspirado na arte do mosaico de Barcelona, de 7,5 cm. Este atraente \u00edman apresenta uma vibrante paleta de cores, com azuis, vermelhos, amarelos e verdes, que captam a ess\u00eancia l\u00fadica da cidade. A figura do gato, s\u00edmbolo da cultura local, \u00e9 desenhada com um estilo que recorda as obras de Gaud\u00ed, destacando-se sobre um fundo de trencad\u00eds que complementa a est\u00e9tica colorida. Perfeito para levar um peda\u00e7o de Barcelona para sua casa.<\/p>\n","protected":false},"featured_media":14071,"template":"","meta":{"_acf_changed":false},"product_brand":[],"product_cat":[699],"product_tag":[516],"class_list":{"0":"post-37483","1":"product","2":"type-product","3":"status-publish","4":"has-post-thumbnail","6":"product_cat-imanes","7":"product_tag-animais","8":"pa_ciudad-barcelona","9":"pa_motivo-gatos","10":"pa_pais-espana","12":"first","13":"instock","14":"shipping-taxable","15":"product-type-simple"},"acf":[],"_links":{"self":[{"href":"https:\/\/olemosaic.com\/pt-pt\/wp-json\/wp\/v2\/product\/37483","targetHints":{"allow":["GET"]}}],"collection":[{"href":"https:\/\/olemosaic.com\/pt-pt\/wp-json\/wp\/v2\/product"}],"about":[{"href":"https:\/\/olemosaic.com\/pt-pt\/wp-json\/wp\/v2\/types\/product"}],"wp:featuredmedia":[{"embeddable":true,"href":"https:\/\/olemosaic.com\/pt-pt\/wp-json\/wp\/v2\/media\/14071"}],"wp:attachment":[{"href":"https:\/\/olemosaic.com\/pt-pt\/wp-json\/wp\/v2\/media?parent=37483"}],"wp:term":[{"taxonomy":"product_brand","embeddable":true,"href":"https:\/\/olemosaic.com\/pt-pt\/wp-json\/wp\/v2\/product_brand?post=37483"},{"taxonomy":"product_cat","embeddable":true,"href":"https:\/\/olemosaic.com\/pt-pt\/wp-json\/wp\/v2\/product_cat?post=37483"},{"taxonomy":"product_tag","embeddable":true,"href":"https:\/\/olemosaic.com\/pt-pt\/wp-json\/wp\/v2\/product_tag?post=37483"}],"curies":[{"name":"wp","href":"https:\/\/api.w.org\/{rel}","templated":true}]}}