{"id":37482,"date":"2025-02-20T23:38:02","date_gmt":"2025-02-20T22:38:02","guid":{"rendered":"http:\/\/olemosaic.com\/producto\/iman-de-resina-patio-madrid\/"},"modified":"2025-07-25T19:44:58","modified_gmt":"2025-07-25T17:44:58","slug":"iman-de-resina-patio-madrid-pt-pt","status":"publish","type":"product","link":"https:\/\/olemosaic.com\/pt-pt\/produto\/iman-de-resina-patio-madrid-pt-pt\/","title":{"rendered":"\u00cdman de resina. P\u00e1tio. Madrid."},"content":{"rendered":"<p>Este \u00edman de resina com forma de leque \u00e9 uma pe\u00e7a vibrante que evoca a alegria e o car\u00e1cter cultural de Madrid. Com um design colorido que ilustra um aut\u00eantico p\u00e1tio madrileno, esta recorda\u00e7\u00e3o capta na perfei\u00e7\u00e3o a ess\u00eancia do flamenco espanhol. No centro, uma bailarina com um espetacular vestido de bolinhas vermelhas irradia energia enquanto segura um elegante leque. Ao seu lado, um bailarino, vestido de preto e branco, junta-se \u00e0 dan\u00e7a, criando uma imagem din\u00e2mica e festiva. O fundo do \u00edman revela um mosaico andaluz que confere um toque art\u00edstico e tradicional, rodeado de vasos cheios de flores que acrescentam um ar fresco e colorido \u00e0 cena.<\/p>\n<p>A palavra &#8220;MADRID&#8221; destaca-se em letras grandes, real\u00e7ando a cidade como origem deste atraente objeto. Este \u00edman n\u00e3o \u00e9 apenas um artigo decorativo, mas tamb\u00e9m uma emblem\u00e1tica recorda\u00e7\u00e3o de Madrid que encapsula a rica heran\u00e7a cultural de Espanha, ideal para os turistas que desejem levar um peda\u00e7o desta vibrante cidade. Na Ol\u00e9 Mosaic, como distribuidor de recorda\u00e7\u00f5es por grosso, oferecemos artigos como este, perfeitos para lojas de presentes tur\u00edsticos que procuram produtos aut\u00eanticos e representativos. Este \u00edman de resina \u00e9, sem d\u00favida, uma excelente op\u00e7\u00e3o para quem deseja recordar a sua visita \u00e0 capital espanhola com um toque de arte e folclore.<\/p>\n","protected":false},"excerpt":{"rendered":"<p>\u00cdman com forma de leque que representa um vibrante p\u00e1tio madrileno. Este colorido \u00edman destaca-se pelas suas ilustra\u00e7\u00f5es de uma bailarina de flamenco com um vestido de bolinhas vermelhas e um bailarino vestido de preto e branco, rodeados de vasos com flores. Com o texto &#8220;MADRID&#8221; em letras grandes, o fundo inspira-se no mosaico andaluz tradicional, conferindo um toque cultural e art\u00edstico a qualquer lugar.<\/p>\n","protected":false},"featured_media":14070,"template":"","meta":{"_acf_changed":false},"product_brand":[],"product_cat":[699],"product_tag":[],"class_list":{"0":"post-37482","1":"product","2":"type-product","3":"status-publish","4":"has-post-thumbnail","6":"product_cat-imanes","7":"pa_ciudad-madrid","8":"pa_motivo-patios","9":"pa_pais-espana","11":"first","12":"instock","13":"shipping-taxable","14":"product-type-simple"},"acf":[],"_links":{"self":[{"href":"https:\/\/olemosaic.com\/pt-pt\/wp-json\/wp\/v2\/product\/37482","targetHints":{"allow":["GET"]}}],"collection":[{"href":"https:\/\/olemosaic.com\/pt-pt\/wp-json\/wp\/v2\/product"}],"about":[{"href":"https:\/\/olemosaic.com\/pt-pt\/wp-json\/wp\/v2\/types\/product"}],"wp:featuredmedia":[{"embeddable":true,"href":"https:\/\/olemosaic.com\/pt-pt\/wp-json\/wp\/v2\/media\/14070"}],"wp:attachment":[{"href":"https:\/\/olemosaic.com\/pt-pt\/wp-json\/wp\/v2\/media?parent=37482"}],"wp:term":[{"taxonomy":"product_brand","embeddable":true,"href":"https:\/\/olemosaic.com\/pt-pt\/wp-json\/wp\/v2\/product_brand?post=37482"},{"taxonomy":"product_cat","embeddable":true,"href":"https:\/\/olemosaic.com\/pt-pt\/wp-json\/wp\/v2\/product_cat?post=37482"},{"taxonomy":"product_tag","embeddable":true,"href":"https:\/\/olemosaic.com\/pt-pt\/wp-json\/wp\/v2\/product_tag?post=37482"}],"curies":[{"name":"wp","href":"https:\/\/api.w.org\/{rel}","templated":true}]}}