{"id":37481,"date":"2025-02-20T23:38:02","date_gmt":"2025-02-20T22:38:02","guid":{"rendered":"http:\/\/olemosaic.com\/producto\/iman-de-resina-patio-mojacar\/"},"modified":"2025-07-25T18:44:29","modified_gmt":"2025-07-25T16:44:29","slug":"iman-de-resina-patio-mojacar-pt-pt","status":"publish","type":"product","link":"https:\/\/olemosaic.com\/pt-pt\/produto\/iman-de-resina-patio-mojacar-pt-pt\/","title":{"rendered":"\u00cdman de resina. P\u00e1tio. Moj\u00e1car."},"content":{"rendered":"<p>\u00cdman de resina com forma de leque que presta homenagem ao caracter\u00edstico p\u00e1tio de Moj\u00e1car. Esta encantadora recorda\u00e7\u00e3o capta a ess\u00eancia da cultura andaluza atrav\u00e9s de uma cena vibrante onde uma bailarina de flamenco, vestida com um espetacular traje de bolinhas vermelhas, exibe a sua arte com gra\u00e7a e alegria. Ao seu lado, um guitarrista acrescenta melodia \u00e0 atmosfera festiva, enquanto segura a sua guitarra com orgulho. O ambiente completa-se com um guarda-sol, elementos t\u00edpicos da vida andaluza, e vasos cheios de flores que conferem colorido \u00e0 composi\u00e7\u00e3o.<\/p>\n<p>O design do \u00edman destaca-se pelas suas cores vivas e pelos minuciosos detalhes pict\u00f3ricos, que evocam a beleza e a alegria dos p\u00e1tios de Moj\u00e1car, uma vila emblem\u00e1tica da Costa de Almeria. Este \u00edman n\u00e3o serve apenas como uma ferramenta pr\u00e1tica para manter as suas mem\u00f3rias \u00e0 vista, mas tamb\u00e9m atua como uma aut\u00eantica recorda\u00e7\u00e3o cultural que reflete a riqueza do folclore andaluz.<\/p>\n<p>Na Ol\u00e9 Mosaic, como grossistas de souvenirs, oferecemos este \u00edman de resina como uma op\u00e7\u00e3o ideal para lojas de presentes tur\u00edsticos. A sua autenticidade e liga\u00e7\u00e3o cultural tornam-no um presente perfeito para quem procura levar um pedacinho da Andaluzia para casa. Destacando-se no mercado de souvenirs de Moj\u00e1car, este artigo \u00e9 um testemunho visual do encanto andaluz que encantar\u00e1 os turistas.<\/p>\n","protected":false},"excerpt":{"rendered":"<p>\u00cdman com forma de leque que presta homenagem ao caracter\u00edstico p\u00e1tio de Moj\u00e1car. Esta colorida recorda\u00e7\u00e3o apresenta uma cena vibrante com uma bailarina de flamenco vestida com um traje de bolinhas vermelhas, um guitarrista e um guarda-sol, tudo rodeado de vasos com flores e um ambiente decorativo com mosaicos. O design destaca-se pelas suas cores vivas e pelos seus minuciosos detalhes pict\u00f3ricos que evocam a alegria e a cultura andaluzas. Ideal para recordar a beleza de Moj\u00e1car.<\/p>\n","protected":false},"featured_media":14069,"template":"","meta":{"_acf_changed":false},"product_brand":[],"product_cat":[699],"product_tag":[],"class_list":{"0":"post-37481","1":"product","2":"type-product","3":"status-publish","4":"has-post-thumbnail","6":"product_cat-imanes","7":"pa_ciudad-mojacar","8":"pa_motivo-patios","9":"pa_pais-espana","11":"first","12":"instock","13":"shipping-taxable","14":"product-type-simple"},"acf":[],"_links":{"self":[{"href":"https:\/\/olemosaic.com\/pt-pt\/wp-json\/wp\/v2\/product\/37481","targetHints":{"allow":["GET"]}}],"collection":[{"href":"https:\/\/olemosaic.com\/pt-pt\/wp-json\/wp\/v2\/product"}],"about":[{"href":"https:\/\/olemosaic.com\/pt-pt\/wp-json\/wp\/v2\/types\/product"}],"wp:featuredmedia":[{"embeddable":true,"href":"https:\/\/olemosaic.com\/pt-pt\/wp-json\/wp\/v2\/media\/14069"}],"wp:attachment":[{"href":"https:\/\/olemosaic.com\/pt-pt\/wp-json\/wp\/v2\/media?parent=37481"}],"wp:term":[{"taxonomy":"product_brand","embeddable":true,"href":"https:\/\/olemosaic.com\/pt-pt\/wp-json\/wp\/v2\/product_brand?post=37481"},{"taxonomy":"product_cat","embeddable":true,"href":"https:\/\/olemosaic.com\/pt-pt\/wp-json\/wp\/v2\/product_cat?post=37481"},{"taxonomy":"product_tag","embeddable":true,"href":"https:\/\/olemosaic.com\/pt-pt\/wp-json\/wp\/v2\/product_tag?post=37481"}],"curies":[{"name":"wp","href":"https:\/\/api.w.org\/{rel}","templated":true}]}}